{"id":1803,"date":"2022-07-04T12:13:43","date_gmt":"2022-07-04T10:13:43","guid":{"rendered":"https:\/\/rudolf-rost.de\/?page_id=1803"},"modified":"2022-08-10T17:54:34","modified_gmt":"2022-08-10T15:54:34","slug":"kompetenzen","status":"publish","type":"page","link":"https:\/\/www.rudolf-rost.de\/de\/profil\/kompetenzen\/","title":{"rendered":"Kompetenzen"},"content":{"rendered":"<section class=\"wpb-content-wrapper\"><div class=\"vc_row wpb_row vc_row-fluid\"><div class=\"wpb_column vc_column_container vc_col-sm-12\"><div class=\"vc_column-inner\"><div class=\"wpb_wrapper\"><div class=\"ult-spacer spacer-69f16f165f307\" data-id=\"69f16f165f307\" data-height=\"150\" data-height-mobile=\"50\" data-height-tab=\"100\" data-height-tab-portrait=\"100\" data-height-mobile-landscape=\"50\" style=\"clear:both;display:block;\"><\/div><div class=\"vc_row wpb_row vc_inner vc_row-fluid\"><div class=\"wpb_column vc_column_container vc_col-sm-2\"><div class=\"vc_column-inner\"><div class=\"wpb_wrapper\"><\/div><\/div><\/div><div class=\"wpb_column vc_column_container vc_col-sm-8\"><div class=\"vc_column-inner\"><div class=\"wpb_wrapper\"><h3 style=\"font-size: 26px;color: #0d8161;line-height: 36px;text-align: center\" class=\"vc_custom_heading\" >VON DER IDEE BIS ZUR SERIENREIFE<\/h3>\n\t<div class=\"wpb_text_column wpb_content_element \" >\n\t\t<div class=\"wpb_wrapper\">\n\t\t\t<p style=\"text-align: center;\">Unser Unternehmen zeichnet sich durch effizientes Projektmanagement, technische Kompetenz sowie hochtechnologische Fertigungsstandorte aus. Wir stehen unseren Kunden von der ersten Idee \u00fcber die Zertifizierung bis hin zur Serienreife partnerschaftlich zur Seite und bringen unsere mehr als 50-j\u00e4hrigen Erfahrungen ein.<\/p>\n\n\t\t<\/div>\n\t<\/div>\n<\/div><\/div><\/div><div class=\"wpb_column vc_column_container vc_col-sm-2\"><div class=\"vc_column-inner\"><div class=\"wpb_wrapper\"><\/div><\/div><\/div><\/div><div class=\"ult-spacer spacer-69f16f165fef3\" data-id=\"69f16f165fef3\" data-height=\"150\" data-height-mobile=\"50\" data-height-tab=\"100\" data-height-tab-portrait=\"100\" data-height-mobile-landscape=\"50\" style=\"clear:both;display:block;\"><\/div><\/div><\/div><\/div><\/div><div data-vc-full-width=\"true\" data-vc-full-width-init=\"false\" data-vc-stretch-content=\"true\" class=\"vc_row wpb_row vc_row-fluid vc_custom_1659389998771 vc_row-has-fill vc_row-o-equal-height vc_row-o-content-middle vc_row-flex\"><div class=\"wpb_column vc_column_container vc_col-sm-2\/5 vc_col-has-fill\"><div class=\"vc_column-inner vc_custom_1656961167644\"><div class=\"wpb_wrapper\"><div class=\"ult-spacer spacer-69f16f166165d\" data-id=\"69f16f166165d\" data-height=\"\" data-height-mobile=\"250\" data-height-tab=\"250\" data-height-tab-portrait=\"250\" data-height-mobile-landscape=\"250\" style=\"clear:both;display:block;\"><\/div><\/div><\/div><\/div><div class=\"wpb_animate_when_almost_visible wpb_fadeInRight fadeInRight wpb_column vc_column_container vc_col-sm-3\/5\"><div class=\"vc_column-inner\"><div class=\"wpb_wrapper\"><div class=\"vc_row wpb_row vc_inner vc_row-fluid mobile-text-left\"><div class=\"wpb_column vc_column_container vc_col-sm-2\"><div class=\"vc_column-inner\"><div class=\"wpb_wrapper\"><\/div><\/div><\/div><div class=\"wpb_column vc_column_container vc_col-sm-8\"><div class=\"vc_column-inner\"><div class=\"wpb_wrapper\"><div class=\"ult-spacer spacer-69f16f1662421\" data-id=\"69f16f1662421\" data-height=\"150\" data-height-mobile=\"40\" data-height-tab=\"\" data-height-tab-portrait=\"\" data-height-mobile-landscape=\"40\" style=\"clear:both;display:block;\"><\/div><div class=\"ult-just-icon-wrapper   vc_custom_1657465939728\"><div class=\"align-icon\" style=\"text-align:left;\">\n<div class=\"aio-icon-img \" style=\"font-size:32px;display:inline-block;\" data-animation=\"fadeIn\" data-animation-delay=\"03\">\n\t<img decoding=\"async\" class=\"img-icon\" alt=\"null\" src=\"https:\/\/www.rudolf-rost.de\/wp-content\/uploads\/2022\/07\/rr_icons_kompetenz_projektmanagement.png\"\/>\n<\/div><\/div><\/div><h4 style=\"font-size: 20px;line-height: 20px;text-align: left\" class=\"vc_custom_heading\" >PROJEKTMANAGEMENT<\/h4>\n\t<div class=\"wpb_text_column wpb_content_element \" >\n\t\t<div class=\"wpb_wrapper\">\n\t\t\t<p style=\"text-align: left;\">Durch jahrzehntelange Erfahrung und Kompetenz in der Abwicklung von Gro\u00dfprojekten im Schienenfahrzeug- und Schiffbau haben wir ein effizientes Projektmanagement aufgebaut. Die Referenzen beweisen, dass durch eine partnerschaftliche Zusammenarbeit mit unseren Kunden und die Bereitstellung von internen Ressourcen durch Organisation, IT\/Technik und Methodik eine m\u00e4ngelfreie Projektumsetzung erm\u00f6glicht wird.<\/p>\n\n\t\t<\/div>\n\t<\/div>\n<div class=\"ult-spacer spacer-69f16f166326c\" data-id=\"69f16f166326c\" data-height=\"150\" data-height-mobile=\"40\" data-height-tab=\"\" data-height-tab-portrait=\"\" data-height-mobile-landscape=\"40\" style=\"clear:both;display:block;\"><\/div><\/div><\/div><\/div><div class=\"wpb_column vc_column_container vc_col-sm-2\"><div class=\"vc_column-inner\"><div class=\"wpb_wrapper\"><\/div><\/div><\/div><\/div><\/div><\/div><\/div><\/div><div class=\"vc_row-full-width vc_clearfix\"><\/div><div data-vc-full-width=\"true\" data-vc-full-width-init=\"false\" data-vc-stretch-content=\"true\" class=\"vc_row wpb_row vc_row-fluid vc_custom_1659390211410 vc_row-o-equal-height vc_row-o-content-middle vc_row-flex\"><div class=\"wpb_animate_when_almost_visible wpb_fadeInLeft fadeInLeft wpb_column vc_column_container vc_col-sm-3\/5\"><div class=\"vc_column-inner\"><div class=\"wpb_wrapper\"><div class=\"vc_row wpb_row vc_inner vc_row-fluid mobile-text-left\"><div class=\"wpb_column vc_column_container vc_col-sm-2\"><div class=\"vc_column-inner\"><div class=\"wpb_wrapper\"><\/div><\/div><\/div><div class=\"wpb_column vc_column_container vc_col-sm-8\"><div class=\"vc_column-inner\"><div class=\"wpb_wrapper\"><div class=\"ult-spacer spacer-69f16f1663d88\" data-id=\"69f16f1663d88\" data-height=\"100\" data-height-mobile=\"40\" data-height-tab=\"\" data-height-tab-portrait=\"\" data-height-mobile-landscape=\"40\" style=\"clear:both;display:block;\"><\/div><div class=\"ult-just-icon-wrapper   vc_custom_1657465966018\"><div class=\"align-icon\" style=\"text-align:left;\">\n<div class=\"aio-icon-img \" style=\"font-size:32px;display:inline-block;\" data-animation=\"fadeIn\" data-animation-delay=\"03\">\n\t<img decoding=\"async\" class=\"img-icon\" alt=\"null\" src=\"https:\/\/www.rudolf-rost.de\/wp-content\/uploads\/2022\/07\/rr_icons_kompetenz_produktion.png\"\/>\n<\/div><\/div><\/div><h4 style=\"font-size: 20px;line-height: 20px;text-align: left\" class=\"vc_custom_heading\" >FERTIGUNG<\/h4>\n\t<div class=\"wpb_text_column wpb_content_element \" >\n\t\t<div class=\"wpb_wrapper\">\n\t\t\t<p>An unseren Fertigungsstandorten stellen wir Produkte sowie Systemkomponenten gem\u00e4\u00df zertifizierten Qualit\u00e4tsstandards (DIN EN ISO 9001) her. Kompetente und erfahrene Mitarbeiter, ein umfangreicher, pr\u00e4ziser Maschinenpark und das Verst\u00e4ndnis f\u00fcr einen kontinuierlichen Verbesserungsprozess stehen hier zur Verf\u00fcgung. Hier ein Auszug unserer Fertigungsleistung:<\/p>\n<ul style=\"list-style-type: square;\">\n<li>Fu\u00dfb\u00f6den mit Schalld\u00e4mmung oder Heizung<\/li>\n<li>Luftkan\u00e4le mit Steuerung<\/li>\n<li>3-D Formteile<\/li>\n<li>PU-Kantenschutz<\/li>\n<li>Klebtechnische Prozesse nach DIN 6701-2 Klasse A1\u00a0sowie Lackierungen<\/li>\n<li>Brandschutzw\u00e4nde und -decken<\/li>\n<li>CAD\/CNC<\/li>\n<\/ul>\n\n\t\t<\/div>\n\t<\/div>\n<div class=\"ult-spacer spacer-69f16f16649fa\" data-id=\"69f16f16649fa\" data-height=\"100\" data-height-mobile=\"40\" data-height-tab=\"\" data-height-tab-portrait=\"\" data-height-mobile-landscape=\"40\" style=\"clear:both;display:block;\"><\/div><\/div><\/div><\/div><div class=\"wpb_column vc_column_container vc_col-sm-2\"><div class=\"vc_column-inner\"><div class=\"wpb_wrapper\"><\/div><\/div><\/div><\/div><\/div><\/div><\/div><div class=\"wpb_column vc_column_container vc_col-sm-2\/5 vc_col-has-fill\"><div class=\"vc_column-inner vc_custom_1656961179629\"><div class=\"wpb_wrapper\"><div class=\"ult-spacer spacer-69f16f1664de0\" data-id=\"69f16f1664de0\" data-height=\"\" data-height-mobile=\"250\" data-height-tab=\"250\" data-height-tab-portrait=\"250\" data-height-mobile-landscape=\"250\" style=\"clear:both;display:block;\"><\/div><\/div><\/div><\/div><\/div><div class=\"vc_row-full-width vc_clearfix\"><\/div><!-- Row Backgrounds --><div class=\"upb_color\" data-bg-override=\"ex-full\" data-bg-color=\"#ffffff\" data-fadeout=\"\" data-fadeout-percentage=\"30\" data-parallax-content=\"\" data-parallax-content-sense=\"30\" data-row-effect-mobile-disable=\"true\" data-img-parallax-mobile-disable=\"true\" data-rtl=\"false\"  data-custom-vc-row=\"\"  data-vc=\"6.13.0\"  data-is_old_vc=\"\"  data-theme-support=\"\"   data-overlay=\"false\" data-overlay-color=\"\" data-overlay-pattern=\"\" data-overlay-pattern-opacity=\"\" data-overlay-pattern-size=\"\"    ><\/div><div class=\"vc_row wpb_row vc_row-fluid\"><div class=\"wpb_column vc_column_container vc_col-sm-12\"><div class=\"vc_column-inner\"><div class=\"wpb_wrapper\"><div class=\"ult-spacer spacer-69f16f166570c\" data-id=\"69f16f166570c\" data-height=\"0\" data-height-mobile=\"50\" data-height-tab=\"\" data-height-tab-portrait=\"\" data-height-mobile-landscape=\"50\" style=\"clear:both;display:block;\"><\/div><\/div><\/div><\/div><\/div><div data-vc-full-width=\"true\" data-vc-full-width-init=\"false\" data-vc-stretch-content=\"true\" class=\"vc_row wpb_row vc_row-fluid vc_custom_1658309175394 vc_row-has-fill vc_row-o-equal-height vc_row-o-content-middle vc_row-flex\"><div class=\"wpb_column vc_column_container vc_col-sm-2\/5 vc_col-has-fill\"><div class=\"vc_column-inner vc_custom_1656961192783\"><div class=\"wpb_wrapper\"><div class=\"ult-spacer spacer-69f16f16659ee\" data-id=\"69f16f16659ee\" data-height=\"\" data-height-mobile=\"250\" data-height-tab=\"250\" data-height-tab-portrait=\"250\" data-height-mobile-landscape=\"250\" style=\"clear:both;display:block;\"><\/div><\/div><\/div><\/div><div class=\"wpb_animate_when_almost_visible wpb_fadeInRight fadeInRight wpb_column vc_column_container vc_col-sm-3\/5\"><div class=\"vc_column-inner\"><div class=\"wpb_wrapper\"><div class=\"vc_row wpb_row vc_inner vc_row-fluid mobile-text-left\"><div class=\"wpb_column vc_column_container vc_col-sm-2\"><div class=\"vc_column-inner\"><div class=\"wpb_wrapper\"><\/div><\/div><\/div><div class=\"wpb_column vc_column_container vc_col-sm-8\"><div class=\"vc_column-inner\"><div class=\"wpb_wrapper\"><div class=\"ult-spacer spacer-69f16f1665d73\" data-id=\"69f16f1665d73\" data-height=\"100\" data-height-mobile=\"40\" data-height-tab=\"\" data-height-tab-portrait=\"\" data-height-mobile-landscape=\"40\" style=\"clear:both;display:block;\"><\/div><div class=\"ult-just-icon-wrapper   vc_custom_1658309197598\"><div class=\"align-icon\" style=\"text-align:left;\">\n<div class=\"aio-icon-img \" style=\"font-size:28px;display:inline-block;\" data-animation=\"fadeIn\" data-animation-delay=\"03\">\n\t<img decoding=\"async\" class=\"img-icon\" alt=\"null\" src=\"https:\/\/www.rudolf-rost.de\/wp-content\/uploads\/2022\/07\/rr_icons_kompetenz_entwicklung.png\"\/>\n<\/div><\/div><\/div><h4 style=\"font-size: 20px;line-height: 20px;text-align: left\" class=\"vc_custom_heading\" >ENTWICKLUNG<\/h4>\n\t<div class=\"wpb_text_column wpb_content_element \" >\n\t\t<div class=\"wpb_wrapper\">\n\t\t\t<p>Um auch zuk\u00fcnftig die Anforderungen des Marktes erf\u00fcllen zu k\u00f6nnen, geh\u00f6rt die generelle Weiterentwicklung von Materialien und Produkten im Rahmen\u00a0 projektspezifischer Anforderungen zu unseren Kernkompetenzen. Die Umsetzung von gepr\u00fcften und freigegebenen Systemkomponenten gem\u00e4\u00df Kundenwunsch steht dabei im Vordergrund. Externe akkreditierte Pr\u00fcfinstitutionen geh\u00f6ren zu unserem Netzwerk und erg\u00e4nzen unser hauseigenes Pr\u00fcflabor. Folgende Produktvalidierungen sind beispielsweise m\u00f6glich:<\/p>\n<ul style=\"list-style-type: square;\">\n<li>Dynamische Eigenschaften<\/li>\n<li>E Modul (3-Punkt \/ 4-Punkt)<\/li>\n<li>Klebtechnische Eigenschaften<\/li>\n<\/ul>\n\n\t\t<\/div>\n\t<\/div>\n<div class=\"ult-spacer spacer-69f16f16668e4\" data-id=\"69f16f16668e4\" data-height=\"100\" data-height-mobile=\"40\" data-height-tab=\"\" data-height-tab-portrait=\"\" data-height-mobile-landscape=\"40\" style=\"clear:both;display:block;\"><\/div><\/div><\/div><\/div><div class=\"wpb_column vc_column_container vc_col-sm-2\"><div class=\"vc_column-inner\"><div class=\"wpb_wrapper\"><\/div><\/div><\/div><\/div><\/div><\/div><\/div><\/div><div class=\"vc_row-full-width vc_clearfix\"><\/div><div class=\"vc_row wpb_row vc_row-fluid\"><div class=\"wpb_column vc_column_container vc_col-sm-12\"><div class=\"vc_column-inner\"><div class=\"wpb_wrapper\"><div class=\"ult-spacer spacer-69f16f1666e57\" data-id=\"69f16f1666e57\" data-height=\"200\" data-height-mobile=\"100\" data-height-tab=\"\" data-height-tab-portrait=\"\" data-height-mobile-landscape=\"100\" style=\"clear:both;display:block;\"><\/div><\/div><\/div><\/div><\/div>\n<\/section>","protected":false},"excerpt":{"rendered":"VON DER IDEE BIS ZUR SERIENREIFE Unser Unternehmen zeichnet sich durch effizientes Projektmanagement, technische Kompetenz sowie hochtechnologische Fertigungsstandorte aus. Wir stehen unseren Kunden von der ersten Idee \u00fcber die Zertifizierung bis hin zur Serienreife partnerschaftlich zur Seite und bringen unsere mehr als 50-j\u00e4hrigen Erfahrungen ein. PROJEKTMANAGEMENT Durch jahrzehntelange Erfahrung und Kompetenz in der Abwicklung von [...]","protected":false},"author":1,"featured_media":0,"parent":379,"menu_order":0,"comment_status":"closed","ping_status":"closed","template":"page.php","meta":{"_acf_changed":false,"iawp_total_views":592,"footnotes":""},"folder":[23],"class_list":["post-1803","page","type-page","status-publish","hentry"],"acf":[],"yoast_head":"<!-- This site is optimized with the Yoast SEO plugin v26.6 - https:\/\/yoast.com\/wordpress\/plugins\/seo\/ -->\n<title>Rudolf Rost Sperrholz GmbH | Kompetenzen<\/title>\n<meta name=\"robots\" content=\"index, follow, max-snippet:-1, max-image-preview:large, max-video-preview:-1\" \/>\n<link rel=\"canonical\" href=\"https:\/\/www.rudolf-rost.de\/de\/profil\/kompetenzen\/\" \/>\n<meta property=\"og:locale\" content=\"de_DE\" \/>\n<meta property=\"og:type\" content=\"article\" \/>\n<meta property=\"og:title\" content=\"Rudolf Rost Sperrholz GmbH | Kompetenzen\" \/>\n<meta property=\"og:url\" content=\"https:\/\/www.rudolf-rost.de\/de\/profil\/kompetenzen\/\" \/>\n<meta property=\"og:site_name\" content=\"Rudolf Rost Sperrholz GmbH\" \/>\n<meta property=\"article:modified_time\" content=\"2022-08-10T15:54:34+00:00\" \/>\n<meta name=\"twitter:card\" content=\"summary_large_image\" \/>\n<meta name=\"twitter:label1\" content=\"Gesch\u00e4tzte Lesezeit\" \/>\n\t<meta name=\"twitter:data1\" content=\"3\u00a0Minuten\" \/>\n<script type=\"application\/ld+json\" class=\"yoast-schema-graph\">{\"@context\":\"https:\/\/schema.org\",\"@graph\":[{\"@type\":\"WebPage\",\"@id\":\"https:\/\/www.rudolf-rost.de\/de\/profil\/kompetenzen\/\",\"url\":\"https:\/\/www.rudolf-rost.de\/de\/profil\/kompetenzen\/\",\"name\":\"Rudolf Rost Sperrholz GmbH | Kompetenzen\",\"isPartOf\":{\"@id\":\"https:\/\/www.rudolf-rost.de\/de\/#website\"},\"datePublished\":\"2022-07-04T10:13:43+00:00\",\"dateModified\":\"2022-08-10T15:54:34+00:00\",\"breadcrumb\":{\"@id\":\"https:\/\/www.rudolf-rost.de\/de\/profil\/kompetenzen\/#breadcrumb\"},\"inLanguage\":\"de\",\"potentialAction\":[{\"@type\":\"ReadAction\",\"target\":[\"https:\/\/www.rudolf-rost.de\/de\/profil\/kompetenzen\/\"]}]},{\"@type\":\"BreadcrumbList\",\"@id\":\"https:\/\/www.rudolf-rost.de\/de\/profil\/kompetenzen\/#breadcrumb\",\"itemListElement\":[{\"@type\":\"ListItem\",\"position\":1,\"name\":\"Startseite\",\"item\":\"https:\/\/www.rudolf-rost.de\/de\/\"},{\"@type\":\"ListItem\",\"position\":2,\"name\":\"Profil\",\"item\":\"https:\/\/www.rudolf-rost.de\/en\/profil\/\"},{\"@type\":\"ListItem\",\"position\":3,\"name\":\"Kompetenzen\"}]},{\"@type\":\"WebSite\",\"@id\":\"https:\/\/www.rudolf-rost.de\/de\/#website\",\"url\":\"https:\/\/www.rudolf-rost.de\/de\/\",\"name\":\"Rudolf Rost Sperrholz GmbH\",\"description\":\"Materials and Systems for Interiors\",\"publisher\":{\"@id\":\"https:\/\/www.rudolf-rost.de\/de\/#organization\"},\"potentialAction\":[{\"@type\":\"SearchAction\",\"target\":{\"@type\":\"EntryPoint\",\"urlTemplate\":\"https:\/\/www.rudolf-rost.de\/de\/?s={search_term_string}\"},\"query-input\":{\"@type\":\"PropertyValueSpecification\",\"valueRequired\":true,\"valueName\":\"search_term_string\"}}],\"inLanguage\":\"de\"},{\"@type\":\"Organization\",\"@id\":\"https:\/\/www.rudolf-rost.de\/de\/#organization\",\"name\":\"Rudolf Rost Sperrholz GmbH\",\"url\":\"https:\/\/www.rudolf-rost.de\/de\/\",\"logo\":{\"@type\":\"ImageObject\",\"inLanguage\":\"de\",\"@id\":\"https:\/\/www.rudolf-rost.de\/de\/#\/schema\/logo\/image\/\",\"url\":\"https:\/\/www.rudolf-rost.de\/wp-content\/uploads\/2022\/05\/cropped-rr_logo_250.png\",\"contentUrl\":\"https:\/\/www.rudolf-rost.de\/wp-content\/uploads\/2022\/05\/cropped-rr_logo_250.png\",\"width\":512,\"height\":512,\"caption\":\"Rudolf Rost Sperrholz GmbH\"},\"image\":{\"@id\":\"https:\/\/www.rudolf-rost.de\/de\/#\/schema\/logo\/image\/\"},\"sameAs\":[\"https:\/\/de.linkedin.com\/company\/rudolf-rost-sperrholz-gmbh\"]}]}<\/script>\n<!-- \/ Yoast SEO plugin. -->","yoast_head_json":{"title":"Rudolf Rost Sperrholz GmbH | Kompetenzen","robots":{"index":"index","follow":"follow","max-snippet":"max-snippet:-1","max-image-preview":"max-image-preview:large","max-video-preview":"max-video-preview:-1"},"canonical":"https:\/\/www.rudolf-rost.de\/de\/profil\/kompetenzen\/","og_locale":"de_DE","og_type":"article","og_title":"Rudolf Rost Sperrholz GmbH | Kompetenzen","og_url":"https:\/\/www.rudolf-rost.de\/de\/profil\/kompetenzen\/","og_site_name":"Rudolf Rost Sperrholz GmbH","article_modified_time":"2022-08-10T15:54:34+00:00","twitter_card":"summary_large_image","twitter_misc":{"Gesch\u00e4tzte Lesezeit":"3\u00a0Minuten"},"schema":{"@context":"https:\/\/schema.org","@graph":[{"@type":"WebPage","@id":"https:\/\/www.rudolf-rost.de\/de\/profil\/kompetenzen\/","url":"https:\/\/www.rudolf-rost.de\/de\/profil\/kompetenzen\/","name":"Rudolf Rost Sperrholz GmbH | Kompetenzen","isPartOf":{"@id":"https:\/\/www.rudolf-rost.de\/de\/#website"},"datePublished":"2022-07-04T10:13:43+00:00","dateModified":"2022-08-10T15:54:34+00:00","breadcrumb":{"@id":"https:\/\/www.rudolf-rost.de\/de\/profil\/kompetenzen\/#breadcrumb"},"inLanguage":"de","potentialAction":[{"@type":"ReadAction","target":["https:\/\/www.rudolf-rost.de\/de\/profil\/kompetenzen\/"]}]},{"@type":"BreadcrumbList","@id":"https:\/\/www.rudolf-rost.de\/de\/profil\/kompetenzen\/#breadcrumb","itemListElement":[{"@type":"ListItem","position":1,"name":"Startseite","item":"https:\/\/www.rudolf-rost.de\/de\/"},{"@type":"ListItem","position":2,"name":"Profil","item":"https:\/\/www.rudolf-rost.de\/en\/profil\/"},{"@type":"ListItem","position":3,"name":"Kompetenzen"}]},{"@type":"WebSite","@id":"https:\/\/www.rudolf-rost.de\/de\/#website","url":"https:\/\/www.rudolf-rost.de\/de\/","name":"Rudolf Rost Sperrholz GmbH","description":"Materials and Systems for Interiors","publisher":{"@id":"https:\/\/www.rudolf-rost.de\/de\/#organization"},"potentialAction":[{"@type":"SearchAction","target":{"@type":"EntryPoint","urlTemplate":"https:\/\/www.rudolf-rost.de\/de\/?s={search_term_string}"},"query-input":{"@type":"PropertyValueSpecification","valueRequired":true,"valueName":"search_term_string"}}],"inLanguage":"de"},{"@type":"Organization","@id":"https:\/\/www.rudolf-rost.de\/de\/#organization","name":"Rudolf Rost Sperrholz GmbH","url":"https:\/\/www.rudolf-rost.de\/de\/","logo":{"@type":"ImageObject","inLanguage":"de","@id":"https:\/\/www.rudolf-rost.de\/de\/#\/schema\/logo\/image\/","url":"https:\/\/www.rudolf-rost.de\/wp-content\/uploads\/2022\/05\/cropped-rr_logo_250.png","contentUrl":"https:\/\/www.rudolf-rost.de\/wp-content\/uploads\/2022\/05\/cropped-rr_logo_250.png","width":512,"height":512,"caption":"Rudolf Rost Sperrholz GmbH"},"image":{"@id":"https:\/\/www.rudolf-rost.de\/de\/#\/schema\/logo\/image\/"},"sameAs":["https:\/\/de.linkedin.com\/company\/rudolf-rost-sperrholz-gmbh"]}]}},"_links":{"self":[{"href":"https:\/\/www.rudolf-rost.de\/de\/wp-json\/wp\/v2\/pages\/1803","targetHints":{"allow":["GET"]}}],"collection":[{"href":"https:\/\/www.rudolf-rost.de\/de\/wp-json\/wp\/v2\/pages"}],"about":[{"href":"https:\/\/www.rudolf-rost.de\/de\/wp-json\/wp\/v2\/types\/page"}],"author":[{"embeddable":true,"href":"https:\/\/www.rudolf-rost.de\/de\/wp-json\/wp\/v2\/users\/1"}],"replies":[{"embeddable":true,"href":"https:\/\/www.rudolf-rost.de\/de\/wp-json\/wp\/v2\/comments?post=1803"}],"version-history":[{"count":84,"href":"https:\/\/www.rudolf-rost.de\/de\/wp-json\/wp\/v2\/pages\/1803\/revisions"}],"predecessor-version":[{"id":4197,"href":"https:\/\/www.rudolf-rost.de\/de\/wp-json\/wp\/v2\/pages\/1803\/revisions\/4197"}],"up":[{"embeddable":true,"href":"https:\/\/www.rudolf-rost.de\/de\/wp-json\/wp\/v2\/pages\/379"}],"wp:attachment":[{"href":"https:\/\/www.rudolf-rost.de\/de\/wp-json\/wp\/v2\/media?parent=1803"}],"wp:term":[{"taxonomy":"folder","embeddable":true,"href":"https:\/\/www.rudolf-rost.de\/de\/wp-json\/wp\/v2\/folder?post=1803"}],"curies":[{"name":"wp","href":"https:\/\/api.w.org\/{rel}","templated":true}]}}