{"id":2260,"date":"2022-07-06T15:23:37","date_gmt":"2022-07-06T13:23:37","guid":{"rendered":"https:\/\/rudolf-rost.de\/?page_id=2260"},"modified":"2025-08-20T10:54:36","modified_gmt":"2025-08-20T08:54:36","slug":"dokumente","status":"publish","type":"page","link":"https:\/\/www.rudolf-rost.de\/de\/dokumente\/","title":{"rendered":"Dokumente"},"content":{"rendered":"<section class=\"wpb-content-wrapper\"><div class=\"vc_row wpb_row vc_row-fluid\"><div class=\"wpb_column vc_column_container vc_col-sm-12\"><div class=\"vc_column-inner\"><div class=\"wpb_wrapper\"><div class=\"ult-spacer spacer-69f0d9a2ab9a3\" data-id=\"69f0d9a2ab9a3\" data-height=\"80\" data-height-mobile=\"80\" data-height-tab=\"80\" data-height-tab-portrait=\"\" data-height-mobile-landscape=\"\" style=\"clear:both;display:block;\"><\/div><\/div><\/div><\/div><\/div><div class=\"vc_row wpb_row vc_row-fluid wpb_animate_when_almost_visible wpb_fadeInUp fadeInUp\"><div class=\"wpb_column vc_column_container vc_col-sm-12\"><div class=\"vc_column-inner\"><div class=\"wpb_wrapper\"><div class=\"vc_row wpb_row vc_inner vc_row-fluid vc_custom_1658420585261 vc_row-has-fill vc_column-gap-5 vc_row-o-equal-height vc_row-o-content-bottom vc_row-flex\"><div class=\"wpb_column vc_column_container vc_col-sm-4\"><div class=\"vc_column-inner\"><div class=\"wpb_wrapper\">\n\t<div  class=\"wpb_single_image wpb_content_element vc_align_left\">\n\t\t\n\t\t<figure class=\"wpb_wrapper vc_figure\">\n\t\t\t<div class=\"vc_single_image-wrapper   vc_box_border_grey\"><img loading=\"lazy\" decoding=\"async\" width=\"198\" height=\"200\" src=\"https:\/\/www.rudolf-rost.de\/wp-content\/uploads\/2022\/07\/rr_dokument_agb-198x200.png\" class=\"vc_single_image-img attachment-download image\" alt=\"\" title=\"rr_dokument_agb\" srcset=\"https:\/\/www.rudolf-rost.de\/wp-content\/uploads\/2022\/07\/rr_dokument_agb-198x200.png 198w, https:\/\/www.rudolf-rost.de\/wp-content\/uploads\/2022\/07\/rr_dokument_agb-298x300.png 298w, https:\/\/www.rudolf-rost.de\/wp-content\/uploads\/2022\/07\/rr_dokument_agb-80x80.png 80w, https:\/\/www.rudolf-rost.de\/wp-content\/uploads\/2022\/07\/rr_dokument_agb.png 992w, https:\/\/www.rudolf-rost.de\/wp-content\/uploads\/2022\/07\/rr_dokument_agb-198x200@2x.png 396w, https:\/\/www.rudolf-rost.de\/wp-content\/uploads\/2022\/07\/rr_dokument_agb-298x300@2x.png 596w, https:\/\/www.rudolf-rost.de\/wp-content\/uploads\/2022\/07\/rr_dokument_agb-80x80@2x.png 160w\" sizes=\"auto, (max-width: 198px) 100vw, 198px\" \/><\/div>\n\t\t<\/figure>\n\t<\/div>\n<\/div><\/div><\/div><div class=\"wpb_column vc_column_container vc_col-sm-4\"><div class=\"vc_column-inner\"><div class=\"wpb_wrapper\">\n\t<div class=\"wpb_text_column wpb_content_element \" >\n\t\t<div class=\"wpb_wrapper\">\n\t\t\t<h5>ALLGEMEINE GESCH\u00c4FTSBEDINGUNGEN<\/h5>\n<p>der Rudolf Rost Sperrholz GmbH<\/p>\n\n\t\t<\/div>\n\t<\/div>\n<\/div><\/div><\/div><div class=\"wpb_column vc_column_container vc_col-sm-4\"><div class=\"vc_column-inner\"><div class=\"wpb_wrapper\"><div class=\"ult-just-icon-wrapper  \"><div class=\"align-icon\" style=\"text-align:left;\">\n<div class=\"aio-icon none \"  style=\"color:#595959;font-size:14px;\">\n\t<i class=\"Defaults-file-pdf-o\"><\/i>\n<\/div><\/div><\/div>\n\t<div class=\"wpb_text_column wpb_content_element \" >\n\t\t<div class=\"wpb_wrapper\">\n\t\t\t<p>Allgemeine Gesch\u00e4ftsbedingungen<\/p>\n\n\t\t<\/div>\n\t<\/div>\n<div class=\"vc_btn3-container vc_btn3-left\" ><a class=\"vc_general vc_btn3 vc_btn3-size-xs vc_btn3-shape-square vc_btn3-style-flat vc_btn3-icon-left vc_btn3-color-grey\" href=\"https:\/\/www.rudolf-rost.de\/wp-content\/uploads\/2025\/08\/DK_AGB_2025.pdf\" title=\"Allgemeine Gesch\u00e4ftsbedingungen\" target=\"_blank\"><i class=\"vc_btn3-icon fas fa-download\"><\/i> HERUNTERLADEN<\/a><\/div><\/div><\/div><\/div><\/div><div class=\"vc_row wpb_row vc_inner vc_row-fluid vc_custom_1658420622285 vc_row-has-fill vc_column-gap-5 vc_row-o-equal-height vc_row-o-content-bottom vc_row-flex\"><div class=\"wpb_column vc_column_container vc_col-sm-4\"><div class=\"vc_column-inner\"><div class=\"wpb_wrapper\">\n\t<div  class=\"wpb_single_image wpb_content_element vc_align_left\">\n\t\t\n\t\t<figure class=\"wpb_wrapper vc_figure\">\n\t\t\t<div class=\"vc_single_image-wrapper   vc_box_border_grey\"><img loading=\"lazy\" decoding=\"async\" width=\"198\" height=\"200\" src=\"https:\/\/www.rudolf-rost.de\/wp-content\/uploads\/2022\/07\/rr_dokument_vorschriften-198x200.png\" class=\"vc_single_image-img attachment-download image\" alt=\"\" title=\"rr_dokument_vorschriften\" srcset=\"https:\/\/www.rudolf-rost.de\/wp-content\/uploads\/2022\/07\/rr_dokument_vorschriften-198x200.png 198w, https:\/\/www.rudolf-rost.de\/wp-content\/uploads\/2022\/07\/rr_dokument_vorschriften-298x300.png 298w, https:\/\/www.rudolf-rost.de\/wp-content\/uploads\/2022\/07\/rr_dokument_vorschriften-80x80.png 80w, https:\/\/www.rudolf-rost.de\/wp-content\/uploads\/2022\/07\/rr_dokument_vorschriften.png 992w, https:\/\/www.rudolf-rost.de\/wp-content\/uploads\/2022\/07\/rr_dokument_vorschriften-198x200@2x.png 396w, https:\/\/www.rudolf-rost.de\/wp-content\/uploads\/2022\/07\/rr_dokument_vorschriften-298x300@2x.png 596w, https:\/\/www.rudolf-rost.de\/wp-content\/uploads\/2022\/07\/rr_dokument_vorschriften-80x80@2x.png 160w\" sizes=\"auto, (max-width: 198px) 100vw, 198px\" \/><\/div>\n\t\t<\/figure>\n\t<\/div>\n<\/div><\/div><\/div><div class=\"wpb_column vc_column_container vc_col-sm-4\"><div class=\"vc_column-inner\"><div class=\"wpb_wrapper\">\n\t<div class=\"wpb_text_column wpb_content_element \" >\n\t\t<div class=\"wpb_wrapper\">\n\t\t\t<h5>VORSCHRIFTEN<\/h5>\n<p>f\u00fcr Lagerung und interne Transporte<\/p>\n\n\t\t<\/div>\n\t<\/div>\n<\/div><\/div><\/div><div class=\"wpb_column vc_column_container vc_col-sm-4\"><div class=\"vc_column-inner\"><div class=\"wpb_wrapper\"><div class=\"ult-just-icon-wrapper  \"><div class=\"align-icon\" style=\"text-align:left;\">\n<div class=\"aio-icon none \"  style=\"color:#595959;font-size:14px;\">\n\t<i class=\"Defaults-file-pdf-o\"><\/i>\n<\/div><\/div><\/div>\n\t<div class=\"wpb_text_column wpb_content_element \" >\n\t\t<div class=\"wpb_wrapper\">\n\t\t\t<p>Vorschriften f\u00fcr Lagerung und interne Transporte (Version 1.1)<\/p>\n\n\t\t<\/div>\n\t<\/div>\n<div class=\"vc_btn3-container vc_btn3-left\" ><a class=\"vc_general vc_btn3 vc_btn3-size-xs vc_btn3-shape-square vc_btn3-style-flat vc_btn3-icon-left vc_btn3-color-grey\" href=\"https:\/\/www.rudolf-rost.de\/wp-content\/uploads\/2025\/08\/Vorschriften-Lagerung-und-interner-Transport-1.pdf\" title=\"Vorschriften zur Lagerung und interne Transporte\" target=\"_blank\"><i class=\"vc_btn3-icon fas fa-download\"><\/i> HERUNTERLADEN<\/a><\/div><\/div><\/div><\/div><\/div><div class=\"vc_row wpb_row vc_inner vc_row-fluid vc_custom_1658420622285 vc_row-has-fill vc_column-gap-5 vc_row-o-equal-height vc_row-o-content-bottom vc_row-flex\"><div class=\"wpb_column vc_column_container vc_col-sm-4\"><div class=\"vc_column-inner\"><div class=\"wpb_wrapper\">\n\t<div  class=\"wpb_single_image wpb_content_element vc_align_left\">\n\t\t\n\t\t<figure class=\"wpb_wrapper vc_figure\">\n\t\t\t<div class=\"vc_single_image-wrapper   vc_box_border_grey\"><img loading=\"lazy\" decoding=\"async\" width=\"198\" height=\"200\" src=\"https:\/\/www.rudolf-rost.de\/wp-content\/uploads\/2022\/07\/rr_dokument_vorschriften-198x200.png\" class=\"vc_single_image-img attachment-download image\" alt=\"\" title=\"rr_dokument_vorschriften\" srcset=\"https:\/\/www.rudolf-rost.de\/wp-content\/uploads\/2022\/07\/rr_dokument_vorschriften-198x200.png 198w, https:\/\/www.rudolf-rost.de\/wp-content\/uploads\/2022\/07\/rr_dokument_vorschriften-298x300.png 298w, https:\/\/www.rudolf-rost.de\/wp-content\/uploads\/2022\/07\/rr_dokument_vorschriften-80x80.png 80w, https:\/\/www.rudolf-rost.de\/wp-content\/uploads\/2022\/07\/rr_dokument_vorschriften.png 992w, https:\/\/www.rudolf-rost.de\/wp-content\/uploads\/2022\/07\/rr_dokument_vorschriften-198x200@2x.png 396w, https:\/\/www.rudolf-rost.de\/wp-content\/uploads\/2022\/07\/rr_dokument_vorschriften-298x300@2x.png 596w, https:\/\/www.rudolf-rost.de\/wp-content\/uploads\/2022\/07\/rr_dokument_vorschriften-80x80@2x.png 160w\" sizes=\"auto, (max-width: 198px) 100vw, 198px\" \/><\/div>\n\t\t<\/figure>\n\t<\/div>\n<\/div><\/div><\/div><div class=\"wpb_column vc_column_container vc_col-sm-4\"><div class=\"vc_column-inner\"><div class=\"wpb_wrapper\">\n\t<div class=\"wpb_text_column wpb_content_element \" >\n\t\t<div class=\"wpb_wrapper\">\n\t\t\t<h5>DATENSCHUTZERKL\u00c4RUNG<\/h5>\n<p>f\u00fcr die Speicherung und Verarbeitung von Personenbezogenen Daten<\/p>\n\n\t\t<\/div>\n\t<\/div>\n<\/div><\/div><\/div><div class=\"wpb_column vc_column_container vc_col-sm-4\"><div class=\"vc_column-inner\"><div class=\"wpb_wrapper\"><div class=\"ult-just-icon-wrapper  \"><div class=\"align-icon\" style=\"text-align:left;\">\n<div class=\"aio-icon none \"  style=\"color:#595959;font-size:14px;\">\n\t<i class=\"Defaults-file-pdf-o\"><\/i>\n<\/div><\/div><\/div>\n\t<div class=\"wpb_text_column wpb_content_element \" >\n\t\t<div class=\"wpb_wrapper\">\n\t\t\t<p>Datenschutzerkl\u00e4rung (Version 1.0)<\/p>\n\n\t\t<\/div>\n\t<\/div>\n<div class=\"vc_btn3-container vc_btn3-left\" ><a class=\"vc_general vc_btn3 vc_btn3-size-xs vc_btn3-shape-square vc_btn3-style-flat vc_btn3-icon-left vc_btn3-color-grey\" href=\"https:\/\/www.rudolf-rost.de\/wp-content\/uploads\/2025\/08\/DK_Datenschutzerklaerung_Website-2024.pdf\" title=\"Datenschutzerkl\u00e4rung\" target=\"_blank\"><i class=\"vc_btn3-icon fas fa-download\"><\/i> HERUNTERLADEN<\/a><\/div><\/div><\/div><\/div><\/div><div class=\"vc_row wpb_row vc_inner vc_row-fluid vc_custom_1658420622285 vc_row-has-fill vc_column-gap-5 vc_row-o-equal-height vc_row-o-content-bottom vc_row-flex\"><div class=\"wpb_column vc_column_container vc_col-sm-4\"><div class=\"vc_column-inner\"><div class=\"wpb_wrapper\">\n\t<div  class=\"wpb_single_image wpb_content_element vc_align_left\">\n\t\t\n\t\t<figure class=\"wpb_wrapper vc_figure\">\n\t\t\t<div class=\"vc_single_image-wrapper   vc_box_border_grey\"><img loading=\"lazy\" decoding=\"async\" width=\"198\" height=\"200\" src=\"https:\/\/www.rudolf-rost.de\/wp-content\/uploads\/2022\/07\/rr_dokument_vorschriften-198x200.png\" class=\"vc_single_image-img attachment-download image\" alt=\"\" title=\"rr_dokument_vorschriften\" srcset=\"https:\/\/www.rudolf-rost.de\/wp-content\/uploads\/2022\/07\/rr_dokument_vorschriften-198x200.png 198w, https:\/\/www.rudolf-rost.de\/wp-content\/uploads\/2022\/07\/rr_dokument_vorschriften-298x300.png 298w, https:\/\/www.rudolf-rost.de\/wp-content\/uploads\/2022\/07\/rr_dokument_vorschriften-80x80.png 80w, https:\/\/www.rudolf-rost.de\/wp-content\/uploads\/2022\/07\/rr_dokument_vorschriften.png 992w, https:\/\/www.rudolf-rost.de\/wp-content\/uploads\/2022\/07\/rr_dokument_vorschriften-198x200@2x.png 396w, https:\/\/www.rudolf-rost.de\/wp-content\/uploads\/2022\/07\/rr_dokument_vorschriften-298x300@2x.png 596w, https:\/\/www.rudolf-rost.de\/wp-content\/uploads\/2022\/07\/rr_dokument_vorschriften-80x80@2x.png 160w\" sizes=\"auto, (max-width: 198px) 100vw, 198px\" \/><\/div>\n\t\t<\/figure>\n\t<\/div>\n<\/div><\/div><\/div><div class=\"wpb_column vc_column_container vc_col-sm-4\"><div class=\"vc_column-inner\"><div class=\"wpb_wrapper\">\n\t<div class=\"wpb_text_column wpb_content_element \" >\n\t\t<div class=\"wpb_wrapper\">\n\t\t\t<h5>LIEFERANTENVERHALTENSKODEX<\/h5>\n<p>f\u00fcr verantwortungsvolles Handeln innerhalb der Lieferkette<\/p>\n\n\t\t<\/div>\n\t<\/div>\n<\/div><\/div><\/div><div class=\"wpb_column vc_column_container vc_col-sm-4\"><div class=\"vc_column-inner\"><div class=\"wpb_wrapper\"><div class=\"ult-just-icon-wrapper  \"><div class=\"align-icon\" style=\"text-align:left;\">\n<div class=\"aio-icon none \"  style=\"color:#595959;font-size:14px;\">\n\t<i class=\"Defaults-file-pdf-o\"><\/i>\n<\/div><\/div><\/div>\n\t<div class=\"wpb_text_column wpb_content_element \" >\n\t\t<div class=\"wpb_wrapper\">\n\t\t\t<p>Lieverantenverhaltenskodex (Version 1.0)<\/p>\n\n\t\t<\/div>\n\t<\/div>\n<div class=\"vc_btn3-container vc_btn3-left\" ><a class=\"vc_general vc_btn3 vc_btn3-size-xs vc_btn3-shape-square vc_btn3-style-flat vc_btn3-icon-left vc_btn3-color-grey\" href=\"https:\/\/www.rudolf-rost.de\/wp-content\/uploads\/2025\/02\/DK_Supplier_SCoC_Verhaltenskodex_DE_2024.pdf\" title=\"Verhaltenskodex\" target=\"_blank\"><i class=\"vc_btn3-icon fas fa-download\"><\/i> HERUNTERLADEN<\/a><\/div><\/div><\/div><\/div><\/div><\/div><\/div><\/div><\/div><div class=\"vc_row wpb_row vc_row-fluid\"><div class=\"wpb_column vc_column_container vc_col-sm-12\"><div class=\"vc_column-inner\"><div class=\"wpb_wrapper\"><div class=\"ult-spacer spacer-69f0d9a2b4f48\" data-id=\"69f0d9a2b4f48\" data-height=\"200\" data-height-mobile=\"200\" data-height-tab=\"200\" data-height-tab-portrait=\"\" data-height-mobile-landscape=\"\" style=\"clear:both;display:block;\"><\/div><\/div><\/div><\/div><\/div>\n<\/section>","protected":false},"excerpt":{"rendered":"ALLGEMEINE GESCH\u00c4FTSBEDINGUNGEN der Rudolf Rost Sperrholz GmbH Allgemeine Gesch\u00e4ftsbedingungen HERUNTERLADEN VORSCHRIFTEN f\u00fcr Lagerung und interne Transporte Vorschriften f\u00fcr Lagerung und interne Transporte (Version 1.1) HERUNTERLADEN DATENSCHUTZERKL\u00c4RUNG f\u00fcr die Speicherung und Verarbeitung von Personenbezogenen Daten Datenschutzerkl\u00e4rung (Version 1.0) HERUNTERLADEN LIEFERANTENVERHALTENSKODEX f\u00fcr verantwortungsvolles Handeln innerhalb der Lieferkette Lieverantenverhaltenskodex (Version 1.0) HERUNTERLADEN","protected":false},"author":1,"featured_media":0,"parent":0,"menu_order":0,"comment_status":"closed","ping_status":"closed","template":"page.php","meta":{"_acf_changed":false,"iawp_total_views":284,"footnotes":""},"folder":[25],"class_list":["post-2260","page","type-page","status-publish","hentry"],"acf":[],"yoast_head":"<!-- This site is optimized with the Yoast SEO plugin v26.6 - https:\/\/yoast.com\/wordpress\/plugins\/seo\/ -->\n<title>Rudolf Rost Sperrholz GmbH | Dokumente<\/title>\n<meta name=\"robots\" content=\"index, follow, max-snippet:-1, max-image-preview:large, max-video-preview:-1\" \/>\n<link rel=\"canonical\" href=\"https:\/\/www.rudolf-rost.de\/de\/dokumente\/\" \/>\n<meta property=\"og:locale\" content=\"de_DE\" \/>\n<meta property=\"og:type\" content=\"article\" \/>\n<meta property=\"og:title\" content=\"Rudolf Rost Sperrholz GmbH | Dokumente\" \/>\n<meta property=\"og:url\" content=\"https:\/\/www.rudolf-rost.de\/de\/dokumente\/\" \/>\n<meta property=\"og:site_name\" content=\"Rudolf Rost Sperrholz GmbH\" \/>\n<meta property=\"article:modified_time\" content=\"2025-08-20T08:54:36+00:00\" \/>\n<meta name=\"twitter:card\" content=\"summary_large_image\" \/>\n<meta name=\"twitter:label1\" content=\"Gesch\u00e4tzte Lesezeit\" \/>\n\t<meta name=\"twitter:data1\" content=\"2\u00a0Minuten\" \/>\n<script type=\"application\/ld+json\" class=\"yoast-schema-graph\">{\"@context\":\"https:\/\/schema.org\",\"@graph\":[{\"@type\":\"WebPage\",\"@id\":\"https:\/\/www.rudolf-rost.de\/de\/dokumente\/\",\"url\":\"https:\/\/www.rudolf-rost.de\/de\/dokumente\/\",\"name\":\"Rudolf Rost Sperrholz GmbH | Dokumente\",\"isPartOf\":{\"@id\":\"https:\/\/www.rudolf-rost.de\/de\/#website\"},\"datePublished\":\"2022-07-06T13:23:37+00:00\",\"dateModified\":\"2025-08-20T08:54:36+00:00\",\"breadcrumb\":{\"@id\":\"https:\/\/www.rudolf-rost.de\/de\/dokumente\/#breadcrumb\"},\"inLanguage\":\"de\",\"potentialAction\":[{\"@type\":\"ReadAction\",\"target\":[\"https:\/\/www.rudolf-rost.de\/de\/dokumente\/\"]}]},{\"@type\":\"BreadcrumbList\",\"@id\":\"https:\/\/www.rudolf-rost.de\/de\/dokumente\/#breadcrumb\",\"itemListElement\":[{\"@type\":\"ListItem\",\"position\":1,\"name\":\"Startseite\",\"item\":\"https:\/\/www.rudolf-rost.de\/de\/\"},{\"@type\":\"ListItem\",\"position\":2,\"name\":\"Dokumente\"}]},{\"@type\":\"WebSite\",\"@id\":\"https:\/\/www.rudolf-rost.de\/de\/#website\",\"url\":\"https:\/\/www.rudolf-rost.de\/de\/\",\"name\":\"Rudolf Rost Sperrholz GmbH\",\"description\":\"Materials and Systems for Interiors\",\"publisher\":{\"@id\":\"https:\/\/www.rudolf-rost.de\/de\/#organization\"},\"potentialAction\":[{\"@type\":\"SearchAction\",\"target\":{\"@type\":\"EntryPoint\",\"urlTemplate\":\"https:\/\/www.rudolf-rost.de\/de\/?s={search_term_string}\"},\"query-input\":{\"@type\":\"PropertyValueSpecification\",\"valueRequired\":true,\"valueName\":\"search_term_string\"}}],\"inLanguage\":\"de\"},{\"@type\":\"Organization\",\"@id\":\"https:\/\/www.rudolf-rost.de\/de\/#organization\",\"name\":\"Rudolf Rost Sperrholz GmbH\",\"url\":\"https:\/\/www.rudolf-rost.de\/de\/\",\"logo\":{\"@type\":\"ImageObject\",\"inLanguage\":\"de\",\"@id\":\"https:\/\/www.rudolf-rost.de\/de\/#\/schema\/logo\/image\/\",\"url\":\"https:\/\/www.rudolf-rost.de\/wp-content\/uploads\/2022\/05\/cropped-rr_logo_250.png\",\"contentUrl\":\"https:\/\/www.rudolf-rost.de\/wp-content\/uploads\/2022\/05\/cropped-rr_logo_250.png\",\"width\":512,\"height\":512,\"caption\":\"Rudolf Rost Sperrholz GmbH\"},\"image\":{\"@id\":\"https:\/\/www.rudolf-rost.de\/de\/#\/schema\/logo\/image\/\"},\"sameAs\":[\"https:\/\/de.linkedin.com\/company\/rudolf-rost-sperrholz-gmbh\"]}]}<\/script>\n<!-- \/ Yoast SEO plugin. -->","yoast_head_json":{"title":"Rudolf Rost Sperrholz GmbH | Dokumente","robots":{"index":"index","follow":"follow","max-snippet":"max-snippet:-1","max-image-preview":"max-image-preview:large","max-video-preview":"max-video-preview:-1"},"canonical":"https:\/\/www.rudolf-rost.de\/de\/dokumente\/","og_locale":"de_DE","og_type":"article","og_title":"Rudolf Rost Sperrholz GmbH | Dokumente","og_url":"https:\/\/www.rudolf-rost.de\/de\/dokumente\/","og_site_name":"Rudolf Rost Sperrholz GmbH","article_modified_time":"2025-08-20T08:54:36+00:00","twitter_card":"summary_large_image","twitter_misc":{"Gesch\u00e4tzte Lesezeit":"2\u00a0Minuten"},"schema":{"@context":"https:\/\/schema.org","@graph":[{"@type":"WebPage","@id":"https:\/\/www.rudolf-rost.de\/de\/dokumente\/","url":"https:\/\/www.rudolf-rost.de\/de\/dokumente\/","name":"Rudolf Rost Sperrholz GmbH | Dokumente","isPartOf":{"@id":"https:\/\/www.rudolf-rost.de\/de\/#website"},"datePublished":"2022-07-06T13:23:37+00:00","dateModified":"2025-08-20T08:54:36+00:00","breadcrumb":{"@id":"https:\/\/www.rudolf-rost.de\/de\/dokumente\/#breadcrumb"},"inLanguage":"de","potentialAction":[{"@type":"ReadAction","target":["https:\/\/www.rudolf-rost.de\/de\/dokumente\/"]}]},{"@type":"BreadcrumbList","@id":"https:\/\/www.rudolf-rost.de\/de\/dokumente\/#breadcrumb","itemListElement":[{"@type":"ListItem","position":1,"name":"Startseite","item":"https:\/\/www.rudolf-rost.de\/de\/"},{"@type":"ListItem","position":2,"name":"Dokumente"}]},{"@type":"WebSite","@id":"https:\/\/www.rudolf-rost.de\/de\/#website","url":"https:\/\/www.rudolf-rost.de\/de\/","name":"Rudolf Rost Sperrholz GmbH","description":"Materials and Systems for Interiors","publisher":{"@id":"https:\/\/www.rudolf-rost.de\/de\/#organization"},"potentialAction":[{"@type":"SearchAction","target":{"@type":"EntryPoint","urlTemplate":"https:\/\/www.rudolf-rost.de\/de\/?s={search_term_string}"},"query-input":{"@type":"PropertyValueSpecification","valueRequired":true,"valueName":"search_term_string"}}],"inLanguage":"de"},{"@type":"Organization","@id":"https:\/\/www.rudolf-rost.de\/de\/#organization","name":"Rudolf Rost Sperrholz GmbH","url":"https:\/\/www.rudolf-rost.de\/de\/","logo":{"@type":"ImageObject","inLanguage":"de","@id":"https:\/\/www.rudolf-rost.de\/de\/#\/schema\/logo\/image\/","url":"https:\/\/www.rudolf-rost.de\/wp-content\/uploads\/2022\/05\/cropped-rr_logo_250.png","contentUrl":"https:\/\/www.rudolf-rost.de\/wp-content\/uploads\/2022\/05\/cropped-rr_logo_250.png","width":512,"height":512,"caption":"Rudolf Rost Sperrholz GmbH"},"image":{"@id":"https:\/\/www.rudolf-rost.de\/de\/#\/schema\/logo\/image\/"},"sameAs":["https:\/\/de.linkedin.com\/company\/rudolf-rost-sperrholz-gmbh"]}]}},"_links":{"self":[{"href":"https:\/\/www.rudolf-rost.de\/de\/wp-json\/wp\/v2\/pages\/2260","targetHints":{"allow":["GET"]}}],"collection":[{"href":"https:\/\/www.rudolf-rost.de\/de\/wp-json\/wp\/v2\/pages"}],"about":[{"href":"https:\/\/www.rudolf-rost.de\/de\/wp-json\/wp\/v2\/types\/page"}],"author":[{"embeddable":true,"href":"https:\/\/www.rudolf-rost.de\/de\/wp-json\/wp\/v2\/users\/1"}],"replies":[{"embeddable":true,"href":"https:\/\/www.rudolf-rost.de\/de\/wp-json\/wp\/v2\/comments?post=2260"}],"version-history":[{"count":15,"href":"https:\/\/www.rudolf-rost.de\/de\/wp-json\/wp\/v2\/pages\/2260\/revisions"}],"predecessor-version":[{"id":4772,"href":"https:\/\/www.rudolf-rost.de\/de\/wp-json\/wp\/v2\/pages\/2260\/revisions\/4772"}],"wp:attachment":[{"href":"https:\/\/www.rudolf-rost.de\/de\/wp-json\/wp\/v2\/media?parent=2260"}],"wp:term":[{"taxonomy":"folder","embeddable":true,"href":"https:\/\/www.rudolf-rost.de\/de\/wp-json\/wp\/v2\/folder?post=2260"}],"curies":[{"name":"wp","href":"https:\/\/api.w.org\/{rel}","templated":true}]}}