{"id":2937,"date":"2022-07-18T09:48:01","date_gmt":"2022-07-18T07:48:01","guid":{"rendered":"https:\/\/rudolf-rost.de\/?page_id=2937"},"modified":"2025-01-14T10:44:04","modified_gmt":"2025-01-14T09:44:04","slug":"impressum","status":"publish","type":"page","link":"https:\/\/www.rudolf-rost.de\/de\/impressum\/","title":{"rendered":"Impressum"},"content":{"rendered":"<section class=\"wpb-content-wrapper\"><div class=\"vc_row wpb_row vc_row-fluid\"><div class=\"wpb_column vc_column_container vc_col-sm-12\"><div class=\"vc_column-inner\"><div class=\"wpb_wrapper\"><div class=\"ult-spacer spacer-69f349887318d\" data-id=\"69f349887318d\" data-height=\"80\" data-height-mobile=\"80\" data-height-tab=\"80\" data-height-tab-portrait=\"\" data-height-mobile-landscape=\"\" style=\"clear:both;display:block;\"><\/div><\/div><\/div><\/div><\/div><div class=\"vc_row wpb_row vc_row-fluid vc_row-o-content-middle vc_row-flex\"><div class=\"wpb_column vc_column_container vc_col-sm-12\"><div class=\"vc_column-inner\"><div class=\"wpb_wrapper\"><div class=\"vc_row wpb_row vc_inner vc_row-fluid\"><div class=\"wpb_column vc_column_container vc_col-sm-4\"><div class=\"vc_column-inner\"><div class=\"wpb_wrapper\">\n\t<div class=\"wpb_text_column wpb_content_element \" >\n\t\t<div class=\"wpb_wrapper\">\n\t\t\t<h5><span style=\"color: #0d8161;\">Verantwortlich<\/span><\/h5>\n<h6><\/h6>\n<h6>Rudolf Rost Sperrholz GmbH<\/h6>\n<p>Lohe 4<br \/>\n25462 Rellingen<\/p>\n<h6><span style=\"color: #9e9e9e;\">Gesch\u00e4ftsf\u00fchrung<\/span><\/h6>\n<p>Rebekka Roschning, Katja Rost, Dr. Werner Schnitzend\u00f6bel<\/p>\n<h6><span style=\"color: #9e9e9e;\">Kontakt<\/span><\/h6>\n<p>Telefon: 04101 5939-0<br \/>\nE-Mail: info@rudolf-rost.de<\/p>\n<h6><span style=\"color: #9e9e9e;\">Umsatzsteuer-ID<\/span><\/h6>\n<p>DE118593244<\/p>\n<h6><span style=\"color: #9e9e9e;\">Steuernummer<\/span><\/h6>\n<p>18.296.17151<\/p>\n<h6><span style=\"color: #9e9e9e;\">Handelsregister<\/span><\/h6>\n<p>Amtsregister Pinneberg HRB 4769<\/p>\n\n\t\t<\/div>\n\t<\/div>\n<\/div><\/div><\/div><div class=\"wpb_column vc_column_container vc_col-sm-4\"><div class=\"vc_column-inner\"><div class=\"wpb_wrapper\">\n\t<div class=\"wpb_text_column wpb_content_element \" >\n\t\t<div class=\"wpb_wrapper\">\n\t\t\t<h5><span style=\"color: #0d8161;\">Fertigungsbetrieb<\/span><\/h5>\n<h6>Rudolf Rost Interiors GmbH<\/h6>\n<p>Lohe 4<br \/>\n25462 Rellingen<\/p>\n<h6><span style=\"color: #9e9e9e;\">Kontakt<\/span><\/h6>\n<p>Telefon: 04101 5939-0<\/p>\n<h6><span style=\"color: #9e9e9e;\">Umsatzsteuer-ID<\/span><\/h6>\n<p>DE 141785149<\/p>\n<h6><span style=\"color: #9e9e9e;\">Steuernummer<\/span><\/h6>\n<p>18.296.17048<\/p>\n<h6><span style=\"color: #9e9e9e;\">Handelsregister<\/span><\/h6>\n<p>Amtsgericht Pinneberg HRB 4993<\/p>\n\n\t\t<\/div>\n\t<\/div>\n<\/div><\/div><\/div><div class=\"wpb_column vc_column_container vc_col-sm-4\"><div class=\"vc_column-inner\"><div class=\"wpb_wrapper\">\n\t<div class=\"wpb_text_column wpb_content_element \" >\n\t\t<div class=\"wpb_wrapper\">\n\t\t\t<h5><span style=\"color: #0d8161;\">Produktionsstandort<\/span><\/h5>\n<h6>Rudolf Rost Interiors GmbH<\/h6>\n<p>Flugstra\u00dfe 8<br \/>\n76532 Baden-Oos<\/p>\n<h6><span style=\"color: #9e9e9e;\">Gesch\u00e4ftsf\u00fchrung<\/span><\/h6>\n<p>Katja Rost, Rebekka Roschning<\/p>\n<h6><span style=\"color: #9e9e9e;\">Kontakt<\/span><\/h6>\n<p>Telefon: 07221 97119-66<\/p>\n\n\t\t<\/div>\n\t<\/div>\n<\/div><\/div><\/div><\/div><\/div><\/div><\/div><\/div><!-- Row Backgrounds --><div class=\"upb_color\" data-bg-override=\"0\" data-bg-color=\"#ffffff\" data-fadeout=\"\" data-fadeout-percentage=\"30\" data-parallax-content=\"\" data-parallax-content-sense=\"30\" data-row-effect-mobile-disable=\"true\" data-img-parallax-mobile-disable=\"true\" data-rtl=\"false\"  data-custom-vc-row=\"\"  data-vc=\"6.13.0\"  data-is_old_vc=\"\"  data-theme-support=\"\"   data-overlay=\"false\" data-overlay-color=\"\" data-overlay-pattern=\"\" data-overlay-pattern-opacity=\"\" data-overlay-pattern-size=\"\"    ><\/div><div class=\"vc_row wpb_row vc_row-fluid\"><div class=\"wpb_column vc_column_container vc_col-sm-12\"><div class=\"vc_column-inner\"><div class=\"wpb_wrapper\"><div class=\"ult-spacer spacer-69f3498875314\" data-id=\"69f3498875314\" data-height=\"50\" data-height-mobile=\"50\" data-height-tab=\"50\" data-height-tab-portrait=\"\" data-height-mobile-landscape=\"\" style=\"clear:both;display:block;\"><\/div><div class=\"vc_separator wpb_content_element vc_separator_align_center vc_sep_width_100 vc_sep_pos_align_center vc_separator_no_text vc_sep_color_grey\" ><span class=\"vc_sep_holder vc_sep_holder_l\"><span class=\"vc_sep_line\"><\/span><\/span><span class=\"vc_sep_holder vc_sep_holder_r\"><span class=\"vc_sep_line\"><\/span><\/span>\n<\/div><div class=\"ult-spacer spacer-69f349887551c\" data-id=\"69f349887551c\" data-height=\"80\" data-height-mobile=\"80\" data-height-tab=\"80\" data-height-tab-portrait=\"\" data-height-mobile-landscape=\"\" style=\"clear:both;display:block;\"><\/div><\/div><\/div><\/div><\/div><div class=\"vc_row wpb_row vc_row-fluid\"><div class=\"wpb_column vc_column_container vc_col-sm-12\"><div class=\"vc_column-inner\"><div class=\"wpb_wrapper\">\n\t<div class=\"wpb_text_column wpb_content_element \" >\n\t\t<div class=\"wpb_wrapper\">\n\t\t\t<h5><span style=\"color: #0d8161;\">Impressum gem\u00e4\u00df \u00a75 DDG, rechtliche Hinweise, allgemeine Informationen:<\/span><\/h5>\n<p>Da die Rudolf Rost Sperrholz GmbH \u00fcber keinerlei Kontrollm\u00f6glichkeit in Bezug auf die per Links verbundenen anderen Websites oder Quellen verf\u00fcgt, sind wir weder verantwortlich noch haftbar. Wir machen uns Inhalte, die auf oder \u00fcber solche Sites oder Quellen zug\u00e4nglich sind, nicht zu eigen und schlie\u00dfen jegliche Haftung oder Gew\u00e4hrleistung in Bezug auf diese aus. Die Rudolf Rost Sperrholz GmbH kann daher auch weder direkt noch indirekt f\u00fcr Sch\u00e4den oder Verluste verantwortlich gemacht werden, die aus oder in Zusammenhang mit der Benutzung eines Inhalts oder im Vertrauen auf einen solchen Inhalt oder aufgrund von Waren oder Dienstleistungen entstehen oder entstanden sind, die \u00fcber solche Sites oder Quellen bezogen wurden.<br \/>\nWir akzeptieren hiermit ausdr\u00fccklich alle Rechte Dritter an deren hier ggf. ver\u00f6ffentlichten Bild- und Textmaterial sowie deren Warenzeichen. Die Verwendung solchen Materials geschieht ausdr\u00fccklich nicht zu unserer Bereicherung sondern dient lediglich der schnellen, visuellen Realisierung und dem damit verbundenen Wiedererkennungswert der Waren und Dienstleistungen dieser Dritten.<\/p>\n\n\t\t<\/div>\n\t<\/div>\n<\/div><\/div><\/div><\/div><div class=\"vc_row wpb_row vc_row-fluid\"><div class=\"wpb_column vc_column_container vc_col-sm-12\"><div class=\"vc_column-inner\"><div class=\"wpb_wrapper\"><div class=\"ult-spacer spacer-69f3498875c4f\" data-id=\"69f3498875c4f\" data-height=\"100\" data-height-mobile=\"100\" data-height-tab=\"100\" data-height-tab-portrait=\"\" data-height-mobile-landscape=\"\" style=\"clear:both;display:block;\"><\/div><\/div><\/div><\/div><\/div>\n<\/section>","protected":false},"excerpt":{"rendered":"Verantwortlich Rudolf Rost Sperrholz GmbH Lohe 4 25462 Rellingen Gesch\u00e4ftsf\u00fchrung Rebekka Roschning, Katja Rost, Dr. Werner Schnitzend\u00f6bel Kontakt Telefon: 04101 5939-0 E-Mail: info@rudolf-rost.de Umsatzsteuer-ID DE118593244 Steuernummer 18.296.17151 Handelsregister Amtsregister Pinneberg HRB 4769 Fertigungsbetrieb Rudolf Rost Interiors GmbH Lohe 4 25462 Rellingen Kontakt Telefon: 04101 5939-0 Umsatzsteuer-ID DE 141785149 Steuernummer 18.296.17048 Handelsregister Amtsgericht Pinneberg HRB 4993 [...]","protected":false},"author":1,"featured_media":0,"parent":0,"menu_order":0,"comment_status":"closed","ping_status":"closed","template":"page.php","meta":{"_acf_changed":false,"iawp_total_views":850,"footnotes":""},"folder":[37],"class_list":["post-2937","page","type-page","status-publish","hentry"],"acf":[],"yoast_head":"<!-- This site is optimized with the Yoast SEO plugin v26.6 - https:\/\/yoast.com\/wordpress\/plugins\/seo\/ -->\n<title>Rudolf Rost Sperrholz GmbH | Impressum<\/title>\n<meta name=\"robots\" content=\"index, follow, max-snippet:-1, max-image-preview:large, max-video-preview:-1\" \/>\n<link rel=\"canonical\" href=\"https:\/\/www.rudolf-rost.de\/de\/impressum\/\" \/>\n<meta property=\"og:locale\" content=\"de_DE\" \/>\n<meta property=\"og:type\" content=\"article\" \/>\n<meta property=\"og:title\" content=\"Rudolf Rost Sperrholz GmbH | Impressum\" \/>\n<meta property=\"og:url\" content=\"https:\/\/www.rudolf-rost.de\/de\/impressum\/\" \/>\n<meta property=\"og:site_name\" content=\"Rudolf Rost Sperrholz GmbH\" \/>\n<meta property=\"article:modified_time\" content=\"2025-01-14T09:44:04+00:00\" \/>\n<meta name=\"twitter:card\" content=\"summary_large_image\" \/>\n<meta name=\"twitter:label1\" content=\"Gesch\u00e4tzte Lesezeit\" \/>\n\t<meta name=\"twitter:data1\" content=\"2\u00a0Minuten\" \/>\n<script type=\"application\/ld+json\" class=\"yoast-schema-graph\">{\"@context\":\"https:\/\/schema.org\",\"@graph\":[{\"@type\":\"WebPage\",\"@id\":\"https:\/\/www.rudolf-rost.de\/de\/impressum\/\",\"url\":\"https:\/\/www.rudolf-rost.de\/de\/impressum\/\",\"name\":\"Rudolf Rost Sperrholz GmbH | Impressum\",\"isPartOf\":{\"@id\":\"https:\/\/www.rudolf-rost.de\/de\/#website\"},\"datePublished\":\"2022-07-18T07:48:01+00:00\",\"dateModified\":\"2025-01-14T09:44:04+00:00\",\"breadcrumb\":{\"@id\":\"https:\/\/www.rudolf-rost.de\/de\/impressum\/#breadcrumb\"},\"inLanguage\":\"de\",\"potentialAction\":[{\"@type\":\"ReadAction\",\"target\":[\"https:\/\/www.rudolf-rost.de\/de\/impressum\/\"]}]},{\"@type\":\"BreadcrumbList\",\"@id\":\"https:\/\/www.rudolf-rost.de\/de\/impressum\/#breadcrumb\",\"itemListElement\":[{\"@type\":\"ListItem\",\"position\":1,\"name\":\"Startseite\",\"item\":\"https:\/\/www.rudolf-rost.de\/de\/\"},{\"@type\":\"ListItem\",\"position\":2,\"name\":\"Impressum\"}]},{\"@type\":\"WebSite\",\"@id\":\"https:\/\/www.rudolf-rost.de\/de\/#website\",\"url\":\"https:\/\/www.rudolf-rost.de\/de\/\",\"name\":\"Rudolf Rost Sperrholz GmbH\",\"description\":\"Materials and Systems for Interiors\",\"publisher\":{\"@id\":\"https:\/\/www.rudolf-rost.de\/de\/#organization\"},\"potentialAction\":[{\"@type\":\"SearchAction\",\"target\":{\"@type\":\"EntryPoint\",\"urlTemplate\":\"https:\/\/www.rudolf-rost.de\/de\/?s={search_term_string}\"},\"query-input\":{\"@type\":\"PropertyValueSpecification\",\"valueRequired\":true,\"valueName\":\"search_term_string\"}}],\"inLanguage\":\"de\"},{\"@type\":\"Organization\",\"@id\":\"https:\/\/www.rudolf-rost.de\/de\/#organization\",\"name\":\"Rudolf Rost Sperrholz GmbH\",\"url\":\"https:\/\/www.rudolf-rost.de\/de\/\",\"logo\":{\"@type\":\"ImageObject\",\"inLanguage\":\"de\",\"@id\":\"https:\/\/www.rudolf-rost.de\/de\/#\/schema\/logo\/image\/\",\"url\":\"https:\/\/www.rudolf-rost.de\/wp-content\/uploads\/2022\/05\/cropped-rr_logo_250.png\",\"contentUrl\":\"https:\/\/www.rudolf-rost.de\/wp-content\/uploads\/2022\/05\/cropped-rr_logo_250.png\",\"width\":512,\"height\":512,\"caption\":\"Rudolf Rost Sperrholz GmbH\"},\"image\":{\"@id\":\"https:\/\/www.rudolf-rost.de\/de\/#\/schema\/logo\/image\/\"},\"sameAs\":[\"https:\/\/de.linkedin.com\/company\/rudolf-rost-sperrholz-gmbh\"]}]}<\/script>\n<!-- \/ Yoast SEO plugin. -->","yoast_head_json":{"title":"Rudolf Rost Sperrholz GmbH | Impressum","robots":{"index":"index","follow":"follow","max-snippet":"max-snippet:-1","max-image-preview":"max-image-preview:large","max-video-preview":"max-video-preview:-1"},"canonical":"https:\/\/www.rudolf-rost.de\/de\/impressum\/","og_locale":"de_DE","og_type":"article","og_title":"Rudolf Rost Sperrholz GmbH | Impressum","og_url":"https:\/\/www.rudolf-rost.de\/de\/impressum\/","og_site_name":"Rudolf Rost Sperrholz GmbH","article_modified_time":"2025-01-14T09:44:04+00:00","twitter_card":"summary_large_image","twitter_misc":{"Gesch\u00e4tzte Lesezeit":"2\u00a0Minuten"},"schema":{"@context":"https:\/\/schema.org","@graph":[{"@type":"WebPage","@id":"https:\/\/www.rudolf-rost.de\/de\/impressum\/","url":"https:\/\/www.rudolf-rost.de\/de\/impressum\/","name":"Rudolf Rost Sperrholz GmbH | Impressum","isPartOf":{"@id":"https:\/\/www.rudolf-rost.de\/de\/#website"},"datePublished":"2022-07-18T07:48:01+00:00","dateModified":"2025-01-14T09:44:04+00:00","breadcrumb":{"@id":"https:\/\/www.rudolf-rost.de\/de\/impressum\/#breadcrumb"},"inLanguage":"de","potentialAction":[{"@type":"ReadAction","target":["https:\/\/www.rudolf-rost.de\/de\/impressum\/"]}]},{"@type":"BreadcrumbList","@id":"https:\/\/www.rudolf-rost.de\/de\/impressum\/#breadcrumb","itemListElement":[{"@type":"ListItem","position":1,"name":"Startseite","item":"https:\/\/www.rudolf-rost.de\/de\/"},{"@type":"ListItem","position":2,"name":"Impressum"}]},{"@type":"WebSite","@id":"https:\/\/www.rudolf-rost.de\/de\/#website","url":"https:\/\/www.rudolf-rost.de\/de\/","name":"Rudolf Rost Sperrholz GmbH","description":"Materials and Systems for Interiors","publisher":{"@id":"https:\/\/www.rudolf-rost.de\/de\/#organization"},"potentialAction":[{"@type":"SearchAction","target":{"@type":"EntryPoint","urlTemplate":"https:\/\/www.rudolf-rost.de\/de\/?s={search_term_string}"},"query-input":{"@type":"PropertyValueSpecification","valueRequired":true,"valueName":"search_term_string"}}],"inLanguage":"de"},{"@type":"Organization","@id":"https:\/\/www.rudolf-rost.de\/de\/#organization","name":"Rudolf Rost Sperrholz GmbH","url":"https:\/\/www.rudolf-rost.de\/de\/","logo":{"@type":"ImageObject","inLanguage":"de","@id":"https:\/\/www.rudolf-rost.de\/de\/#\/schema\/logo\/image\/","url":"https:\/\/www.rudolf-rost.de\/wp-content\/uploads\/2022\/05\/cropped-rr_logo_250.png","contentUrl":"https:\/\/www.rudolf-rost.de\/wp-content\/uploads\/2022\/05\/cropped-rr_logo_250.png","width":512,"height":512,"caption":"Rudolf Rost Sperrholz GmbH"},"image":{"@id":"https:\/\/www.rudolf-rost.de\/de\/#\/schema\/logo\/image\/"},"sameAs":["https:\/\/de.linkedin.com\/company\/rudolf-rost-sperrholz-gmbh"]}]}},"_links":{"self":[{"href":"https:\/\/www.rudolf-rost.de\/de\/wp-json\/wp\/v2\/pages\/2937","targetHints":{"allow":["GET"]}}],"collection":[{"href":"https:\/\/www.rudolf-rost.de\/de\/wp-json\/wp\/v2\/pages"}],"about":[{"href":"https:\/\/www.rudolf-rost.de\/de\/wp-json\/wp\/v2\/types\/page"}],"author":[{"embeddable":true,"href":"https:\/\/www.rudolf-rost.de\/de\/wp-json\/wp\/v2\/users\/1"}],"replies":[{"embeddable":true,"href":"https:\/\/www.rudolf-rost.de\/de\/wp-json\/wp\/v2\/comments?post=2937"}],"version-history":[{"count":23,"href":"https:\/\/www.rudolf-rost.de\/de\/wp-json\/wp\/v2\/pages\/2937\/revisions"}],"predecessor-version":[{"id":4678,"href":"https:\/\/www.rudolf-rost.de\/de\/wp-json\/wp\/v2\/pages\/2937\/revisions\/4678"}],"wp:attachment":[{"href":"https:\/\/www.rudolf-rost.de\/de\/wp-json\/wp\/v2\/media?parent=2937"}],"wp:term":[{"taxonomy":"folder","embeddable":true,"href":"https:\/\/www.rudolf-rost.de\/de\/wp-json\/wp\/v2\/folder?post=2937"}],"curies":[{"name":"wp","href":"https:\/\/api.w.org\/{rel}","templated":true}]}}