{"id":3121,"date":"2022-07-19T15:00:35","date_gmt":"2022-07-19T13:00:35","guid":{"rendered":"https:\/\/rudolf-rost.de\/?page_id=3121"},"modified":"2022-08-01T23:57:34","modified_gmt":"2022-08-01T21:57:34","slug":"materialien","status":"publish","type":"page","link":"https:\/\/www.rudolf-rost.de\/de\/materialien\/","title":{"rendered":"Materialien"},"content":{"rendered":"<section class=\"wpb-content-wrapper\"><div class=\"vc_row wpb_row vc_row-fluid\"><div class=\"wpb_column vc_column_container vc_col-sm-12\"><div class=\"vc_column-inner\"><div class=\"wpb_wrapper\"><div class=\"ult-spacer spacer-69f15993a0551\" data-id=\"69f15993a0551\" data-height=\"150\" data-height-mobile=\"50\" data-height-tab=\"100\" data-height-tab-portrait=\"100\" data-height-mobile-landscape=\"50\" style=\"clear:both;display:block;\"><\/div><div class=\"vc_row wpb_row vc_inner vc_row-fluid\"><div class=\"wpb_column vc_column_container vc_col-sm-2\"><div class=\"vc_column-inner\"><div class=\"wpb_wrapper\"><\/div><\/div><\/div><div class=\"wpb_column vc_column_container vc_col-sm-8\"><div class=\"vc_column-inner\"><div class=\"wpb_wrapper\"><h3 style=\"font-size: 26px;color: #0d8161;line-height: 36px;text-align: center\" class=\"vc_custom_heading\" >BEW\u00c4HRTE MATERIALIEN F\u00dcR FORTSCHRITTLICHE PRODUKTANWENDUNGEN<\/h3>\n\t<div class=\"wpb_text_column wpb_content_element \" >\n\t\t<div class=\"wpb_wrapper\">\n\t\t\t<p style=\"text-align: center;\">Unsere Konstruktionsmaterialien bestechen durch Flexibilit\u00e4t in der Anwendung und Verarbeitung und erf\u00fcllen geforderte Brand- und Schallschutzanforderungen f\u00fcr den Schienenfahrzeug- oder Schiffbau. Doch auch in vielen weiteren Bereichen, wie dem Fahrzeug- und M\u00f6belbau, Funktionst\u00fcren- und K\u00fchlzellenfertigung sowie in Audio\/HiFi kommen unsere Materialien zum Einsatz.<\/p>\n<p style=\"text-align: center;\">Egal in welchem rollenden oder schwimmenden Interieur Sie unterwegs sind, Produkte aus unseren Materialien bieten Ihnen Komfort und Behaglichkeit und erf\u00fcllen Ihre technischen Anforderungen.<\/p>\n\n\t\t<\/div>\n\t<\/div>\n<\/div><\/div><\/div><div class=\"wpb_column vc_column_container vc_col-sm-2\"><div class=\"vc_column-inner\"><div class=\"wpb_wrapper\"><\/div><\/div><\/div><\/div><\/div><\/div><\/div><\/div><div class=\"vc_row wpb_row vc_row-fluid vc_custom_1620828648026\"><div class=\"wpb_animate_when_almost_visible wpb_fadeInUp fadeInUp wpb_column vc_column_container vc_col-sm-12\"><div class=\"vc_column-inner\"><div class=\"wpb_wrapper\"><div class=\"vc_row wpb_row vc_inner vc_row-fluid\"><div class=\"wpb_column vc_column_container vc_col-sm-4\"><div class=\"vc_column-inner\"><div class=\"wpb_wrapper\"><div id=\"ultib3-355012908669f15993a2b90\" class=\" ultb3-box ult-adjust-bottom-margin  \" style=\"\"><div class=\"ultb3-box-overlay\" style=\"background:rgba(13,129,97,0.86);\"><\/div><img decoding=\"async\" src=\"https:\/\/www.rudolf-rost.de\/wp-content\/uploads\/2022\/07\/rr_materialien_banner_schiene.jpg\" style=\"\" class=\"ultb3-img ultb3-img-center\" alt=\"null\"\/><div id=\"Info-banner-wrap8298\" class=\"ultb3-info ib3-info-center\" data-animation=\"\" data-animation-delay=\"03\"><div class=\"ultb3-title ult-responsive\"  data-ultimate-target='#Info-banner-wrap8298 .ultb3-title'  data-responsive-json-new='{\"font-size\":\"desktop:20px;\",\"line-height\":\"\"}'  style=\"font-family:Hind;font-weight:500;color:#ffffff;\">ANWENDUNG SCHIENE<\/div><div class=\"ultb3-desc ult-responsive\"  data-ultimate-target='#Info-banner-wrap8298 .ultb3-desc'  data-responsive-json-new='{\"font-size\":\"desktop:14px;\",\"line-height\":\"desktop:22px;\"}'  style=\"font-family:Open Sans;font-weight:300;color:#ffffff;\">Speziell an die Bed\u00fcrfnisse im modernen Waggonbau angepasst. Details:<\/div><a href=\"https:\/\/rudolf-rost.de\/materialien-schiene\/\" title=\"Materialien Schiene\"  class=\"ultb3-btn ult-responsive\"  data-ultimate-target='#Info-banner-wrap8298 .ultb3-btn'  data-responsive-json-new='{\"font-size\":\"desktop:14px;\",\"line-height\":\"\"}'  style=\"font-family:Open Sans;font-weight:600;\">MATERIALIEN SCHIENE<i class=\"Defaults-angle-right\"><\/i><\/a><\/div><\/div><style>\n\t\t\t\t\t#ultib3-355012908669f15993a2b90 {\n\t\t\t\t\t\tmin-height:300px;\n\t\t\t\t\t}\n\t\t\t\t\t#ultib3-355012908669f15993a2b90 img.ultb3-img {\n\t\t\t\t\t\theight: px;\n\t\t\t\t\t}\n\t\t\t\t\t#ultib3-355012908669f15993a2b90 .ultb3-btn {\n\t\t\t\t\t\tborder:2px solid #ffffff;border-radius:0px;color:#ffffff;\n\t\t\t\t\t}\n\t\t\t\t\t#ultib3-355012908669f15993a2b90 .ultb3-btn:hover {\n\t\t\t\t\t\tbackground:#ffffff;color:#0d8161;\n\t\t\t\t\t}\n\t\t\t\t<\/style><\/div><\/div><\/div><div class=\"wpb_column vc_column_container vc_col-sm-4\"><div class=\"vc_column-inner\"><div class=\"wpb_wrapper\"><div class=\"ult-spacer spacer-69f15993a2d78\" data-id=\"69f15993a2d78\" data-height=\"0\" data-height-mobile=\"40\" data-height-tab=\"\" data-height-tab-portrait=\"\" data-height-mobile-landscape=\"40\" style=\"clear:both;display:block;\"><\/div><div id=\"ultib3-94748735169f15993a34fb\" class=\" ultb3-box ult-adjust-bottom-margin  \" style=\"\"><div class=\"ultb3-box-overlay\" style=\"background:rgba(13,129,97,0.85);\"><\/div><img decoding=\"async\" src=\"https:\/\/www.rudolf-rost.de\/wp-content\/uploads\/2022\/07\/rr_materialien_banner_schiff_b.jpg\" style=\"\" class=\"ultb3-img ultb3-img-center\" alt=\"null\"\/><div id=\"Info-banner-wrap3026\" class=\"ultb3-info ib3-info-center\" data-animation=\"\" data-animation-delay=\"03\"><div class=\"ultb3-title ult-responsive\"  data-ultimate-target='#Info-banner-wrap3026 .ultb3-title'  data-responsive-json-new='{\"font-size\":\"desktop:20px;\",\"line-height\":\"\"}'  style=\"font-family:Hind;font-weight:500;color:#ffffff;\">ANWENDUNG SCHIFF<\/div><div class=\"ultb3-desc ult-responsive\"  data-ultimate-target='#Info-banner-wrap3026 .ultb3-desc'  data-responsive-json-new='{\"font-size\":\"desktop:14px;\",\"line-height\":\"desktop:22px;\"}'  style=\"font-family:Open Sans;font-weight:300;color:#ffffff;\">Schwer entflammbare, leichte Materialien und Komponenten. Details:<\/div><a href=\"https:\/\/rudolf-rost.de\/materialien-schiene\/\" title=\"Materialien Schiene\"  class=\"ultb3-btn ult-responsive\"  data-ultimate-target='#Info-banner-wrap3026 .ultb3-btn'  data-responsive-json-new='{\"font-size\":\"desktop:14px;\",\"line-height\":\"\"}'  style=\"font-family:Open Sans;font-weight:600;\">MATERIALIEN SCHIFF<i class=\"Defaults-angle-right\"><\/i><\/a><\/div><\/div><style>\n\t\t\t\t\t#ultib3-94748735169f15993a34fb {\n\t\t\t\t\t\tmin-height:300px;\n\t\t\t\t\t}\n\t\t\t\t\t#ultib3-94748735169f15993a34fb img.ultb3-img {\n\t\t\t\t\t\theight: px;\n\t\t\t\t\t}\n\t\t\t\t\t#ultib3-94748735169f15993a34fb .ultb3-btn {\n\t\t\t\t\t\tborder:2px solid #ffffff;border-radius:0px;color:#ffffff;\n\t\t\t\t\t}\n\t\t\t\t\t#ultib3-94748735169f15993a34fb .ultb3-btn:hover {\n\t\t\t\t\t\tbackground:#ffffff;color:#0d8161;\n\t\t\t\t\t}\n\t\t\t\t<\/style><\/div><\/div><\/div><div class=\"wpb_column vc_column_container vc_col-sm-4\"><div class=\"vc_column-inner\"><div class=\"wpb_wrapper\"><div class=\"ult-spacer spacer-69f15993a364b\" data-id=\"69f15993a364b\" data-height=\"0\" data-height-mobile=\"40\" data-height-tab=\"\" data-height-tab-portrait=\"\" data-height-mobile-landscape=\"40\" style=\"clear:both;display:block;\"><\/div><div id=\"ultib3-291018489969f15993a3e09\" class=\" ultb3-box ult-adjust-bottom-margin  \" style=\"\"><div class=\"ultb3-box-overlay\" style=\"background:rgba(13,129,97,0.75);\"><\/div><img decoding=\"async\" src=\"https:\/\/www.rudolf-rost.de\/wp-content\/uploads\/2022\/07\/rr_materialien_banner_weitere_b.jpg\" style=\"\" class=\"ultb3-img ultb3-img-center\" alt=\"null\"\/><div id=\"Info-banner-wrap9012\" class=\"ultb3-info ib3-info-center\" data-animation=\"\" data-animation-delay=\"03\"><div class=\"ultb3-title ult-responsive\"  data-ultimate-target='#Info-banner-wrap9012 .ultb3-title'  data-responsive-json-new='{\"font-size\":\"desktop:20px;\",\"line-height\":\"\"}'  style=\"font-family:Hind;font-weight:500;color:#ffffff;\">WEITERE ANWENDUNGEN<\/div><div class=\"ultb3-desc ult-responsive\"  data-ultimate-target='#Info-banner-wrap9012 .ultb3-desc'  data-responsive-json-new='{\"font-size\":\"desktop:14px;\",\"line-height\":\"desktop:22px;\"}'  style=\"font-family:Open Sans;font-weight:300;color:#ffffff;\">So vielf\u00e4ltig wie die Aufgaben, so individuell wie Ihr Projekt. Fragen Sie uns!<\/div><a href=\"https:\/\/rudolf-rost.de\/kontakt\/\" title=\"Kontakt\"  class=\"ultb3-btn ult-responsive\"  data-ultimate-target='#Info-banner-wrap9012 .ultb3-btn'  data-responsive-json-new='{\"font-size\":\"desktop:14px;\",\"line-height\":\"\"}'  style=\"font-family:Open Sans;font-weight:600;\">KONTAKT<i class=\"Defaults-angle-right\"><\/i><\/a><\/div><\/div><style>\n\t\t\t\t\t#ultib3-291018489969f15993a3e09 {\n\t\t\t\t\t\tmin-height:300px;\n\t\t\t\t\t}\n\t\t\t\t\t#ultib3-291018489969f15993a3e09 img.ultb3-img {\n\t\t\t\t\t\theight: px;\n\t\t\t\t\t}\n\t\t\t\t\t#ultib3-291018489969f15993a3e09 .ultb3-btn {\n\t\t\t\t\t\tborder:2px solid #ffffff;border-radius:0px;color:#ffffff;\n\t\t\t\t\t}\n\t\t\t\t\t#ultib3-291018489969f15993a3e09 .ultb3-btn:hover {\n\t\t\t\t\t\tbackground:#ffffff;color:#0d8161;\n\t\t\t\t\t}\n\t\t\t\t<\/style><\/div><\/div><\/div><\/div><\/div><\/div><\/div><\/div><!-- Row Backgrounds --><div class=\"upb_color\" data-bg-override=\"ex-full\" data-bg-color=\"#ffffff\" data-fadeout=\"\" data-fadeout-percentage=\"30\" data-parallax-content=\"\" data-parallax-content-sense=\"30\" data-row-effect-mobile-disable=\"true\" data-img-parallax-mobile-disable=\"true\" data-rtl=\"false\"  data-custom-vc-row=\"\"  data-vc=\"6.13.0\"  data-is_old_vc=\"\"  data-theme-support=\"\"   data-overlay=\"false\" data-overlay-color=\"\" data-overlay-pattern=\"\" data-overlay-pattern-opacity=\"\" data-overlay-pattern-size=\"\"    ><\/div><div class=\"vc_row wpb_row vc_row-fluid\"><div class=\"wpb_column vc_column_container vc_col-sm-12\"><div class=\"vc_column-inner\"><div class=\"wpb_wrapper\"><div class=\"ult-spacer spacer-69f15993a4536\" data-id=\"69f15993a4536\" data-height=\"200\" data-height-mobile=\"50\" data-height-tab=\"100\" data-height-tab-portrait=\"100\" data-height-mobile-landscape=\"50\" style=\"clear:both;display:block;\"><\/div><\/div><\/div><\/div><\/div>\n<\/section>","protected":false},"excerpt":{"rendered":"BEW\u00c4HRTE MATERIALIEN F\u00dcR FORTSCHRITTLICHE PRODUKTANWENDUNGEN Unsere Konstruktionsmaterialien bestechen durch Flexibilit\u00e4t in der Anwendung und Verarbeitung und erf\u00fcllen geforderte Brand- und Schallschutzanforderungen f\u00fcr den Schienenfahrzeug- oder Schiffbau. Doch auch in vielen weiteren Bereichen, wie dem Fahrzeug- und M\u00f6belbau, Funktionst\u00fcren- und K\u00fchlzellenfertigung sowie in Audio\/HiFi kommen unsere Materialien zum Einsatz. Egal in welchem rollenden oder schwimmenden Interieur [...]","protected":false},"author":1,"featured_media":0,"parent":0,"menu_order":0,"comment_status":"closed","ping_status":"closed","template":"page.php","meta":{"_acf_changed":false,"iawp_total_views":654,"footnotes":""},"folder":[36],"class_list":["post-3121","page","type-page","status-publish","hentry"],"acf":[],"yoast_head":"<!-- This site is optimized with the Yoast SEO plugin v26.6 - https:\/\/yoast.com\/wordpress\/plugins\/seo\/ -->\n<title>Rudolf Rost Sperrholz GmbH | Materialien<\/title>\n<meta name=\"robots\" content=\"index, follow, max-snippet:-1, max-image-preview:large, max-video-preview:-1\" \/>\n<link rel=\"canonical\" href=\"https:\/\/www.rudolf-rost.de\/de\/materialien\/\" \/>\n<meta property=\"og:locale\" content=\"de_DE\" \/>\n<meta property=\"og:type\" content=\"article\" \/>\n<meta property=\"og:title\" content=\"Rudolf Rost Sperrholz GmbH | Materialien\" \/>\n<meta property=\"og:url\" content=\"https:\/\/www.rudolf-rost.de\/de\/materialien\/\" \/>\n<meta property=\"og:site_name\" content=\"Rudolf Rost Sperrholz GmbH\" \/>\n<meta property=\"article:modified_time\" content=\"2022-08-01T21:57:34+00:00\" \/>\n<meta name=\"twitter:card\" content=\"summary_large_image\" \/>\n<meta name=\"twitter:label1\" content=\"Gesch\u00e4tzte Lesezeit\" \/>\n\t<meta name=\"twitter:data1\" content=\"4\u00a0Minuten\" \/>\n<script type=\"application\/ld+json\" class=\"yoast-schema-graph\">{\"@context\":\"https:\/\/schema.org\",\"@graph\":[{\"@type\":\"WebPage\",\"@id\":\"https:\/\/www.rudolf-rost.de\/de\/materialien\/\",\"url\":\"https:\/\/www.rudolf-rost.de\/de\/materialien\/\",\"name\":\"Rudolf Rost Sperrholz GmbH | Materialien\",\"isPartOf\":{\"@id\":\"https:\/\/www.rudolf-rost.de\/de\/#website\"},\"datePublished\":\"2022-07-19T13:00:35+00:00\",\"dateModified\":\"2022-08-01T21:57:34+00:00\",\"breadcrumb\":{\"@id\":\"https:\/\/www.rudolf-rost.de\/de\/materialien\/#breadcrumb\"},\"inLanguage\":\"de\",\"potentialAction\":[{\"@type\":\"ReadAction\",\"target\":[\"https:\/\/www.rudolf-rost.de\/de\/materialien\/\"]}]},{\"@type\":\"BreadcrumbList\",\"@id\":\"https:\/\/www.rudolf-rost.de\/de\/materialien\/#breadcrumb\",\"itemListElement\":[{\"@type\":\"ListItem\",\"position\":1,\"name\":\"Startseite\",\"item\":\"https:\/\/www.rudolf-rost.de\/de\/\"},{\"@type\":\"ListItem\",\"position\":2,\"name\":\"Materialien\"}]},{\"@type\":\"WebSite\",\"@id\":\"https:\/\/www.rudolf-rost.de\/de\/#website\",\"url\":\"https:\/\/www.rudolf-rost.de\/de\/\",\"name\":\"Rudolf Rost Sperrholz GmbH\",\"description\":\"Materials and Systems for Interiors\",\"publisher\":{\"@id\":\"https:\/\/www.rudolf-rost.de\/de\/#organization\"},\"potentialAction\":[{\"@type\":\"SearchAction\",\"target\":{\"@type\":\"EntryPoint\",\"urlTemplate\":\"https:\/\/www.rudolf-rost.de\/de\/?s={search_term_string}\"},\"query-input\":{\"@type\":\"PropertyValueSpecification\",\"valueRequired\":true,\"valueName\":\"search_term_string\"}}],\"inLanguage\":\"de\"},{\"@type\":\"Organization\",\"@id\":\"https:\/\/www.rudolf-rost.de\/de\/#organization\",\"name\":\"Rudolf Rost Sperrholz GmbH\",\"url\":\"https:\/\/www.rudolf-rost.de\/de\/\",\"logo\":{\"@type\":\"ImageObject\",\"inLanguage\":\"de\",\"@id\":\"https:\/\/www.rudolf-rost.de\/de\/#\/schema\/logo\/image\/\",\"url\":\"https:\/\/www.rudolf-rost.de\/wp-content\/uploads\/2022\/05\/cropped-rr_logo_250.png\",\"contentUrl\":\"https:\/\/www.rudolf-rost.de\/wp-content\/uploads\/2022\/05\/cropped-rr_logo_250.png\",\"width\":512,\"height\":512,\"caption\":\"Rudolf Rost Sperrholz GmbH\"},\"image\":{\"@id\":\"https:\/\/www.rudolf-rost.de\/de\/#\/schema\/logo\/image\/\"},\"sameAs\":[\"https:\/\/de.linkedin.com\/company\/rudolf-rost-sperrholz-gmbh\"]}]}<\/script>\n<!-- \/ Yoast SEO plugin. -->","yoast_head_json":{"title":"Rudolf Rost Sperrholz GmbH | Materialien","robots":{"index":"index","follow":"follow","max-snippet":"max-snippet:-1","max-image-preview":"max-image-preview:large","max-video-preview":"max-video-preview:-1"},"canonical":"https:\/\/www.rudolf-rost.de\/de\/materialien\/","og_locale":"de_DE","og_type":"article","og_title":"Rudolf Rost Sperrholz GmbH | Materialien","og_url":"https:\/\/www.rudolf-rost.de\/de\/materialien\/","og_site_name":"Rudolf Rost Sperrholz GmbH","article_modified_time":"2022-08-01T21:57:34+00:00","twitter_card":"summary_large_image","twitter_misc":{"Gesch\u00e4tzte Lesezeit":"4\u00a0Minuten"},"schema":{"@context":"https:\/\/schema.org","@graph":[{"@type":"WebPage","@id":"https:\/\/www.rudolf-rost.de\/de\/materialien\/","url":"https:\/\/www.rudolf-rost.de\/de\/materialien\/","name":"Rudolf Rost Sperrholz GmbH | Materialien","isPartOf":{"@id":"https:\/\/www.rudolf-rost.de\/de\/#website"},"datePublished":"2022-07-19T13:00:35+00:00","dateModified":"2022-08-01T21:57:34+00:00","breadcrumb":{"@id":"https:\/\/www.rudolf-rost.de\/de\/materialien\/#breadcrumb"},"inLanguage":"de","potentialAction":[{"@type":"ReadAction","target":["https:\/\/www.rudolf-rost.de\/de\/materialien\/"]}]},{"@type":"BreadcrumbList","@id":"https:\/\/www.rudolf-rost.de\/de\/materialien\/#breadcrumb","itemListElement":[{"@type":"ListItem","position":1,"name":"Startseite","item":"https:\/\/www.rudolf-rost.de\/de\/"},{"@type":"ListItem","position":2,"name":"Materialien"}]},{"@type":"WebSite","@id":"https:\/\/www.rudolf-rost.de\/de\/#website","url":"https:\/\/www.rudolf-rost.de\/de\/","name":"Rudolf Rost Sperrholz GmbH","description":"Materials and Systems for Interiors","publisher":{"@id":"https:\/\/www.rudolf-rost.de\/de\/#organization"},"potentialAction":[{"@type":"SearchAction","target":{"@type":"EntryPoint","urlTemplate":"https:\/\/www.rudolf-rost.de\/de\/?s={search_term_string}"},"query-input":{"@type":"PropertyValueSpecification","valueRequired":true,"valueName":"search_term_string"}}],"inLanguage":"de"},{"@type":"Organization","@id":"https:\/\/www.rudolf-rost.de\/de\/#organization","name":"Rudolf Rost Sperrholz GmbH","url":"https:\/\/www.rudolf-rost.de\/de\/","logo":{"@type":"ImageObject","inLanguage":"de","@id":"https:\/\/www.rudolf-rost.de\/de\/#\/schema\/logo\/image\/","url":"https:\/\/www.rudolf-rost.de\/wp-content\/uploads\/2022\/05\/cropped-rr_logo_250.png","contentUrl":"https:\/\/www.rudolf-rost.de\/wp-content\/uploads\/2022\/05\/cropped-rr_logo_250.png","width":512,"height":512,"caption":"Rudolf Rost Sperrholz GmbH"},"image":{"@id":"https:\/\/www.rudolf-rost.de\/de\/#\/schema\/logo\/image\/"},"sameAs":["https:\/\/de.linkedin.com\/company\/rudolf-rost-sperrholz-gmbh"]}]}},"_links":{"self":[{"href":"https:\/\/www.rudolf-rost.de\/de\/wp-json\/wp\/v2\/pages\/3121","targetHints":{"allow":["GET"]}}],"collection":[{"href":"https:\/\/www.rudolf-rost.de\/de\/wp-json\/wp\/v2\/pages"}],"about":[{"href":"https:\/\/www.rudolf-rost.de\/de\/wp-json\/wp\/v2\/types\/page"}],"author":[{"embeddable":true,"href":"https:\/\/www.rudolf-rost.de\/de\/wp-json\/wp\/v2\/users\/1"}],"replies":[{"embeddable":true,"href":"https:\/\/www.rudolf-rost.de\/de\/wp-json\/wp\/v2\/comments?post=3121"}],"version-history":[{"count":31,"href":"https:\/\/www.rudolf-rost.de\/de\/wp-json\/wp\/v2\/pages\/3121\/revisions"}],"predecessor-version":[{"id":3786,"href":"https:\/\/www.rudolf-rost.de\/de\/wp-json\/wp\/v2\/pages\/3121\/revisions\/3786"}],"wp:attachment":[{"href":"https:\/\/www.rudolf-rost.de\/de\/wp-json\/wp\/v2\/media?parent=3121"}],"wp:term":[{"taxonomy":"folder","embeddable":true,"href":"https:\/\/www.rudolf-rost.de\/de\/wp-json\/wp\/v2\/folder?post=3121"}],"curies":[{"name":"wp","href":"https:\/\/api.w.org\/{rel}","templated":true}]}}