{"id":3315,"date":"2022-07-22T15:28:19","date_gmt":"2022-07-22T13:28:19","guid":{"rendered":"https:\/\/rudolf-rost.de\/?page_id=3315"},"modified":"2022-08-01T23:54:56","modified_gmt":"2022-08-01T21:54:56","slug":"anwendung-schiff","status":"publish","type":"page","link":"https:\/\/www.rudolf-rost.de\/de\/anwendung-schiff\/","title":{"rendered":"Anwendung Schiff"},"content":{"rendered":"<section class=\"wpb-content-wrapper\"><div class=\"vc_row wpb_row vc_row-fluid\"><div class=\"wpb_column vc_column_container vc_col-sm-12\"><div class=\"vc_column-inner\"><div class=\"wpb_wrapper\"><div class=\"ult-spacer spacer-69f0bf1e28955\" data-id=\"69f0bf1e28955\" data-height=\"150\" data-height-mobile=\"50\" data-height-tab=\"100\" data-height-tab-portrait=\"100\" data-height-mobile-landscape=\"50\" style=\"clear:both;display:block;\"><\/div><\/div><\/div><\/div><\/div><div data-vc-full-width=\"true\" data-vc-full-width-init=\"false\" class=\"vc_row wpb_row vc_row-fluid vc_custom_1659390794236 vc_row-o-equal-height vc_row-o-content-middle vc_row-flex\"><div class=\"wpb_column vc_column_container vc_col-sm-8\"><div class=\"vc_column-inner\"><div class=\"wpb_wrapper\"><div style=\"width:;\" class=\"cqtooltip-wrapper \" data-opacity=\"1\" data-tooltipanimation=\"fade\" data-tooltipstyle=\"shadow\" data-trigger=\"click\" data-maxwidth=\"240\" data-marginoffset=\"\" data-isdisplayall=\"on\" data-displayednum=\"1\"><img decoding=\"async\" src=\"https:\/\/www.rudolf-rost.de\/wp-content\/uploads\/2022\/07\/rr_anwschiff_hotspot_b.jpg\" alt=\"\" \/><div class=\"cq-hotspots\"><div class=\"hotspot-item pulse-white \" style=\"top:17%;left:36%;\" data-top=\"17%\" data-left=\"36%\"><a href=\"https:\/\/rudolf-rost.de\/anwendung-schiff\/luftkanaele\/\" class=\"cq-tooltip\" style=\"background-color:#0d8161;\"  data-iconbg=\"#0d8161\" data-tooltip=\"\n&lt;a class=&quot;hotspot-text&quot; href=&quot;https:\/\/rudolf-rost.de\/anwendung-schiff\/luftkanaele\/&quot;&gt;LUFTKAN\u00c4LE&lt;\/a&gt;\" data-arrowposition=\"right\" target=\"\"><span style=\"background:#ffffff;\"><\/span><\/a><\/div><\/div><\/div><\/div><\/div><\/div><div class=\"wpb_column vc_column_container vc_col-sm-4\"><div class=\"vc_column-inner\"><div class=\"wpb_wrapper\"><div class=\"ult-spacer spacer-69f0bf1e2ab23\" data-id=\"69f0bf1e2ab23\" data-height=\"\" data-height-mobile=\"35\" data-height-tab=\"\" data-height-tab-portrait=\"\" data-height-mobile-landscape=\"35\" style=\"clear:both;display:block;\"><\/div><h3 style=\"font-size: 26px;color: #0d8161;line-height: 36px;text-align: left\" class=\"vc_custom_heading\" >AUF FL\u00dcSSEN UND MEEREN ZU HAUSE<\/h3>\n\t<div class=\"wpb_text_column wpb_content_element \" >\n\t\t<div class=\"wpb_wrapper\">\n\t\t\t<p>Ob Yachten oder Kreuzfahrtschiffe: Unsere individualisierten Systemkomponenten und Bauteile f\u00fcr den Schiffbau sind von h\u00f6chster Qualit\u00e4t und entsprechen den Anforderungen der MED*-Richtlinien.<\/p>\n<p>Ihren Vorgaben entsprechend produziert unser erfahrenes Team montagefertige Spezialelemente von h\u00f6chster Qualit\u00e4t.<\/p>\n<p>&nbsp;<\/p>\n<p><span style=\"font-size: 12px;\"><img loading=\"lazy\" decoding=\"async\" class=\"alignleft wp-image-3323\" src=\"https:\/\/rudolf-rost.de\/wp-content\/uploads\/2022\/07\/rr_icons_steuerrad-300x300.png\" alt=\"\" width=\"48\" height=\"48\" srcset=\"https:\/\/www.rudolf-rost.de\/wp-content\/uploads\/2022\/07\/rr_icons_steuerrad-150x150@2x.png 300w, https:\/\/www.rudolf-rost.de\/wp-content\/uploads\/2022\/07\/rr_icons_steuerrad-150x150.png 150w, https:\/\/www.rudolf-rost.de\/wp-content\/uploads\/2022\/07\/rr_icons_steuerrad-200x200.png 200w, https:\/\/www.rudolf-rost.de\/wp-content\/uploads\/2022\/07\/rr_icons_steuerrad-400x400.png 400w, https:\/\/www.rudolf-rost.de\/wp-content\/uploads\/2022\/07\/rr_icons_steuerrad-80x80.png 80w, https:\/\/www.rudolf-rost.de\/wp-content\/uploads\/2022\/07\/rr_icons_steuerrad-500x512.png 500w, https:\/\/www.rudolf-rost.de\/wp-content\/uploads\/2022\/07\/rr_icons_steuerrad.png 512w, https:\/\/www.rudolf-rost.de\/wp-content\/uploads\/2022\/07\/rr_icons_steuerrad-80x80@2x.png 160w\" sizes=\"auto, (max-width: 48px) 100vw, 48px\" \/>*MED: Marine Equipment Directive (2014\/90\/EU)<\/span><\/p>\n\n\t\t<\/div>\n\t<\/div>\n<\/div><\/div><\/div><\/div><div class=\"vc_row-full-width vc_clearfix\"><\/div><!-- Row Backgrounds --><div class=\"upb_color\" data-bg-override=\"0\" data-bg-color=\"#ffffff\" data-fadeout=\"\" data-fadeout-percentage=\"30\" data-parallax-content=\"\" data-parallax-content-sense=\"30\" data-row-effect-mobile-disable=\"true\" data-img-parallax-mobile-disable=\"true\" data-rtl=\"false\"  data-custom-vc-row=\"\"  data-vc=\"6.13.0\"  data-is_old_vc=\"\"  data-theme-support=\"\"   data-overlay=\"false\" data-overlay-color=\"\" data-overlay-pattern=\"\" data-overlay-pattern-opacity=\"\" data-overlay-pattern-size=\"\"    ><\/div><div class=\"vc_row wpb_row vc_row-fluid\"><div class=\"wpb_column vc_column_container vc_col-sm-12\"><div class=\"vc_column-inner\"><div class=\"wpb_wrapper\"><div class=\"ult-spacer spacer-69f0bf1e2c610\" data-id=\"69f0bf1e2c610\" data-height=\"150\" data-height-mobile=\"0\" data-height-tab=\"100\" data-height-tab-portrait=\"100\" data-height-mobile-landscape=\"0\" style=\"clear:both;display:block;\"><\/div><\/div><\/div><\/div><\/div><!-- Row Backgrounds --><div class=\"upb_color\" data-bg-override=\"0\" data-bg-color=\"#ffffff\" data-fadeout=\"\" data-fadeout-percentage=\"30\" data-parallax-content=\"\" data-parallax-content-sense=\"30\" data-row-effect-mobile-disable=\"true\" data-img-parallax-mobile-disable=\"true\" data-rtl=\"false\"  data-custom-vc-row=\"\"  data-vc=\"6.13.0\"  data-is_old_vc=\"\"  data-theme-support=\"\"   data-overlay=\"false\" data-overlay-color=\"\" data-overlay-pattern=\"\" data-overlay-pattern-opacity=\"\" data-overlay-pattern-size=\"\"    ><\/div><div class=\"vc_row wpb_row vc_row-fluid vc_custom_1654550449322\"><div class=\"wpb_column vc_column_container vc_col-sm-12\"><div class=\"vc_column-inner\"><div class=\"wpb_wrapper\"><h3 style=\"font-size: 26px;color: #0d8161;line-height: 36px;text-align: center\" class=\"vc_custom_heading\" >DIE ANWENDUNGSBEREICHE IM \u00dcBERBLICK<\/h3><div class=\"ult-spacer spacer-69f0bf1e2d483\" data-id=\"69f0bf1e2d483\" data-height=\"60\" data-height-mobile=\"30\" data-height-tab=\"\" data-height-tab-portrait=\"\" data-height-mobile-landscape=\"30\" style=\"clear:both;display:block;\"><\/div><\/div><\/div><\/div><\/div><div class=\"vc_row wpb_row vc_row-fluid vc_custom_1657477742523\"><div class=\"wpb_animate_when_almost_visible wpb_slideInUp slideInUp wpb_column vc_column_container vc_col-sm-4\"><div class=\"vc_column-inner vc_custom_1497199728369\"><div class=\"wpb_wrapper\"><\/div><\/div><\/div><div class=\"wpb_animate_when_almost_visible wpb_slideInUp slideInUp wpb_column vc_column_container vc_col-sm-4\"><div class=\"vc_column-inner vc_custom_1497199733334\"><div class=\"wpb_wrapper\">\n\t<div  class=\"wpb_single_image wpb_content_element vc_align_center  wpb_animate_when_almost_visible wpb_fadeIn fadeIn vc_custom_1658513491142\">\n\t\t\n\t\t<figure class=\"wpb_wrapper vc_figure\">\n\t\t\t<a href=\"https:\/\/rudolf-rost.de\/anwendung-schiff\/luftkanaele\/\" target=\"_self\" class=\"vc_single_image-wrapper   vc_box_border_grey\"><img loading=\"lazy\" decoding=\"async\" width=\"150\" height=\"126\" src=\"https:\/\/www.rudolf-rost.de\/wp-content\/uploads\/2022\/07\/rr_as_luftkanaele_lk9-150x126.png\" class=\"vc_single_image-img attachment-thumbnail\" alt=\"\" title=\"rr_as_luftkanaele_lk9\" srcset=\"https:\/\/www.rudolf-rost.de\/wp-content\/uploads\/2022\/07\/rr_as_luftkanaele_lk9-150x126.png 150w, https:\/\/www.rudolf-rost.de\/wp-content\/uploads\/2022\/07\/rr_as_luftkanaele_lk9-300x253.png 300w, https:\/\/www.rudolf-rost.de\/wp-content\/uploads\/2022\/07\/rr_as_luftkanaele_lk9-1024x862.png 1024w, https:\/\/www.rudolf-rost.de\/wp-content\/uploads\/2022\/07\/rr_as_luftkanaele_lk9-200x168.png 200w, https:\/\/www.rudolf-rost.de\/wp-content\/uploads\/2022\/07\/rr_as_luftkanaele_lk9-475x400.png 475w, https:\/\/www.rudolf-rost.de\/wp-content\/uploads\/2022\/07\/rr_as_luftkanaele_lk9.png 1298w, https:\/\/www.rudolf-rost.de\/wp-content\/uploads\/2022\/07\/rr_as_luftkanaele_lk9-300x253@2x.png 600w, https:\/\/www.rudolf-rost.de\/wp-content\/uploads\/2022\/07\/rr_as_luftkanaele_lk9-200x168@2x.png 400w, https:\/\/www.rudolf-rost.de\/wp-content\/uploads\/2022\/07\/rr_as_luftkanaele_lk9-475x400@2x.png 950w\" sizes=\"auto, (max-width: 150px) 100vw, 150px\" \/><\/a>\n\t\t<\/figure>\n\t<\/div>\n<div class=\"ult-spacer spacer-69f0bf1e2fd05\" data-id=\"69f0bf1e2fd05\" data-height=\"15\" data-height-mobile=\"15\" data-height-tab=\"15\" data-height-tab-portrait=\"\" data-height-mobile-landscape=\"\" style=\"clear:both;display:block;\"><\/div><div class=\"aio-icon-component    style_2\"><a class=\"aio-icon-box-link\" href=\"https:\/\/rudolf-rost.de\/anwendung-schiff\/luftkanaele\/\" title=\"Luftkan\u00e4le\" ><div id=\"Info-box-wrap-7717\" class=\"aio-icon-box top-icon\" style=\"\"  ><div class=\"aio-icon-top\"><div class=\"ult-just-icon-wrapper  \"><div class=\"align-icon\" style=\"text-align:center;\">\n<div class=\"aio-icon none \"  style=\"color:#0d8161;font-size:15px;display:inline-block;\">\n\t<i class=\"Defaults-chevron-right\"><\/i>\n<\/div><\/div><\/div><\/div><div class=\"aio-icon-header\" ><h3 class=\"aio-icon-title ult-responsive\"  data-ultimate-target='#Info-box-wrap-7717 .aio-icon-title'  data-responsive-json-new='{\"font-size\":\"desktop:16px;\",\"line-height\":\"\"}'  style=\"font-family:&#039;Open Sans&#039;;font-weight:600;color:#3f3f3f;\">LUFTKAN\u00c4LE<\/h3><\/div> <!-- header --><div class=\"aio-icon-description ult-responsive\"  data-ultimate-target='#Info-box-wrap-7717 .aio-icon-description'  data-responsive-json-new='{\"font-size\":\"\",\"line-height\":\"\"}'  style=\"\">Unsere Luftkan\u00e4le sind die leichte und wirtschaftliche L\u00f6sung, die als schwer entflammbare oder stahl\u00e4quivalente Ausfu\u0308hrung lieferbar ist.<\/div> <!-- description --><\/div> <!-- aio-icon-box --><\/a><\/div> <!-- aio-icon-component --><div class=\"ult-spacer spacer-69f0bf1e2fee7\" data-id=\"69f0bf1e2fee7\" data-height=\"0\" data-height-mobile=\"40\" data-height-tab=\"\" data-height-tab-portrait=\"\" data-height-mobile-landscape=\"40\" style=\"clear:both;display:block;\"><\/div><\/div><\/div><\/div><div class=\"wpb_column vc_column_container vc_col-sm-4\"><div class=\"vc_column-inner\"><div class=\"wpb_wrapper\"><\/div><\/div><\/div><\/div><div class=\"vc_row wpb_row vc_row-fluid\"><div class=\"wpb_column vc_column_container vc_col-sm-12\"><div class=\"vc_column-inner\"><div class=\"wpb_wrapper\"><div class=\"ult-spacer spacer-69f0bf1e307e8\" data-id=\"69f0bf1e307e8\" data-height=\"150\" data-height-mobile=\"50\" data-height-tab=\"\" data-height-tab-portrait=\"\" data-height-mobile-landscape=\"50\" style=\"clear:both;display:block;\"><\/div><\/div><\/div><\/div><\/div>\n<\/section>","protected":false},"excerpt":{"rendered":"AUF FL\u00dcSSEN UND MEEREN ZU HAUSE Ob Yachten oder Kreuzfahrtschiffe: Unsere individualisierten Systemkomponenten und Bauteile f\u00fcr den Schiffbau sind von h\u00f6chster Qualit\u00e4t und entsprechen den Anforderungen der MED*-Richtlinien. Ihren Vorgaben entsprechend produziert unser erfahrenes Team montagefertige Spezialelemente von h\u00f6chster Qualit\u00e4t. &nbsp; *MED: Marine Equipment Directive (2014\/90\/EU) DIE ANWENDUNGSBEREICHE IM \u00dcBERBLICK LUFTKAN\u00c4LE Unsere Luftkan\u00e4le sind die [...]","protected":false},"author":1,"featured_media":0,"parent":0,"menu_order":0,"comment_status":"closed","ping_status":"closed","template":"page.php","meta":{"_acf_changed":false,"iawp_total_views":1182,"footnotes":""},"folder":[57],"class_list":["post-3315","page","type-page","status-publish","hentry"],"acf":[],"yoast_head":"<!-- This site is optimized with the Yoast SEO plugin v26.6 - https:\/\/yoast.com\/wordpress\/plugins\/seo\/ -->\n<title>Rudolf Rost Sperrholz GmbH | Anwendung Schiff<\/title>\n<meta name=\"robots\" content=\"index, follow, max-snippet:-1, max-image-preview:large, max-video-preview:-1\" \/>\n<link rel=\"canonical\" href=\"https:\/\/www.rudolf-rost.de\/de\/anwendung-schiff\/\" \/>\n<meta property=\"og:locale\" content=\"de_DE\" \/>\n<meta property=\"og:type\" content=\"article\" \/>\n<meta property=\"og:title\" content=\"Rudolf Rost Sperrholz GmbH | Anwendung Schiff\" \/>\n<meta property=\"og:url\" content=\"https:\/\/www.rudolf-rost.de\/de\/anwendung-schiff\/\" \/>\n<meta property=\"og:site_name\" content=\"Rudolf Rost Sperrholz GmbH\" \/>\n<meta property=\"article:modified_time\" content=\"2022-08-01T21:54:56+00:00\" \/>\n<meta property=\"og:image\" content=\"https:\/\/rudolf-rost.de\/wp-content\/uploads\/2022\/07\/rr_icons_steuerrad-300x300.png\" \/>\n<meta name=\"twitter:card\" content=\"summary_large_image\" \/>\n<meta name=\"twitter:label1\" content=\"Gesch\u00e4tzte Lesezeit\" \/>\n\t<meta name=\"twitter:data1\" content=\"5\u00a0Minuten\" \/>\n<script type=\"application\/ld+json\" class=\"yoast-schema-graph\">{\"@context\":\"https:\/\/schema.org\",\"@graph\":[{\"@type\":\"WebPage\",\"@id\":\"https:\/\/www.rudolf-rost.de\/de\/anwendung-schiff\/\",\"url\":\"https:\/\/www.rudolf-rost.de\/de\/anwendung-schiff\/\",\"name\":\"Rudolf Rost Sperrholz GmbH | Anwendung Schiff\",\"isPartOf\":{\"@id\":\"https:\/\/www.rudolf-rost.de\/de\/#website\"},\"primaryImageOfPage\":{\"@id\":\"https:\/\/www.rudolf-rost.de\/de\/anwendung-schiff\/#primaryimage\"},\"image\":{\"@id\":\"https:\/\/www.rudolf-rost.de\/de\/anwendung-schiff\/#primaryimage\"},\"thumbnailUrl\":\"https:\/\/rudolf-rost.de\/wp-content\/uploads\/2022\/07\/rr_icons_steuerrad-300x300.png\",\"datePublished\":\"2022-07-22T13:28:19+00:00\",\"dateModified\":\"2022-08-01T21:54:56+00:00\",\"breadcrumb\":{\"@id\":\"https:\/\/www.rudolf-rost.de\/de\/anwendung-schiff\/#breadcrumb\"},\"inLanguage\":\"de\",\"potentialAction\":[{\"@type\":\"ReadAction\",\"target\":[\"https:\/\/www.rudolf-rost.de\/de\/anwendung-schiff\/\"]}]},{\"@type\":\"ImageObject\",\"inLanguage\":\"de\",\"@id\":\"https:\/\/www.rudolf-rost.de\/de\/anwendung-schiff\/#primaryimage\",\"url\":\"https:\/\/rudolf-rost.de\/wp-content\/uploads\/2022\/07\/rr_icons_steuerrad-300x300.png\",\"contentUrl\":\"https:\/\/rudolf-rost.de\/wp-content\/uploads\/2022\/07\/rr_icons_steuerrad-300x300.png\"},{\"@type\":\"BreadcrumbList\",\"@id\":\"https:\/\/www.rudolf-rost.de\/de\/anwendung-schiff\/#breadcrumb\",\"itemListElement\":[{\"@type\":\"ListItem\",\"position\":1,\"name\":\"Startseite\",\"item\":\"https:\/\/www.rudolf-rost.de\/de\/\"},{\"@type\":\"ListItem\",\"position\":2,\"name\":\"Anwendung Schiff\"}]},{\"@type\":\"WebSite\",\"@id\":\"https:\/\/www.rudolf-rost.de\/de\/#website\",\"url\":\"https:\/\/www.rudolf-rost.de\/de\/\",\"name\":\"Rudolf Rost Sperrholz GmbH\",\"description\":\"Materials and Systems for Interiors\",\"publisher\":{\"@id\":\"https:\/\/www.rudolf-rost.de\/de\/#organization\"},\"potentialAction\":[{\"@type\":\"SearchAction\",\"target\":{\"@type\":\"EntryPoint\",\"urlTemplate\":\"https:\/\/www.rudolf-rost.de\/de\/?s={search_term_string}\"},\"query-input\":{\"@type\":\"PropertyValueSpecification\",\"valueRequired\":true,\"valueName\":\"search_term_string\"}}],\"inLanguage\":\"de\"},{\"@type\":\"Organization\",\"@id\":\"https:\/\/www.rudolf-rost.de\/de\/#organization\",\"name\":\"Rudolf Rost Sperrholz GmbH\",\"url\":\"https:\/\/www.rudolf-rost.de\/de\/\",\"logo\":{\"@type\":\"ImageObject\",\"inLanguage\":\"de\",\"@id\":\"https:\/\/www.rudolf-rost.de\/de\/#\/schema\/logo\/image\/\",\"url\":\"https:\/\/www.rudolf-rost.de\/wp-content\/uploads\/2022\/05\/cropped-rr_logo_250.png\",\"contentUrl\":\"https:\/\/www.rudolf-rost.de\/wp-content\/uploads\/2022\/05\/cropped-rr_logo_250.png\",\"width\":512,\"height\":512,\"caption\":\"Rudolf Rost Sperrholz GmbH\"},\"image\":{\"@id\":\"https:\/\/www.rudolf-rost.de\/de\/#\/schema\/logo\/image\/\"},\"sameAs\":[\"https:\/\/de.linkedin.com\/company\/rudolf-rost-sperrholz-gmbh\"]}]}<\/script>\n<!-- \/ Yoast SEO plugin. -->","yoast_head_json":{"title":"Rudolf Rost Sperrholz GmbH | Anwendung Schiff","robots":{"index":"index","follow":"follow","max-snippet":"max-snippet:-1","max-image-preview":"max-image-preview:large","max-video-preview":"max-video-preview:-1"},"canonical":"https:\/\/www.rudolf-rost.de\/de\/anwendung-schiff\/","og_locale":"de_DE","og_type":"article","og_title":"Rudolf Rost Sperrholz GmbH | Anwendung Schiff","og_url":"https:\/\/www.rudolf-rost.de\/de\/anwendung-schiff\/","og_site_name":"Rudolf Rost Sperrholz GmbH","article_modified_time":"2022-08-01T21:54:56+00:00","og_image":[{"url":"https:\/\/rudolf-rost.de\/wp-content\/uploads\/2022\/07\/rr_icons_steuerrad-300x300.png","type":"","width":"","height":""}],"twitter_card":"summary_large_image","twitter_misc":{"Gesch\u00e4tzte Lesezeit":"5\u00a0Minuten"},"schema":{"@context":"https:\/\/schema.org","@graph":[{"@type":"WebPage","@id":"https:\/\/www.rudolf-rost.de\/de\/anwendung-schiff\/","url":"https:\/\/www.rudolf-rost.de\/de\/anwendung-schiff\/","name":"Rudolf Rost Sperrholz GmbH | Anwendung Schiff","isPartOf":{"@id":"https:\/\/www.rudolf-rost.de\/de\/#website"},"primaryImageOfPage":{"@id":"https:\/\/www.rudolf-rost.de\/de\/anwendung-schiff\/#primaryimage"},"image":{"@id":"https:\/\/www.rudolf-rost.de\/de\/anwendung-schiff\/#primaryimage"},"thumbnailUrl":"https:\/\/rudolf-rost.de\/wp-content\/uploads\/2022\/07\/rr_icons_steuerrad-300x300.png","datePublished":"2022-07-22T13:28:19+00:00","dateModified":"2022-08-01T21:54:56+00:00","breadcrumb":{"@id":"https:\/\/www.rudolf-rost.de\/de\/anwendung-schiff\/#breadcrumb"},"inLanguage":"de","potentialAction":[{"@type":"ReadAction","target":["https:\/\/www.rudolf-rost.de\/de\/anwendung-schiff\/"]}]},{"@type":"ImageObject","inLanguage":"de","@id":"https:\/\/www.rudolf-rost.de\/de\/anwendung-schiff\/#primaryimage","url":"https:\/\/rudolf-rost.de\/wp-content\/uploads\/2022\/07\/rr_icons_steuerrad-300x300.png","contentUrl":"https:\/\/rudolf-rost.de\/wp-content\/uploads\/2022\/07\/rr_icons_steuerrad-300x300.png"},{"@type":"BreadcrumbList","@id":"https:\/\/www.rudolf-rost.de\/de\/anwendung-schiff\/#breadcrumb","itemListElement":[{"@type":"ListItem","position":1,"name":"Startseite","item":"https:\/\/www.rudolf-rost.de\/de\/"},{"@type":"ListItem","position":2,"name":"Anwendung Schiff"}]},{"@type":"WebSite","@id":"https:\/\/www.rudolf-rost.de\/de\/#website","url":"https:\/\/www.rudolf-rost.de\/de\/","name":"Rudolf Rost Sperrholz GmbH","description":"Materials and Systems for Interiors","publisher":{"@id":"https:\/\/www.rudolf-rost.de\/de\/#organization"},"potentialAction":[{"@type":"SearchAction","target":{"@type":"EntryPoint","urlTemplate":"https:\/\/www.rudolf-rost.de\/de\/?s={search_term_string}"},"query-input":{"@type":"PropertyValueSpecification","valueRequired":true,"valueName":"search_term_string"}}],"inLanguage":"de"},{"@type":"Organization","@id":"https:\/\/www.rudolf-rost.de\/de\/#organization","name":"Rudolf Rost Sperrholz GmbH","url":"https:\/\/www.rudolf-rost.de\/de\/","logo":{"@type":"ImageObject","inLanguage":"de","@id":"https:\/\/www.rudolf-rost.de\/de\/#\/schema\/logo\/image\/","url":"https:\/\/www.rudolf-rost.de\/wp-content\/uploads\/2022\/05\/cropped-rr_logo_250.png","contentUrl":"https:\/\/www.rudolf-rost.de\/wp-content\/uploads\/2022\/05\/cropped-rr_logo_250.png","width":512,"height":512,"caption":"Rudolf Rost Sperrholz GmbH"},"image":{"@id":"https:\/\/www.rudolf-rost.de\/de\/#\/schema\/logo\/image\/"},"sameAs":["https:\/\/de.linkedin.com\/company\/rudolf-rost-sperrholz-gmbh"]}]}},"_links":{"self":[{"href":"https:\/\/www.rudolf-rost.de\/de\/wp-json\/wp\/v2\/pages\/3315","targetHints":{"allow":["GET"]}}],"collection":[{"href":"https:\/\/www.rudolf-rost.de\/de\/wp-json\/wp\/v2\/pages"}],"about":[{"href":"https:\/\/www.rudolf-rost.de\/de\/wp-json\/wp\/v2\/types\/page"}],"author":[{"embeddable":true,"href":"https:\/\/www.rudolf-rost.de\/de\/wp-json\/wp\/v2\/users\/1"}],"replies":[{"embeddable":true,"href":"https:\/\/www.rudolf-rost.de\/de\/wp-json\/wp\/v2\/comments?post=3315"}],"version-history":[{"count":28,"href":"https:\/\/www.rudolf-rost.de\/de\/wp-json\/wp\/v2\/pages\/3315\/revisions"}],"predecessor-version":[{"id":3783,"href":"https:\/\/www.rudolf-rost.de\/de\/wp-json\/wp\/v2\/pages\/3315\/revisions\/3783"}],"wp:attachment":[{"href":"https:\/\/www.rudolf-rost.de\/de\/wp-json\/wp\/v2\/media?parent=3315"}],"wp:term":[{"taxonomy":"folder","embeddable":true,"href":"https:\/\/www.rudolf-rost.de\/de\/wp-json\/wp\/v2\/folder?post=3315"}],"curies":[{"name":"wp","href":"https:\/\/api.w.org\/{rel}","templated":true}]}}