{"id":1803,"date":"2022-07-04T12:13:43","date_gmt":"2022-07-04T10:13:43","guid":{"rendered":"https:\/\/rudolf-rost.de\/?page_id=1803"},"modified":"2022-08-10T17:54:34","modified_gmt":"2022-08-10T15:54:34","slug":"kompetenzen","status":"publish","type":"page","link":"https:\/\/www.rudolf-rost.de\/fr\/profil\/kompetenzen\/","title":{"rendered":"comp\u00e9tences"},"content":{"rendered":"<section class=\"wpb-content-wrapper\"><div class=\"vc_row wpb_row vc_row-fluid\"><div class=\"wpb_column vc_column_container vc_col-sm-12\"><div class=\"vc_column-inner\"><div class=\"wpb_wrapper\"><div class=\"ult-spacer spacer-69f860b9ca0c8\" data-id=\"69f860b9ca0c8\" data-height=\"150\" data-height-mobile=\"50\" data-height-tab=\"100\" data-height-tab-portrait=\"100\" data-height-mobile-landscape=\"50\" style=\"clear:both;display:block;\"><\/div><div class=\"vc_row wpb_row vc_inner vc_row-fluid\"><div class=\"wpb_column vc_column_container vc_col-sm-2\"><div class=\"vc_column-inner\"><div class=\"wpb_wrapper\"><\/div><\/div><\/div><div class=\"wpb_column vc_column_container vc_col-sm-8\"><div class=\"vc_column-inner\"><div class=\"wpb_wrapper\"><h3 style=\"font-size: 26px;color: #0d8161;line-height: 36px;text-align: center\" class=\"vc_custom_heading\" >DE L'IDEE \u00c0 LA PRODUCTION EN S\u00c9RIE<\/h3>\n\t<div class=\"wpb_text_column wpb_content_element\" >\n\t\t<div class=\"wpb_wrapper\">\n\t\t\t<p style=\"text-align: center;\">Notre entreprise se distingue par une gestion de projet efficace, des comp\u00e9tences techniques ainsi que des sites de fabrication de haute technologie. Nous travaillons en partenariat avec nos clients depuis la premi\u00e8re id\u00e9e jusqu'\u00e0 la production en s\u00e9rie, en passant par la certification, et nous apportons notre exp\u00e9rience de plus de 50 ans.<\/p>\n\n\t\t<\/div>\n\t<\/div>\n<\/div><\/div><\/div><div class=\"wpb_column vc_column_container vc_col-sm-2\"><div class=\"vc_column-inner\"><div class=\"wpb_wrapper\"><\/div><\/div><\/div><\/div><div class=\"ult-spacer spacer-69f860b9cae29\" data-id=\"69f860b9cae29\" data-height=\"150\" data-height-mobile=\"50\" data-height-tab=\"100\" data-height-tab-portrait=\"100\" data-height-mobile-landscape=\"50\" style=\"clear:both;display:block;\"><\/div><\/div><\/div><\/div><\/div><div data-vc-full-width=\"true\" data-vc-full-width-init=\"false\" data-vc-stretch-content=\"true\" class=\"vc_row wpb_row vc_row-fluid vc_custom_1659389998771 vc_row-has-fill vc_row-o-equal-height vc_row-o-content-middle vc_row-flex\"><div class=\"wpb_column vc_column_container vc_col-sm-2\/5 vc_col-has-fill\"><div class=\"vc_column-inner vc_custom_1656961167644\"><div class=\"wpb_wrapper\"><div class=\"ult-spacer spacer-69f860b9cbe87\" data-id=\"69f860b9cbe87\" data-height=\"\" data-height-mobile=\"250\" data-height-tab=\"250\" data-height-tab-portrait=\"250\" data-height-mobile-landscape=\"250\" style=\"clear:both;display:block;\"><\/div><\/div><\/div><\/div><div class=\"wpb_animate_when_almost_visible wpb_fadeInRight fadeInRight wpb_column vc_column_container vc_col-sm-3\/5\"><div class=\"vc_column-inner\"><div class=\"wpb_wrapper\"><div class=\"vc_row wpb_row vc_inner vc_row-fluid mobile-text-left\"><div class=\"wpb_column vc_column_container vc_col-sm-2\"><div class=\"vc_column-inner\"><div class=\"wpb_wrapper\"><\/div><\/div><\/div><div class=\"wpb_column vc_column_container vc_col-sm-8\"><div class=\"vc_column-inner\"><div class=\"wpb_wrapper\"><div class=\"ult-spacer spacer-69f860b9cc41c\" data-id=\"69f860b9cc41c\" data-height=\"150\" data-height-mobile=\"40\" data-height-tab=\"\" data-height-tab-portrait=\"\" data-height-mobile-landscape=\"40\" style=\"clear:both;display:block;\"><\/div><div class=\"ult-just-icon-wrapper   vc_custom_1657465939728\"><div class=\"align-icon\" style=\"text-align:left;\">\n<div class=\"aio-icon-img\" style=\"font-size:32px;display:inline-block;\" data-animation=\"fadeIn\" data-animation-delay=\"03\">\n\t<img decoding=\"async\" class=\"img-icon\" alt=\"z\u00e9ro\" src=\"https:\/\/www.rudolf-rost.de\/wp-content\/uploads\/2022\/07\/rr_icons_kompetenz_projektmanagement.png\"\/>\n<\/div><\/div><\/div><h4 style=\"font-size: 20px;line-height: 20px;text-align: left\" class=\"vc_custom_heading\" >GESTION DES PROJETS<\/h4>\n\t<div class=\"wpb_text_column wpb_content_element\" >\n\t\t<div class=\"wpb_wrapper\">\n\t\t\t<p style=\"text-align: left;\">Gr\u00e2ce \u00e0 des d\u00e9cennies d'exp\u00e9rience et de comp\u00e9tence dans le traitement de grands projets dans la construction ferroviaire et navale, nous avons mis en place une gestion de projet efficace. Les r\u00e9f\u00e9rences prouvent qu'un partenariat avec nos clients et la mise \u00e0 disposition de ressources internes par le biais de l'organisation, de l'informatique\/de la technologie et de la m\u00e9thodologie permettent une mise en \u0153uvre sans faille du projet.<\/p>\n\n\t\t<\/div>\n\t<\/div>\n<div class=\"ult-spacer spacer-69f860b9ccf1c\" data-id=\"69f860b9ccf1c\" data-height=\"150\" data-height-mobile=\"40\" data-height-tab=\"\" data-height-tab-portrait=\"\" data-height-mobile-landscape=\"40\" style=\"clear:both;display:block;\"><\/div><\/div><\/div><\/div><div class=\"wpb_column vc_column_container vc_col-sm-2\"><div class=\"vc_column-inner\"><div class=\"wpb_wrapper\"><\/div><\/div><\/div><\/div><\/div><\/div><\/div><\/div><div class=\"vc_row-full-width vc_clearfix\"><\/div><div data-vc-full-width=\"true\" data-vc-full-width-init=\"false\" data-vc-stretch-content=\"true\" class=\"vc_row wpb_row vc_row-fluid vc_custom_1659390211410 vc_row-o-equal-height vc_row-o-content-middle vc_row-flex\"><div class=\"wpb_animate_when_almost_visible wpb_fadeInLeft fadeInLeft wpb_column vc_column_container vc_col-sm-3\/5\"><div class=\"vc_column-inner\"><div class=\"wpb_wrapper\"><div class=\"vc_row wpb_row vc_inner vc_row-fluid mobile-text-left\"><div class=\"wpb_column vc_column_container vc_col-sm-2\"><div class=\"vc_column-inner\"><div class=\"wpb_wrapper\"><\/div><\/div><\/div><div class=\"wpb_column vc_column_container vc_col-sm-8\"><div class=\"vc_column-inner\"><div class=\"wpb_wrapper\"><div class=\"ult-spacer spacer-69f860b9cd69a\" data-id=\"69f860b9cd69a\" data-height=\"100\" data-height-mobile=\"40\" data-height-tab=\"\" data-height-tab-portrait=\"\" data-height-mobile-landscape=\"40\" style=\"clear:both;display:block;\"><\/div><div class=\"ult-just-icon-wrapper   vc_custom_1657465966018\"><div class=\"align-icon\" style=\"text-align:left;\">\n<div class=\"aio-icon-img\" style=\"font-size:32px;display:inline-block;\" data-animation=\"fadeIn\" data-animation-delay=\"03\">\n\t<img decoding=\"async\" class=\"img-icon\" alt=\"z\u00e9ro\" src=\"https:\/\/www.rudolf-rost.de\/wp-content\/uploads\/2022\/07\/rr_icons_kompetenz_produktion.png\"\/>\n<\/div><\/div><\/div><h4 style=\"font-size: 20px;line-height: 20px;text-align: left\" class=\"vc_custom_heading\" >FABRICATION<\/h4>\n\t<div class=\"wpb_text_column wpb_content_element\" >\n\t\t<div class=\"wpb_wrapper\">\n\t\t\t<p>Sur nos sites de fabrication, nous fabriquons des produits et des composants syst\u00e8me selon des normes de qualit\u00e9 certifi\u00e9es (DIN EN ISO 9001). Des employ\u00e9s comp\u00e9tents et exp\u00e9riment\u00e9s, un parc de machines complet et pr\u00e9cis et la compr\u00e9hension d'un processus d'am\u00e9lioration continue sont disponibles ici. Voici un extrait de notre production:<\/p>\n<ul style=\"list-style-type: square;\">\n<li>Planchers insonoris\u00e9s ou chauffants<\/li>\n<li>Canaux d'air avec contr\u00f4le<\/li>\n<li>Pi\u00e8ces moul\u00e9es 3D<\/li>\n<li>Protection de bord d'unit\u00e9 centrale<\/li>\n<li>Processus adh\u00e9sifs selon DIN 6701-2 classe A1 et peintures<\/li>\n<li>Murs et plafonds coupe-feu<\/li>\n<li>CAD\/CNC<\/li>\n<\/ul>\n\n\t\t<\/div>\n\t<\/div>\n<div class=\"ult-spacer spacer-69f860b9ce18c\" data-id=\"69f860b9ce18c\" data-height=\"100\" data-height-mobile=\"40\" data-height-tab=\"\" data-height-tab-portrait=\"\" data-height-mobile-landscape=\"40\" style=\"clear:both;display:block;\"><\/div><\/div><\/div><\/div><div class=\"wpb_column vc_column_container vc_col-sm-2\"><div class=\"vc_column-inner\"><div class=\"wpb_wrapper\"><\/div><\/div><\/div><\/div><\/div><\/div><\/div><div class=\"wpb_column vc_column_container vc_col-sm-2\/5 vc_col-has-fill\"><div class=\"vc_column-inner vc_custom_1656961179629\"><div class=\"wpb_wrapper\"><div class=\"ult-spacer spacer-69f860b9ce428\" data-id=\"69f860b9ce428\" data-height=\"\" data-height-mobile=\"250\" data-height-tab=\"250\" data-height-tab-portrait=\"250\" data-height-mobile-landscape=\"250\" style=\"clear:both;display:block;\"><\/div><\/div><\/div><\/div><\/div><div class=\"vc_row-full-width vc_clearfix\"><\/div><!-- Row Backgrounds --><div class=\"upb_color\" data-bg-override=\"ex-full\" data-bg-color=\"#ffffff\" data-fadeout=\"\" data-fadeout-percentage=\"30\" data-parallax-content=\"\" data-parallax-content-sense=\"30\" data-row-effect-mobile-disable=\"true\" data-img-parallax-mobile-disable=\"true\" data-rtl=\"false\"  data-custom-vc-row=\"\"  data-vc=\"6.13.0\"  data-is_old_vc=\"\"  data-theme-support=\"\"   data-overlay=\"false\" data-overlay-color=\"\" data-overlay-pattern=\"\" data-overlay-pattern-opacity=\"\" data-overlay-pattern-size=\"\"    ><\/div><div class=\"vc_row wpb_row vc_row-fluid\"><div class=\"wpb_column vc_column_container vc_col-sm-12\"><div class=\"vc_column-inner\"><div class=\"wpb_wrapper\"><div class=\"ult-spacer spacer-69f860b9ceb6c\" data-id=\"69f860b9ceb6c\" data-height=\"0\" data-height-mobile=\"50\" data-height-tab=\"\" data-height-tab-portrait=\"\" data-height-mobile-landscape=\"50\" style=\"clear:both;display:block;\"><\/div><\/div><\/div><\/div><\/div><div data-vc-full-width=\"true\" data-vc-full-width-init=\"false\" data-vc-stretch-content=\"true\" class=\"vc_row wpb_row vc_row-fluid vc_custom_1658309175394 vc_row-has-fill vc_row-o-equal-height vc_row-o-content-middle vc_row-flex\"><div class=\"wpb_column vc_column_container vc_col-sm-2\/5 vc_col-has-fill\"><div class=\"vc_column-inner vc_custom_1656961192783\"><div class=\"wpb_wrapper\"><div class=\"ult-spacer spacer-69f860b9cee71\" data-id=\"69f860b9cee71\" data-height=\"\" data-height-mobile=\"250\" data-height-tab=\"250\" data-height-tab-portrait=\"250\" data-height-mobile-landscape=\"250\" style=\"clear:both;display:block;\"><\/div><\/div><\/div><\/div><div class=\"wpb_animate_when_almost_visible wpb_fadeInRight fadeInRight wpb_column vc_column_container vc_col-sm-3\/5\"><div class=\"vc_column-inner\"><div class=\"wpb_wrapper\"><div class=\"vc_row wpb_row vc_inner vc_row-fluid mobile-text-left\"><div class=\"wpb_column vc_column_container vc_col-sm-2\"><div class=\"vc_column-inner\"><div class=\"wpb_wrapper\"><\/div><\/div><\/div><div class=\"wpb_column vc_column_container vc_col-sm-8\"><div class=\"vc_column-inner\"><div class=\"wpb_wrapper\"><div class=\"ult-spacer spacer-69f860b9cf247\" data-id=\"69f860b9cf247\" data-height=\"100\" data-height-mobile=\"40\" data-height-tab=\"\" data-height-tab-portrait=\"\" data-height-mobile-landscape=\"40\" style=\"clear:both;display:block;\"><\/div><div class=\"ult-just-icon-wrapper   vc_custom_1658309197598\"><div class=\"align-icon\" style=\"text-align:left;\">\n<div class=\"aio-icon-img\" style=\"font-size:28px;display:inline-block;\" data-animation=\"fadeIn\" data-animation-delay=\"03\">\n\t<img decoding=\"async\" class=\"img-icon\" alt=\"z\u00e9ro\" src=\"https:\/\/www.rudolf-rost.de\/wp-content\/uploads\/2022\/07\/rr_icons_kompetenz_entwicklung.png\"\/>\n<\/div><\/div><\/div><h4 style=\"font-size: 20px;line-height: 20px;text-align: left\" class=\"vc_custom_heading\" >\u00c9VOLUTION<\/h4>\n\t<div class=\"wpb_text_column wpb_content_element\" >\n\t\t<div class=\"wpb_wrapper\">\n\t\t\t<p>Afin de pouvoir continuer \u00e0 r\u00e9pondre aux exigences du march\u00e9 \u00e0 l'avenir, le d\u00e9veloppement g\u00e9n\u00e9ral de mat\u00e9riaux et de produits dans le cadre d'exigences sp\u00e9cifiques au projet fait partie de nos comp\u00e9tences cl\u00e9s. La mise en \u0153uvre de composants syst\u00e8me test\u00e9s et approuv\u00e9s selon les souhaits du client est au premier plan. Des institutions d'essais externes accr\u00e9dit\u00e9es font partie de notre r\u00e9seau et compl\u00e8tent notre propre laboratoire d'essais. Les validations de produits suivantes sont par exemple possibles:<\/p>\n<ul style=\"list-style-type: square;\">\n<li>Propri\u00e9t\u00e9s dynamiques<\/li>\n<li>Module E (3 points \/ 4 points)<\/li>\n<li>Propri\u00e9t\u00e9s adh\u00e9sives<\/li>\n<\/ul>\n\n\t\t<\/div>\n\t<\/div>\n<div class=\"ult-spacer spacer-69f860b9cfcc3\" data-id=\"69f860b9cfcc3\" data-height=\"100\" data-height-mobile=\"40\" data-height-tab=\"\" data-height-tab-portrait=\"\" data-height-mobile-landscape=\"40\" style=\"clear:both;display:block;\"><\/div><\/div><\/div><\/div><div class=\"wpb_column vc_column_container vc_col-sm-2\"><div class=\"vc_column-inner\"><div class=\"wpb_wrapper\"><\/div><\/div><\/div><\/div><\/div><\/div><\/div><\/div><div class=\"vc_row-full-width vc_clearfix\"><\/div><div class=\"vc_row wpb_row vc_row-fluid\"><div class=\"wpb_column vc_column_container vc_col-sm-12\"><div class=\"vc_column-inner\"><div class=\"wpb_wrapper\"><div class=\"ult-spacer spacer-69f860b9d00a2\" data-id=\"69f860b9d00a2\" data-height=\"200\" data-height-mobile=\"100\" data-height-tab=\"\" data-height-tab-portrait=\"\" data-height-mobile-landscape=\"100\" style=\"clear:both;display:block;\"><\/div><\/div><\/div><\/div><\/div>\n<\/section>","protected":false},"excerpt":{"rendered":"DE L'ID\u00c9E \u00c0 LA SERIE Notre entreprise se distingue par une gestion de projet efficace, des comp\u00e9tences techniques et des sites de fabrication de haute technologie. Nous travaillons en partenariat avec nos clients depuis la premi\u00e8re id\u00e9e jusqu'\u00e0 la production en s\u00e9rie, en passant par la certification, et nous apportons notre exp\u00e9rience de plus de 50 ans. GESTION DES PROJETS Gr\u00e2ce \u00e0 des d\u00e9cennies d'exp\u00e9rience et de comp\u00e9tence dans le traitement de [...]","protected":false},"author":1,"featured_media":0,"parent":379,"menu_order":0,"comment_status":"closed","ping_status":"closed","template":"page.php","meta":{"_acf_changed":false,"iawp_total_views":600,"footnotes":""},"folder":[23],"class_list":["post-1803","page","type-page","status-publish","hentry"],"acf":[],"yoast_head":"<!-- This site is optimized with the Yoast SEO plugin v26.6 - https:\/\/yoast.com\/wordpress\/plugins\/seo\/ -->\n<title>Rudolf Rost Sperrholz GmbH | Kompetenzen<\/title>\n<meta name=\"robots\" content=\"index, follow, max-snippet:-1, max-image-preview:large, max-video-preview:-1\" \/>\n<link rel=\"canonical\" href=\"https:\/\/www.rudolf-rost.de\/fr\/profil\/kompetenzen\/\" \/>\n<meta property=\"og:locale\" content=\"fr_FR\" \/>\n<meta property=\"og:type\" content=\"article\" \/>\n<meta property=\"og:title\" content=\"Rudolf Rost Sperrholz GmbH | Kompetenzen\" \/>\n<meta property=\"og:url\" content=\"https:\/\/www.rudolf-rost.de\/fr\/profil\/kompetenzen\/\" \/>\n<meta property=\"og:site_name\" content=\"Rudolf Rost Sperrholz GmbH\" \/>\n<meta property=\"article:modified_time\" content=\"2022-08-10T15:54:34+00:00\" \/>\n<meta name=\"twitter:card\" content=\"summary_large_image\" \/>\n<meta name=\"twitter:label1\" content=\"Dur\u00e9e de lecture estim\u00e9e\" \/>\n\t<meta name=\"twitter:data1\" content=\"3 minutes\" \/>\n<script type=\"application\/ld+json\" class=\"yoast-schema-graph\">{\"@context\":\"https:\/\/schema.org\",\"@graph\":[{\"@type\":\"WebPage\",\"@id\":\"https:\/\/www.rudolf-rost.de\/de\/profil\/kompetenzen\/\",\"url\":\"https:\/\/www.rudolf-rost.de\/de\/profil\/kompetenzen\/\",\"name\":\"Rudolf Rost Sperrholz GmbH | Kompetenzen\",\"isPartOf\":{\"@id\":\"https:\/\/www.rudolf-rost.de\/de\/#website\"},\"datePublished\":\"2022-07-04T10:13:43+00:00\",\"dateModified\":\"2022-08-10T15:54:34+00:00\",\"breadcrumb\":{\"@id\":\"https:\/\/www.rudolf-rost.de\/de\/profil\/kompetenzen\/#breadcrumb\"},\"inLanguage\":\"fr-FR\",\"potentialAction\":[{\"@type\":\"ReadAction\",\"target\":[\"https:\/\/www.rudolf-rost.de\/de\/profil\/kompetenzen\/\"]}]},{\"@type\":\"BreadcrumbList\",\"@id\":\"https:\/\/www.rudolf-rost.de\/de\/profil\/kompetenzen\/#breadcrumb\",\"itemListElement\":[{\"@type\":\"ListItem\",\"position\":1,\"name\":\"Startseite\",\"item\":\"https:\/\/www.rudolf-rost.de\/de\/\"},{\"@type\":\"ListItem\",\"position\":2,\"name\":\"Profil\",\"item\":\"https:\/\/www.rudolf-rost.de\/en\/profil\/\"},{\"@type\":\"ListItem\",\"position\":3,\"name\":\"Kompetenzen\"}]},{\"@type\":\"WebSite\",\"@id\":\"https:\/\/www.rudolf-rost.de\/de\/#website\",\"url\":\"https:\/\/www.rudolf-rost.de\/de\/\",\"name\":\"Rudolf Rost Sperrholz GmbH\",\"description\":\"Materials and Systems for Interiors\",\"publisher\":{\"@id\":\"https:\/\/www.rudolf-rost.de\/de\/#organization\"},\"potentialAction\":[{\"@type\":\"SearchAction\",\"target\":{\"@type\":\"EntryPoint\",\"urlTemplate\":\"https:\/\/www.rudolf-rost.de\/de\/?s={search_term_string}\"},\"query-input\":{\"@type\":\"PropertyValueSpecification\",\"valueRequired\":true,\"valueName\":\"search_term_string\"}}],\"inLanguage\":\"fr-FR\"},{\"@type\":\"Organization\",\"@id\":\"https:\/\/www.rudolf-rost.de\/de\/#organization\",\"name\":\"Rudolf Rost Sperrholz GmbH\",\"url\":\"https:\/\/www.rudolf-rost.de\/de\/\",\"logo\":{\"@type\":\"ImageObject\",\"inLanguage\":\"fr-FR\",\"@id\":\"https:\/\/www.rudolf-rost.de\/de\/#\/schema\/logo\/image\/\",\"url\":\"https:\/\/www.rudolf-rost.de\/wp-content\/uploads\/2022\/05\/cropped-rr_logo_250.png\",\"contentUrl\":\"https:\/\/www.rudolf-rost.de\/wp-content\/uploads\/2022\/05\/cropped-rr_logo_250.png\",\"width\":512,\"height\":512,\"caption\":\"Rudolf Rost Sperrholz GmbH\"},\"image\":{\"@id\":\"https:\/\/www.rudolf-rost.de\/de\/#\/schema\/logo\/image\/\"},\"sameAs\":[\"https:\/\/de.linkedin.com\/company\/rudolf-rost-sperrholz-gmbh\"]}]}<\/script>\n<!-- \/ Yoast SEO plugin. -->","yoast_head_json":{"title":"Rudolf Rost Sperrholz GmbH | Kompetenzen","robots":{"index":"index","follow":"follow","max-snippet":"max-snippet:-1","max-image-preview":"max-image-preview:large","max-video-preview":"max-video-preview:-1"},"canonical":"https:\/\/www.rudolf-rost.de\/fr\/profil\/kompetenzen\/","og_locale":"fr_FR","og_type":"article","og_title":"Rudolf Rost Sperrholz GmbH | Kompetenzen","og_url":"https:\/\/www.rudolf-rost.de\/fr\/profil\/kompetenzen\/","og_site_name":"Rudolf Rost Sperrholz GmbH","article_modified_time":"2022-08-10T15:54:34+00:00","twitter_card":"summary_large_image","twitter_misc":{"Dur\u00e9e de lecture estim\u00e9e":"3 minutes"},"schema":{"@context":"https:\/\/schema.org","@graph":[{"@type":"WebPage","@id":"https:\/\/www.rudolf-rost.de\/de\/profil\/kompetenzen\/","url":"https:\/\/www.rudolf-rost.de\/de\/profil\/kompetenzen\/","name":"Rudolf Rost Sperrholz GmbH | Kompetenzen","isPartOf":{"@id":"https:\/\/www.rudolf-rost.de\/de\/#website"},"datePublished":"2022-07-04T10:13:43+00:00","dateModified":"2022-08-10T15:54:34+00:00","breadcrumb":{"@id":"https:\/\/www.rudolf-rost.de\/de\/profil\/kompetenzen\/#breadcrumb"},"inLanguage":"fr-FR","potentialAction":[{"@type":"ReadAction","target":["https:\/\/www.rudolf-rost.de\/de\/profil\/kompetenzen\/"]}]},{"@type":"BreadcrumbList","@id":"https:\/\/www.rudolf-rost.de\/de\/profil\/kompetenzen\/#breadcrumb","itemListElement":[{"@type":"ListItem","position":1,"name":"Startseite","item":"https:\/\/www.rudolf-rost.de\/de\/"},{"@type":"ListItem","position":2,"name":"Profil","item":"https:\/\/www.rudolf-rost.de\/en\/profil\/"},{"@type":"ListItem","position":3,"name":"Kompetenzen"}]},{"@type":"WebSite","@id":"https:\/\/www.rudolf-rost.de\/de\/#website","url":"https:\/\/www.rudolf-rost.de\/de\/","name":"Rudolf Rost Sperrholz GmbH","description":"Materials and Systems for Interiors","publisher":{"@id":"https:\/\/www.rudolf-rost.de\/de\/#organization"},"potentialAction":[{"@type":"SearchAction","target":{"@type":"EntryPoint","urlTemplate":"https:\/\/www.rudolf-rost.de\/de\/?s={search_term_string}"},"query-input":{"@type":"PropertyValueSpecification","valueRequired":true,"valueName":"search_term_string"}}],"inLanguage":"fr-FR"},{"@type":"Organization","@id":"https:\/\/www.rudolf-rost.de\/de\/#organization","name":"Rudolf Rost Sperrholz GmbH","url":"https:\/\/www.rudolf-rost.de\/de\/","logo":{"@type":"ImageObject","inLanguage":"fr-FR","@id":"https:\/\/www.rudolf-rost.de\/de\/#\/schema\/logo\/image\/","url":"https:\/\/www.rudolf-rost.de\/wp-content\/uploads\/2022\/05\/cropped-rr_logo_250.png","contentUrl":"https:\/\/www.rudolf-rost.de\/wp-content\/uploads\/2022\/05\/cropped-rr_logo_250.png","width":512,"height":512,"caption":"Rudolf Rost Sperrholz GmbH"},"image":{"@id":"https:\/\/www.rudolf-rost.de\/de\/#\/schema\/logo\/image\/"},"sameAs":["https:\/\/de.linkedin.com\/company\/rudolf-rost-sperrholz-gmbh"]}]}},"_links":{"self":[{"href":"https:\/\/www.rudolf-rost.de\/fr\/wp-json\/wp\/v2\/pages\/1803","targetHints":{"allow":["GET"]}}],"collection":[{"href":"https:\/\/www.rudolf-rost.de\/fr\/wp-json\/wp\/v2\/pages"}],"about":[{"href":"https:\/\/www.rudolf-rost.de\/fr\/wp-json\/wp\/v2\/types\/page"}],"author":[{"embeddable":true,"href":"https:\/\/www.rudolf-rost.de\/fr\/wp-json\/wp\/v2\/users\/1"}],"replies":[{"embeddable":true,"href":"https:\/\/www.rudolf-rost.de\/fr\/wp-json\/wp\/v2\/comments?post=1803"}],"version-history":[{"count":84,"href":"https:\/\/www.rudolf-rost.de\/fr\/wp-json\/wp\/v2\/pages\/1803\/revisions"}],"predecessor-version":[{"id":4197,"href":"https:\/\/www.rudolf-rost.de\/fr\/wp-json\/wp\/v2\/pages\/1803\/revisions\/4197"}],"up":[{"embeddable":true,"href":"https:\/\/www.rudolf-rost.de\/fr\/wp-json\/wp\/v2\/pages\/379"}],"wp:attachment":[{"href":"https:\/\/www.rudolf-rost.de\/fr\/wp-json\/wp\/v2\/media?parent=1803"}],"wp:term":[{"taxonomy":"folder","embeddable":true,"href":"https:\/\/www.rudolf-rost.de\/fr\/wp-json\/wp\/v2\/folder?post=1803"}],"curies":[{"name":"wp","href":"https:\/\/api.w.org\/{rel}","templated":true}]}}