{"id":2937,"date":"2022-07-18T09:48:01","date_gmt":"2022-07-18T07:48:01","guid":{"rendered":"https:\/\/rudolf-rost.de\/?page_id=2937"},"modified":"2025-01-14T10:44:04","modified_gmt":"2025-01-14T09:44:04","slug":"impressum","status":"publish","type":"page","link":"https:\/\/www.rudolf-rost.de\/fr\/impressum\/","title":{"rendered":"Mentions l\u00e9gales"},"content":{"rendered":"<section class=\"wpb-content-wrapper\"><div class=\"vc_row wpb_row vc_row-fluid\"><div class=\"wpb_column vc_column_container vc_col-sm-12\"><div class=\"vc_column-inner\"><div class=\"wpb_wrapper\"><div class=\"ult-spacer spacer-69f0da4667dd1\" data-id=\"69f0da4667dd1\" data-height=\"80\" data-height-mobile=\"80\" data-height-tab=\"80\" data-height-tab-portrait=\"\" data-height-mobile-landscape=\"\" style=\"clear:both;display:block;\"><\/div><\/div><\/div><\/div><\/div><div class=\"vc_row wpb_row vc_row-fluid vc_row-o-content-middle vc_row-flex\"><div class=\"wpb_column vc_column_container vc_col-sm-12\"><div class=\"vc_column-inner\"><div class=\"wpb_wrapper\"><div class=\"vc_row wpb_row vc_inner vc_row-fluid\"><div class=\"wpb_column vc_column_container vc_col-sm-4\"><div class=\"vc_column-inner\"><div class=\"wpb_wrapper\">\n\t<div class=\"wpb_text_column wpb_content_element\" >\n\t\t<div class=\"wpb_wrapper\">\n\t\t\t<h5><span style=\"color: #0d8161;\">Responsable du traitement<\/span><\/h5>\n<h6><\/h6>\n<h6>Rudolf Rost Contreplaqu\u00e9 GmbH<\/h6>\n<p>Lohe 4<br \/>\n25462 Rellingen<\/p>\n<h6><span style=\"color: #9e9e9e;\">Gestion de l'entreprise<\/span><\/h6>\n<p>Rebekka Roschning, Katja Rost, Dr Werner Schnitzend\u00f6bel<\/p>\n<h6><span style=\"color: #9e9e9e;\">Nous contacter<\/span><\/h6>\n<p>T\u00e9l\u00e9phone: 04101 5939-0<br \/>\nCourriel: info@rudolf-rost.de<\/p>\n<h6><span style=\"color: #9e9e9e;\">Num\u00e9ro de TVA<\/span><\/h6>\n<p>DE118593244<\/p>\n<h6><span style=\"color: #9e9e9e;\">Num\u00e9ro d'identification fiscale<\/span><\/h6>\n<p>18.296.17151<\/p>\n<h6><span style=\"color: #9e9e9e;\">Registre du commerce<\/span><\/h6>\n<p>Registre officiel Pinneberg HRB 4769<\/p>\n\n\t\t<\/div>\n\t<\/div>\n<\/div><\/div><\/div><div class=\"wpb_column vc_column_container vc_col-sm-4\"><div class=\"vc_column-inner\"><div class=\"wpb_wrapper\">\n\t<div class=\"wpb_text_column wpb_content_element\" >\n\t\t<div class=\"wpb_wrapper\">\n\t\t\t<h5><span style=\"color: #0d8161;\">Usine de fabrication<\/span><\/h5>\n<h6>Rudolf Rost Interiors GmbH<\/h6>\n<p>Lohe 4<br \/>\n25462 Rellingen<\/p>\n<h6><span style=\"color: #9e9e9e;\">Nous contacter<\/span><\/h6>\n<p>T\u00e9l\u00e9phone: 04101 5939-0<\/p>\n<h6><span style=\"color: #9e9e9e;\">Num\u00e9ro de TVA<\/span><\/h6>\n<p>FR 141785149<\/p>\n<h6><span style=\"color: #9e9e9e;\">Num\u00e9ro d'identification fiscale<\/span><\/h6>\n<p>18.296.17048<\/p>\n<h6><span style=\"color: #9e9e9e;\">Registre du commerce<\/span><\/h6>\n<p>Tribunal d'instance de Pinneberg HRB 4993<\/p>\n\n\t\t<\/div>\n\t<\/div>\n<\/div><\/div><\/div><div class=\"wpb_column vc_column_container vc_col-sm-4\"><div class=\"vc_column-inner\"><div class=\"wpb_wrapper\">\n\t<div class=\"wpb_text_column wpb_content_element\" >\n\t\t<div class=\"wpb_wrapper\">\n\t\t\t<h5><span style=\"color: #0d8161;\">Site de production<\/span><\/h5>\n<h6>Rudolf Rost Interiors GmbH<\/h6>\n<p>Route a\u00e9rienne 8<br \/>\n76532 Baden-Oos<\/p>\n<h6><span style=\"color: #9e9e9e;\">Gestion de l'entreprise<\/span><\/h6>\n<p>Katja Rost et Rebekka Roschning<\/p>\n<h6><span style=\"color: #9e9e9e;\">Nous contacter<\/span><\/h6>\n<p>T\u00e9l\u00e9phone: 07221 97119-66<\/p>\n\n\t\t<\/div>\n\t<\/div>\n<\/div><\/div><\/div><\/div><\/div><\/div><\/div><\/div><!-- Row Backgrounds --><div class=\"upb_color\" data-bg-override=\"0\" data-bg-color=\"#ffffff\" data-fadeout=\"\" data-fadeout-percentage=\"30\" data-parallax-content=\"\" data-parallax-content-sense=\"30\" data-row-effect-mobile-disable=\"true\" data-img-parallax-mobile-disable=\"true\" data-rtl=\"false\"  data-custom-vc-row=\"\"  data-vc=\"6.13.0\"  data-is_old_vc=\"\"  data-theme-support=\"\"   data-overlay=\"false\" data-overlay-color=\"\" data-overlay-pattern=\"\" data-overlay-pattern-opacity=\"\" data-overlay-pattern-size=\"\"    ><\/div><div class=\"vc_row wpb_row vc_row-fluid\"><div class=\"wpb_column vc_column_container vc_col-sm-12\"><div class=\"vc_column-inner\"><div class=\"wpb_wrapper\"><div class=\"ult-spacer spacer-69f0da4669e52\" data-id=\"69f0da4669e52\" data-height=\"50\" data-height-mobile=\"50\" data-height-tab=\"50\" data-height-tab-portrait=\"\" data-height-mobile-landscape=\"\" style=\"clear:both;display:block;\"><\/div><div class=\"vc_separator wpb_content_element vc_separator_align_center vc_sep_width_100 vc_sep_pos_align_center vc_separator_no_text vc_sep_color_grey\" ><span class=\"vc_sep_holder vc_sep_holder_l\"><span class=\"vc_sep_line\"><\/span><\/span><span class=\"vc_sep_holder vc_sep_holder_r\"><span class=\"vc_sep_line\"><\/span><\/span>\n<\/div><div class=\"ult-spacer spacer-69f0da466a08c\" data-id=\"69f0da466a08c\" data-height=\"80\" data-height-mobile=\"80\" data-height-tab=\"80\" data-height-tab-portrait=\"\" data-height-mobile-landscape=\"\" style=\"clear:both;display:block;\"><\/div><\/div><\/div><\/div><\/div><div class=\"vc_row wpb_row vc_row-fluid\"><div class=\"wpb_column vc_column_container vc_col-sm-12\"><div class=\"vc_column-inner\"><div class=\"wpb_wrapper\">\n\t<div class=\"wpb_text_column wpb_content_element\" >\n\t\t<div class=\"wpb_wrapper\">\n\t\t\t<h5><span style=\"color: #0d8161;\">Mentions l\u00e9gales selon \u00a75 DDG, mentions l\u00e9gales, informations g\u00e9n\u00e9rales:<\/span><\/h5>\n<p>Comme Rudolf Rost Sperrholz GmbH ne dispose d'aucune possibilit\u00e9 de contr\u00f4le en ce qui concerne les autres sites ou sources reli\u00e9s par des liens, nous ne sommes ni responsables ni responsables. Nous n'approuvons pas le contenu accessible sur ou via ces sites ou sources et d\u00e9clinons toute responsabilit\u00e9 ou garantie \u00e0 leur \u00e9gard. Rudolf Rost Sperrholz GmbH ne peut donc pas non plus \u00eatre tenu responsable, directement ou indirectement, des dommages ou pertes r\u00e9sultant ou r\u00e9sultant de ou en relation avec l'utilisation d'un contenu ou en se fiant \u00e0 un tel contenu ou \u00e0 des biens ou services obtenus via de tels sites ou sources.<br \/>\nPar la pr\u00e9sente, nous acceptons express\u00e9ment tous les droits de tiers sur leurs images et textes \u00e9ventuellement publi\u00e9s ici, ainsi que sur leurs marques de commerce. L'utilisation d'un tel mat\u00e9riel n'est express\u00e9ment pas destin\u00e9e \u00e0 notre enrichissement, mais sert uniquement \u00e0 la r\u00e9alisation visuelle rapide et \u00e0 la valeur de reconnaissance des produits et services de ces tiers.<\/p>\n\n\t\t<\/div>\n\t<\/div>\n<\/div><\/div><\/div><\/div><div class=\"vc_row wpb_row vc_row-fluid\"><div class=\"wpb_column vc_column_container vc_col-sm-12\"><div class=\"vc_column-inner\"><div class=\"wpb_wrapper\"><div class=\"ult-spacer spacer-69f0da466a6ee\" data-id=\"69f0da466a6ee\" data-height=\"100\" data-height-mobile=\"100\" data-height-tab=\"100\" data-height-tab-portrait=\"\" data-height-mobile-landscape=\"\" style=\"clear:both;display:block;\"><\/div><\/div><\/div><\/div><\/div>\n<\/section>","protected":false},"excerpt":{"rendered":"Responsable Rudolf Rost Contreplaqu\u00e9 GmbH Lohe 4 25462 Rellingen Direction Rebekka Roschning, Katja Rost, Dr. Werner Schnitzend\u00f6bel Contact T\u00e9l\u00e9phone: 04101 5939-0 Courriel: info@rudolf-rost.de TVA ID DE118593244 Num\u00e9ro d'identification fiscale 18.296.17151 Registre du commerce Registre officiel Pinneberg HRB 4769 Entreprise de fabrication Rudolf Rost Interiors GmbH Lohe 4 25462 Rellingen Contact T\u00e9l\u00e9phone: 04101 5939-0 TVA ID DE 141785149 Num\u00e9ro d'identification fiscale 18.296.17048 Registre du commerce Tribunal d'instance Pinneberg HRB 4993 [...]","protected":false},"author":1,"featured_media":0,"parent":0,"menu_order":0,"comment_status":"closed","ping_status":"closed","template":"page.php","meta":{"_acf_changed":false,"iawp_total_views":844,"footnotes":""},"folder":[37],"class_list":["post-2937","page","type-page","status-publish","hentry"],"acf":[],"yoast_head":"<!-- This site is optimized with the Yoast SEO plugin v26.6 - https:\/\/yoast.com\/wordpress\/plugins\/seo\/ -->\n<title>Rudolf Rost Sperrholz GmbH | Impressum<\/title>\n<meta name=\"robots\" content=\"index, follow, max-snippet:-1, max-image-preview:large, max-video-preview:-1\" \/>\n<link rel=\"canonical\" href=\"https:\/\/www.rudolf-rost.de\/fr\/impressum\/\" \/>\n<meta property=\"og:locale\" content=\"fr_FR\" \/>\n<meta property=\"og:type\" content=\"article\" \/>\n<meta property=\"og:title\" content=\"Rudolf Rost Sperrholz GmbH | Impressum\" \/>\n<meta property=\"og:url\" content=\"https:\/\/www.rudolf-rost.de\/fr\/impressum\/\" \/>\n<meta property=\"og:site_name\" content=\"Rudolf Rost Sperrholz GmbH\" \/>\n<meta property=\"article:modified_time\" content=\"2025-01-14T09:44:04+00:00\" \/>\n<meta name=\"twitter:card\" content=\"summary_large_image\" \/>\n<meta name=\"twitter:label1\" content=\"Dur\u00e9e de lecture estim\u00e9e\" \/>\n\t<meta name=\"twitter:data1\" content=\"2 minutes\" \/>\n<script type=\"application\/ld+json\" class=\"yoast-schema-graph\">{\"@context\":\"https:\/\/schema.org\",\"@graph\":[{\"@type\":\"WebPage\",\"@id\":\"https:\/\/www.rudolf-rost.de\/de\/impressum\/\",\"url\":\"https:\/\/www.rudolf-rost.de\/de\/impressum\/\",\"name\":\"Rudolf Rost Sperrholz GmbH | Impressum\",\"isPartOf\":{\"@id\":\"https:\/\/www.rudolf-rost.de\/de\/#website\"},\"datePublished\":\"2022-07-18T07:48:01+00:00\",\"dateModified\":\"2025-01-14T09:44:04+00:00\",\"breadcrumb\":{\"@id\":\"https:\/\/www.rudolf-rost.de\/de\/impressum\/#breadcrumb\"},\"inLanguage\":\"fr-FR\",\"potentialAction\":[{\"@type\":\"ReadAction\",\"target\":[\"https:\/\/www.rudolf-rost.de\/de\/impressum\/\"]}]},{\"@type\":\"BreadcrumbList\",\"@id\":\"https:\/\/www.rudolf-rost.de\/de\/impressum\/#breadcrumb\",\"itemListElement\":[{\"@type\":\"ListItem\",\"position\":1,\"name\":\"Startseite\",\"item\":\"https:\/\/www.rudolf-rost.de\/de\/\"},{\"@type\":\"ListItem\",\"position\":2,\"name\":\"Impressum\"}]},{\"@type\":\"WebSite\",\"@id\":\"https:\/\/www.rudolf-rost.de\/de\/#website\",\"url\":\"https:\/\/www.rudolf-rost.de\/de\/\",\"name\":\"Rudolf Rost Sperrholz GmbH\",\"description\":\"Materials and Systems for Interiors\",\"publisher\":{\"@id\":\"https:\/\/www.rudolf-rost.de\/de\/#organization\"},\"potentialAction\":[{\"@type\":\"SearchAction\",\"target\":{\"@type\":\"EntryPoint\",\"urlTemplate\":\"https:\/\/www.rudolf-rost.de\/de\/?s={search_term_string}\"},\"query-input\":{\"@type\":\"PropertyValueSpecification\",\"valueRequired\":true,\"valueName\":\"search_term_string\"}}],\"inLanguage\":\"fr-FR\"},{\"@type\":\"Organization\",\"@id\":\"https:\/\/www.rudolf-rost.de\/de\/#organization\",\"name\":\"Rudolf Rost Sperrholz GmbH\",\"url\":\"https:\/\/www.rudolf-rost.de\/de\/\",\"logo\":{\"@type\":\"ImageObject\",\"inLanguage\":\"fr-FR\",\"@id\":\"https:\/\/www.rudolf-rost.de\/de\/#\/schema\/logo\/image\/\",\"url\":\"https:\/\/www.rudolf-rost.de\/wp-content\/uploads\/2022\/05\/cropped-rr_logo_250.png\",\"contentUrl\":\"https:\/\/www.rudolf-rost.de\/wp-content\/uploads\/2022\/05\/cropped-rr_logo_250.png\",\"width\":512,\"height\":512,\"caption\":\"Rudolf Rost Sperrholz GmbH\"},\"image\":{\"@id\":\"https:\/\/www.rudolf-rost.de\/de\/#\/schema\/logo\/image\/\"},\"sameAs\":[\"https:\/\/de.linkedin.com\/company\/rudolf-rost-sperrholz-gmbh\"]}]}<\/script>\n<!-- \/ Yoast SEO plugin. -->","yoast_head_json":{"title":"Rudolf Rost Sperrholz GmbH | Impressum","robots":{"index":"index","follow":"follow","max-snippet":"max-snippet:-1","max-image-preview":"max-image-preview:large","max-video-preview":"max-video-preview:-1"},"canonical":"https:\/\/www.rudolf-rost.de\/fr\/impressum\/","og_locale":"fr_FR","og_type":"article","og_title":"Rudolf Rost Sperrholz GmbH | Impressum","og_url":"https:\/\/www.rudolf-rost.de\/fr\/impressum\/","og_site_name":"Rudolf Rost Sperrholz GmbH","article_modified_time":"2025-01-14T09:44:04+00:00","twitter_card":"summary_large_image","twitter_misc":{"Dur\u00e9e de lecture estim\u00e9e":"2 minutes"},"schema":{"@context":"https:\/\/schema.org","@graph":[{"@type":"WebPage","@id":"https:\/\/www.rudolf-rost.de\/de\/impressum\/","url":"https:\/\/www.rudolf-rost.de\/de\/impressum\/","name":"Rudolf Rost Sperrholz GmbH | Impressum","isPartOf":{"@id":"https:\/\/www.rudolf-rost.de\/de\/#website"},"datePublished":"2022-07-18T07:48:01+00:00","dateModified":"2025-01-14T09:44:04+00:00","breadcrumb":{"@id":"https:\/\/www.rudolf-rost.de\/de\/impressum\/#breadcrumb"},"inLanguage":"fr-FR","potentialAction":[{"@type":"ReadAction","target":["https:\/\/www.rudolf-rost.de\/de\/impressum\/"]}]},{"@type":"BreadcrumbList","@id":"https:\/\/www.rudolf-rost.de\/de\/impressum\/#breadcrumb","itemListElement":[{"@type":"ListItem","position":1,"name":"Startseite","item":"https:\/\/www.rudolf-rost.de\/de\/"},{"@type":"ListItem","position":2,"name":"Impressum"}]},{"@type":"WebSite","@id":"https:\/\/www.rudolf-rost.de\/de\/#website","url":"https:\/\/www.rudolf-rost.de\/de\/","name":"Rudolf Rost Sperrholz GmbH","description":"Materials and Systems for Interiors","publisher":{"@id":"https:\/\/www.rudolf-rost.de\/de\/#organization"},"potentialAction":[{"@type":"SearchAction","target":{"@type":"EntryPoint","urlTemplate":"https:\/\/www.rudolf-rost.de\/de\/?s={search_term_string}"},"query-input":{"@type":"PropertyValueSpecification","valueRequired":true,"valueName":"search_term_string"}}],"inLanguage":"fr-FR"},{"@type":"Organization","@id":"https:\/\/www.rudolf-rost.de\/de\/#organization","name":"Rudolf Rost Sperrholz GmbH","url":"https:\/\/www.rudolf-rost.de\/de\/","logo":{"@type":"ImageObject","inLanguage":"fr-FR","@id":"https:\/\/www.rudolf-rost.de\/de\/#\/schema\/logo\/image\/","url":"https:\/\/www.rudolf-rost.de\/wp-content\/uploads\/2022\/05\/cropped-rr_logo_250.png","contentUrl":"https:\/\/www.rudolf-rost.de\/wp-content\/uploads\/2022\/05\/cropped-rr_logo_250.png","width":512,"height":512,"caption":"Rudolf Rost Sperrholz GmbH"},"image":{"@id":"https:\/\/www.rudolf-rost.de\/de\/#\/schema\/logo\/image\/"},"sameAs":["https:\/\/de.linkedin.com\/company\/rudolf-rost-sperrholz-gmbh"]}]}},"_links":{"self":[{"href":"https:\/\/www.rudolf-rost.de\/fr\/wp-json\/wp\/v2\/pages\/2937","targetHints":{"allow":["GET"]}}],"collection":[{"href":"https:\/\/www.rudolf-rost.de\/fr\/wp-json\/wp\/v2\/pages"}],"about":[{"href":"https:\/\/www.rudolf-rost.de\/fr\/wp-json\/wp\/v2\/types\/page"}],"author":[{"embeddable":true,"href":"https:\/\/www.rudolf-rost.de\/fr\/wp-json\/wp\/v2\/users\/1"}],"replies":[{"embeddable":true,"href":"https:\/\/www.rudolf-rost.de\/fr\/wp-json\/wp\/v2\/comments?post=2937"}],"version-history":[{"count":23,"href":"https:\/\/www.rudolf-rost.de\/fr\/wp-json\/wp\/v2\/pages\/2937\/revisions"}],"predecessor-version":[{"id":4678,"href":"https:\/\/www.rudolf-rost.de\/fr\/wp-json\/wp\/v2\/pages\/2937\/revisions\/4678"}],"wp:attachment":[{"href":"https:\/\/www.rudolf-rost.de\/fr\/wp-json\/wp\/v2\/media?parent=2937"}],"wp:term":[{"taxonomy":"folder","embeddable":true,"href":"https:\/\/www.rudolf-rost.de\/fr\/wp-json\/wp\/v2\/folder?post=2937"}],"curies":[{"name":"wp","href":"https:\/\/api.w.org\/{rel}","templated":true}]}}