{"id":3121,"date":"2022-07-19T15:00:35","date_gmt":"2022-07-19T13:00:35","guid":{"rendered":"https:\/\/rudolf-rost.de\/?page_id=3121"},"modified":"2022-08-01T23:57:34","modified_gmt":"2022-08-01T21:57:34","slug":"materialien","status":"publish","type":"page","link":"https:\/\/www.rudolf-rost.de\/fr\/materialien\/","title":{"rendered":"mat\u00e9riaux"},"content":{"rendered":"<section class=\"wpb-content-wrapper\"><div class=\"vc_row wpb_row vc_row-fluid\"><div class=\"wpb_column vc_column_container vc_col-sm-12\"><div class=\"vc_column-inner\"><div class=\"wpb_wrapper\"><div class=\"ult-spacer spacer-69f0da3eea286\" data-id=\"69f0da3eea286\" data-height=\"150\" data-height-mobile=\"50\" data-height-tab=\"100\" data-height-tab-portrait=\"100\" data-height-mobile-landscape=\"50\" style=\"clear:both;display:block;\"><\/div><div class=\"vc_row wpb_row vc_inner vc_row-fluid\"><div class=\"wpb_column vc_column_container vc_col-sm-2\"><div class=\"vc_column-inner\"><div class=\"wpb_wrapper\"><\/div><\/div><\/div><div class=\"wpb_column vc_column_container vc_col-sm-8\"><div class=\"vc_column-inner\"><div class=\"wpb_wrapper\"><h3 style=\"font-size: 26px;color: #0d8161;line-height: 36px;text-align: center\" class=\"vc_custom_heading\" >MAT\u00c9RIAUX G\u00c9N\u00c9R\u00c9S POUR LES APPLICATIONS PRODUITS PROGRESSIVES<\/h3>\n\t<div class=\"wpb_text_column wpb_content_element\" >\n\t\t<div class=\"wpb_wrapper\">\n\t\t\t<p style=\"text-align: center;\">Nos mat\u00e9riaux de construction s\u00e9duisent par leur flexibilit\u00e9 d'application et de traitement et r\u00e9pondent aux exigences d'insonorisation et d'insonorisation requises pour la construction de v\u00e9hicules ferroviaires ou navals. Mais nos mat\u00e9riaux sont \u00e9galement utilis\u00e9s dans de nombreux autres domaines, tels que la construction de v\u00e9hicules et de meubles, la fabrication de portes fonctionnelles et de chambres froides, ainsi que dans l'audio\/HiFi.<\/p>\n<p style=\"text-align: center;\">Quel que soit l'int\u00e9rieur roulant ou flottant dans lequel vous vous d\u00e9placez, les produits fabriqu\u00e9s \u00e0 partir de nos mat\u00e9riaux vous offrent confort et confort et r\u00e9pondent \u00e0 vos exigences techniques.<\/p>\n\n\t\t<\/div>\n\t<\/div>\n<\/div><\/div><\/div><div class=\"wpb_column vc_column_container vc_col-sm-2\"><div class=\"vc_column-inner\"><div class=\"wpb_wrapper\"><\/div><\/div><\/div><\/div><\/div><\/div><\/div><\/div><div class=\"vc_row wpb_row vc_row-fluid vc_custom_1620828648026\"><div class=\"wpb_animate_when_almost_visible wpb_fadeInUp fadeInUp wpb_column vc_column_container vc_col-sm-12\"><div class=\"vc_column-inner\"><div class=\"wpb_wrapper\"><div class=\"vc_row wpb_row vc_inner vc_row-fluid\"><div class=\"wpb_column vc_column_container vc_col-sm-4\"><div class=\"vc_column-inner\"><div class=\"wpb_wrapper\"><div id=\"ultib3-243232382769f0da3eecf6d\" class=\"ultb3-box ult-adjust-bottom-margin\" style=\"\"><div class=\"ultb3-box-overlay\" style=\"background:rgba(13,129,97,0.86);\"><\/div><img decoding=\"async\" src=\"https:\/\/www.rudolf-rost.de\/wp-content\/uploads\/2022\/07\/rr_materialien_banner_schiene.jpg\" style=\"\" class=\"ultb3-img ultb3-img-center\" alt=\"z\u00e9ro\"\/><div id=\"Info-banner-wrap1304\" class=\"ultb3-info ib3-info-center\" data-animation=\"\" data-animation-delay=\"03\"><div class=\"ultb3-title ult-responsive\"  data-ultimate-target='#Info-banner-wrap1304 .ultb3-title'  data-responsive-json-new='{\"font-size\":\"desktop:20px;\",\"line-height\":\"\"}'  style=\"font-family:Hind;font-weight:500;color:#ffffff;\">APPLICATION FERROVIAIRE<\/div><div class=\"ultb3-desc ult-responsive\"  data-ultimate-target='#Info-banner-wrap1304 .ultb3-desc'  data-responsive-json-new='{\"font-size\":\"desktop:14px;\",\"line-height\":\"desktop:22px;\"}'  style=\"font-family:Open Sans;font-weight:300;color:#ffffff;\">Sp\u00e9cialement adapt\u00e9 aux besoins de la construction moderne de wagons. D\u00e9tails :<\/div><a href=\"https:\/\/www.rudolf-rost.de\/fr\/materialien-schiene\/\" title=\"Mat\u00e9riaux rail\"  class=\"ultb3-btn ult-responsive\"  data-ultimate-target='#Info-banner-wrap1304 .ultb3-btn'  data-responsive-json-new='{\"font-size\":\"desktop:14px;\",\"line-height\":\"\"}'  style=\"font-family:Open Sans;font-weight:600;\">MAT\u00c9RIAUX PORT\u00c9E<i class=\"Defaults-angle-right\"><\/i><\/a><\/div><\/div><style>\n\t\t\t\t\t#ultib3-243232382769f0da3eecf6d {\n\t\t\t\t\t\tmin-height:300px;\n\t\t\t\t\t}\n\t\t\t\t\t#ultib3-243232382769f0da3eecf6d img.ultb3-img {\n\t\t\t\t\t\theight: px;\n\t\t\t\t\t}\n\t\t\t\t\t#ultib3-243232382769f0da3eecf6d .ultb3-btn {\n\t\t\t\t\t\tborder:2px solid #ffffff;border-radius:0px;color:#ffffff;\n\t\t\t\t\t}\n\t\t\t\t\t#ultib3-243232382769f0da3eecf6d .ultb3-btn:hover {\n\t\t\t\t\t\tbackground:#ffffff;color:#0d8161;\n\t\t\t\t\t}\n\t\t\t\t<\/style><\/div><\/div><\/div><div class=\"wpb_column vc_column_container vc_col-sm-4\"><div class=\"vc_column-inner\"><div class=\"wpb_wrapper\"><div class=\"ult-spacer spacer-69f0da3eed1df\" data-id=\"69f0da3eed1df\" data-height=\"0\" data-height-mobile=\"40\" data-height-tab=\"\" data-height-tab-portrait=\"\" data-height-mobile-landscape=\"40\" style=\"clear:both;display:block;\"><\/div><div id=\"ultib3-421369898769f0da3eedb50\" class=\"ultb3-box ult-adjust-bottom-margin\" style=\"\"><div class=\"ultb3-box-overlay\" style=\"background:rgba(13,129,97,0.85);\"><\/div><img decoding=\"async\" src=\"https:\/\/www.rudolf-rost.de\/wp-content\/uploads\/2022\/07\/rr_materialien_banner_schiff_b.jpg\" style=\"\" class=\"ultb3-img ultb3-img-center\" alt=\"z\u00e9ro\"\/><div id=\"Info-banner-wrap4950\" class=\"ultb3-info ib3-info-center\" data-animation=\"\" data-animation-delay=\"03\"><div class=\"ultb3-title ult-responsive\"  data-ultimate-target='#Info-banner-wrap4950 .ultb3-title'  data-responsive-json-new='{\"font-size\":\"desktop:20px;\",\"line-height\":\"\"}'  style=\"font-family:Hind;font-weight:500;color:#ffffff;\">APPLICATION NAVIRES<\/div><div class=\"ultb3-desc ult-responsive\"  data-ultimate-target='#Info-banner-wrap4950 .ultb3-desc'  data-responsive-json-new='{\"font-size\":\"desktop:14px;\",\"line-height\":\"desktop:22px;\"}'  style=\"font-family:Open Sans;font-weight:300;color:#ffffff;\">Mat\u00e9riaux et composants l\u00e9gers et inflammables. D\u00e9tails :<\/div><a href=\"https:\/\/www.rudolf-rost.de\/fr\/materialien-schiene\/\" title=\"Mat\u00e9riaux rail\"  class=\"ultb3-btn ult-responsive\"  data-ultimate-target='#Info-banner-wrap4950 .ultb3-btn'  data-responsive-json-new='{\"font-size\":\"desktop:14px;\",\"line-height\":\"\"}'  style=\"font-family:Open Sans;font-weight:600;\">MAT\u00c9RIAUX NAVIRES<i class=\"Defaults-angle-right\"><\/i><\/a><\/div><\/div><style>\n\t\t\t\t\t#ultib3-421369898769f0da3eedb50 {\n\t\t\t\t\t\tmin-height:300px;\n\t\t\t\t\t}\n\t\t\t\t\t#ultib3-421369898769f0da3eedb50 img.ultb3-img {\n\t\t\t\t\t\theight: px;\n\t\t\t\t\t}\n\t\t\t\t\t#ultib3-421369898769f0da3eedb50 .ultb3-btn {\n\t\t\t\t\t\tborder:2px solid #ffffff;border-radius:0px;color:#ffffff;\n\t\t\t\t\t}\n\t\t\t\t\t#ultib3-421369898769f0da3eedb50 .ultb3-btn:hover {\n\t\t\t\t\t\tbackground:#ffffff;color:#0d8161;\n\t\t\t\t\t}\n\t\t\t\t<\/style><\/div><\/div><\/div><div class=\"wpb_column vc_column_container vc_col-sm-4\"><div class=\"vc_column-inner\"><div class=\"wpb_wrapper\"><div class=\"ult-spacer spacer-69f0da3eedd9e\" data-id=\"69f0da3eedd9e\" data-height=\"0\" data-height-mobile=\"40\" data-height-tab=\"\" data-height-tab-portrait=\"\" data-height-mobile-landscape=\"40\" style=\"clear:both;display:block;\"><\/div><div id=\"ultib3-42664684869f0da3eee69f\" class=\"ultb3-box ult-adjust-bottom-margin\" style=\"\"><div class=\"ultb3-box-overlay\" style=\"background:rgba(13,129,97,0.75);\"><\/div><img decoding=\"async\" src=\"https:\/\/www.rudolf-rost.de\/wp-content\/uploads\/2022\/07\/rr_materialien_banner_weitere_b.jpg\" style=\"\" class=\"ultb3-img ultb3-img-center\" alt=\"z\u00e9ro\"\/><div id=\"Info-banner-wrap7136\" class=\"ultb3-info ib3-info-center\" data-animation=\"\" data-animation-delay=\"03\"><div class=\"ultb3-title ult-responsive\"  data-ultimate-target='#Info-banner-wrap7136 .ultb3-title'  data-responsive-json-new='{\"font-size\":\"desktop:20px;\",\"line-height\":\"\"}'  style=\"font-family:Hind;font-weight:500;color:#ffffff;\">AUTRES APPLICATIONS<\/div><div class=\"ultb3-desc ult-responsive\"  data-ultimate-target='#Info-banner-wrap7136 .ultb3-desc'  data-responsive-json-new='{\"font-size\":\"desktop:14px;\",\"line-height\":\"desktop:22px;\"}'  style=\"font-family:Open Sans;font-weight:300;color:#ffffff;\">Aussi vari\u00e9 que les t\u00e2ches, aussi individuel que votre projet. Demandez-nous!<\/div><a href=\"https:\/\/www.rudolf-rost.de\/fr\/kontakt\/\" title=\"Nous contacter\"  class=\"ultb3-btn ult-responsive\"  data-ultimate-target='#Info-banner-wrap7136 .ultb3-btn'  data-responsive-json-new='{\"font-size\":\"desktop:14px;\",\"line-height\":\"\"}'  style=\"font-family:Open Sans;font-weight:600;\">CONTACT<i class=\"Defaults-angle-right\"><\/i><\/a><\/div><\/div><style>\n\t\t\t\t\t#ultib3-42664684869f0da3eee69f {\n\t\t\t\t\t\tmin-height:300px;\n\t\t\t\t\t}\n\t\t\t\t\t#ultib3-42664684869f0da3eee69f img.ultb3-img {\n\t\t\t\t\t\theight: px;\n\t\t\t\t\t}\n\t\t\t\t\t#ultib3-42664684869f0da3eee69f .ultb3-btn {\n\t\t\t\t\t\tborder:2px solid #ffffff;border-radius:0px;color:#ffffff;\n\t\t\t\t\t}\n\t\t\t\t\t#ultib3-42664684869f0da3eee69f .ultb3-btn:hover {\n\t\t\t\t\t\tbackground:#ffffff;color:#0d8161;\n\t\t\t\t\t}\n\t\t\t\t<\/style><\/div><\/div><\/div><\/div><\/div><\/div><\/div><\/div><!-- Row Backgrounds --><div class=\"upb_color\" data-bg-override=\"ex-full\" data-bg-color=\"#ffffff\" data-fadeout=\"\" data-fadeout-percentage=\"30\" data-parallax-content=\"\" data-parallax-content-sense=\"30\" data-row-effect-mobile-disable=\"true\" data-img-parallax-mobile-disable=\"true\" data-rtl=\"false\"  data-custom-vc-row=\"\"  data-vc=\"6.13.0\"  data-is_old_vc=\"\"  data-theme-support=\"\"   data-overlay=\"false\" data-overlay-color=\"\" data-overlay-pattern=\"\" data-overlay-pattern-opacity=\"\" data-overlay-pattern-size=\"\"    ><\/div><div class=\"vc_row wpb_row vc_row-fluid\"><div class=\"wpb_column vc_column_container vc_col-sm-12\"><div class=\"vc_column-inner\"><div class=\"wpb_wrapper\"><div class=\"ult-spacer spacer-69f0da3eef06a\" data-id=\"69f0da3eef06a\" data-height=\"200\" data-height-mobile=\"50\" data-height-tab=\"100\" data-height-tab-portrait=\"100\" data-height-mobile-landscape=\"50\" style=\"clear:both;display:block;\"><\/div><\/div><\/div><\/div><\/div>\n<\/section>","protected":false},"excerpt":{"rendered":"MAT\u00c9RIELS PR\u00c9SENT\u00c9S POUR LES APPLICATIONS PRODUITS PROGRESSIVES Nos mat\u00e9riaux de construction s\u00e9duisent par leur flexibilit\u00e9 d'application et de traitement et r\u00e9pondent aux exigences d'insonorisation et d'insonorisation requises pour la construction ferroviaire ou navale. Mais nos mat\u00e9riaux sont \u00e9galement utilis\u00e9s dans de nombreux autres domaines, tels que la construction de v\u00e9hicules et de meubles, la fabrication de portes fonctionnelles et de chambres froides, ainsi que dans l'audio\/HiFi. Peu importe dans quel int\u00e9rieur roulant ou flottant [...]","protected":false},"author":1,"featured_media":0,"parent":0,"menu_order":0,"comment_status":"closed","ping_status":"closed","template":"page.php","meta":{"_acf_changed":false,"iawp_total_views":654,"footnotes":""},"folder":[36],"class_list":["post-3121","page","type-page","status-publish","hentry"],"acf":[],"yoast_head":"<!-- This site is optimized with the Yoast SEO plugin v26.6 - https:\/\/yoast.com\/wordpress\/plugins\/seo\/ -->\n<title>Rudolf Rost Sperrholz GmbH | Materialien<\/title>\n<meta name=\"robots\" content=\"index, follow, max-snippet:-1, max-image-preview:large, max-video-preview:-1\" \/>\n<link rel=\"canonical\" href=\"https:\/\/www.rudolf-rost.de\/fr\/materialien\/\" \/>\n<meta property=\"og:locale\" content=\"fr_FR\" \/>\n<meta property=\"og:type\" content=\"article\" \/>\n<meta property=\"og:title\" content=\"Rudolf Rost Sperrholz GmbH | Materialien\" \/>\n<meta property=\"og:url\" content=\"https:\/\/www.rudolf-rost.de\/fr\/materialien\/\" \/>\n<meta property=\"og:site_name\" content=\"Rudolf Rost Sperrholz GmbH\" \/>\n<meta property=\"article:modified_time\" content=\"2022-08-01T21:57:34+00:00\" \/>\n<meta name=\"twitter:card\" content=\"summary_large_image\" \/>\n<meta name=\"twitter:label1\" content=\"Dur\u00e9e de lecture estim\u00e9e\" \/>\n\t<meta name=\"twitter:data1\" content=\"4 minutes\" \/>\n<script type=\"application\/ld+json\" class=\"yoast-schema-graph\">{\"@context\":\"https:\/\/schema.org\",\"@graph\":[{\"@type\":\"WebPage\",\"@id\":\"https:\/\/www.rudolf-rost.de\/de\/materialien\/\",\"url\":\"https:\/\/www.rudolf-rost.de\/de\/materialien\/\",\"name\":\"Rudolf Rost Sperrholz GmbH | Materialien\",\"isPartOf\":{\"@id\":\"https:\/\/www.rudolf-rost.de\/de\/#website\"},\"datePublished\":\"2022-07-19T13:00:35+00:00\",\"dateModified\":\"2022-08-01T21:57:34+00:00\",\"breadcrumb\":{\"@id\":\"https:\/\/www.rudolf-rost.de\/de\/materialien\/#breadcrumb\"},\"inLanguage\":\"fr-FR\",\"potentialAction\":[{\"@type\":\"ReadAction\",\"target\":[\"https:\/\/www.rudolf-rost.de\/de\/materialien\/\"]}]},{\"@type\":\"BreadcrumbList\",\"@id\":\"https:\/\/www.rudolf-rost.de\/de\/materialien\/#breadcrumb\",\"itemListElement\":[{\"@type\":\"ListItem\",\"position\":1,\"name\":\"Startseite\",\"item\":\"https:\/\/www.rudolf-rost.de\/de\/\"},{\"@type\":\"ListItem\",\"position\":2,\"name\":\"Materialien\"}]},{\"@type\":\"WebSite\",\"@id\":\"https:\/\/www.rudolf-rost.de\/de\/#website\",\"url\":\"https:\/\/www.rudolf-rost.de\/de\/\",\"name\":\"Rudolf Rost Sperrholz GmbH\",\"description\":\"Materials and Systems for Interiors\",\"publisher\":{\"@id\":\"https:\/\/www.rudolf-rost.de\/de\/#organization\"},\"potentialAction\":[{\"@type\":\"SearchAction\",\"target\":{\"@type\":\"EntryPoint\",\"urlTemplate\":\"https:\/\/www.rudolf-rost.de\/de\/?s={search_term_string}\"},\"query-input\":{\"@type\":\"PropertyValueSpecification\",\"valueRequired\":true,\"valueName\":\"search_term_string\"}}],\"inLanguage\":\"fr-FR\"},{\"@type\":\"Organization\",\"@id\":\"https:\/\/www.rudolf-rost.de\/de\/#organization\",\"name\":\"Rudolf Rost Sperrholz GmbH\",\"url\":\"https:\/\/www.rudolf-rost.de\/de\/\",\"logo\":{\"@type\":\"ImageObject\",\"inLanguage\":\"fr-FR\",\"@id\":\"https:\/\/www.rudolf-rost.de\/de\/#\/schema\/logo\/image\/\",\"url\":\"https:\/\/www.rudolf-rost.de\/wp-content\/uploads\/2022\/05\/cropped-rr_logo_250.png\",\"contentUrl\":\"https:\/\/www.rudolf-rost.de\/wp-content\/uploads\/2022\/05\/cropped-rr_logo_250.png\",\"width\":512,\"height\":512,\"caption\":\"Rudolf Rost Sperrholz GmbH\"},\"image\":{\"@id\":\"https:\/\/www.rudolf-rost.de\/de\/#\/schema\/logo\/image\/\"},\"sameAs\":[\"https:\/\/de.linkedin.com\/company\/rudolf-rost-sperrholz-gmbh\"]}]}<\/script>\n<!-- \/ Yoast SEO plugin. -->","yoast_head_json":{"title":"Rudolf Rost Sperrholz GmbH | Materialien","robots":{"index":"index","follow":"follow","max-snippet":"max-snippet:-1","max-image-preview":"max-image-preview:large","max-video-preview":"max-video-preview:-1"},"canonical":"https:\/\/www.rudolf-rost.de\/fr\/materialien\/","og_locale":"fr_FR","og_type":"article","og_title":"Rudolf Rost Sperrholz GmbH | Materialien","og_url":"https:\/\/www.rudolf-rost.de\/fr\/materialien\/","og_site_name":"Rudolf Rost Sperrholz GmbH","article_modified_time":"2022-08-01T21:57:34+00:00","twitter_card":"summary_large_image","twitter_misc":{"Dur\u00e9e de lecture estim\u00e9e":"4 minutes"},"schema":{"@context":"https:\/\/schema.org","@graph":[{"@type":"WebPage","@id":"https:\/\/www.rudolf-rost.de\/de\/materialien\/","url":"https:\/\/www.rudolf-rost.de\/de\/materialien\/","name":"Rudolf Rost Sperrholz GmbH | Materialien","isPartOf":{"@id":"https:\/\/www.rudolf-rost.de\/de\/#website"},"datePublished":"2022-07-19T13:00:35+00:00","dateModified":"2022-08-01T21:57:34+00:00","breadcrumb":{"@id":"https:\/\/www.rudolf-rost.de\/de\/materialien\/#breadcrumb"},"inLanguage":"fr-FR","potentialAction":[{"@type":"ReadAction","target":["https:\/\/www.rudolf-rost.de\/de\/materialien\/"]}]},{"@type":"BreadcrumbList","@id":"https:\/\/www.rudolf-rost.de\/de\/materialien\/#breadcrumb","itemListElement":[{"@type":"ListItem","position":1,"name":"Startseite","item":"https:\/\/www.rudolf-rost.de\/de\/"},{"@type":"ListItem","position":2,"name":"Materialien"}]},{"@type":"WebSite","@id":"https:\/\/www.rudolf-rost.de\/de\/#website","url":"https:\/\/www.rudolf-rost.de\/de\/","name":"Rudolf Rost Sperrholz GmbH","description":"Materials and Systems for Interiors","publisher":{"@id":"https:\/\/www.rudolf-rost.de\/de\/#organization"},"potentialAction":[{"@type":"SearchAction","target":{"@type":"EntryPoint","urlTemplate":"https:\/\/www.rudolf-rost.de\/de\/?s={search_term_string}"},"query-input":{"@type":"PropertyValueSpecification","valueRequired":true,"valueName":"search_term_string"}}],"inLanguage":"fr-FR"},{"@type":"Organization","@id":"https:\/\/www.rudolf-rost.de\/de\/#organization","name":"Rudolf Rost Sperrholz GmbH","url":"https:\/\/www.rudolf-rost.de\/de\/","logo":{"@type":"ImageObject","inLanguage":"fr-FR","@id":"https:\/\/www.rudolf-rost.de\/de\/#\/schema\/logo\/image\/","url":"https:\/\/www.rudolf-rost.de\/wp-content\/uploads\/2022\/05\/cropped-rr_logo_250.png","contentUrl":"https:\/\/www.rudolf-rost.de\/wp-content\/uploads\/2022\/05\/cropped-rr_logo_250.png","width":512,"height":512,"caption":"Rudolf Rost Sperrholz GmbH"},"image":{"@id":"https:\/\/www.rudolf-rost.de\/de\/#\/schema\/logo\/image\/"},"sameAs":["https:\/\/de.linkedin.com\/company\/rudolf-rost-sperrholz-gmbh"]}]}},"_links":{"self":[{"href":"https:\/\/www.rudolf-rost.de\/fr\/wp-json\/wp\/v2\/pages\/3121","targetHints":{"allow":["GET"]}}],"collection":[{"href":"https:\/\/www.rudolf-rost.de\/fr\/wp-json\/wp\/v2\/pages"}],"about":[{"href":"https:\/\/www.rudolf-rost.de\/fr\/wp-json\/wp\/v2\/types\/page"}],"author":[{"embeddable":true,"href":"https:\/\/www.rudolf-rost.de\/fr\/wp-json\/wp\/v2\/users\/1"}],"replies":[{"embeddable":true,"href":"https:\/\/www.rudolf-rost.de\/fr\/wp-json\/wp\/v2\/comments?post=3121"}],"version-history":[{"count":31,"href":"https:\/\/www.rudolf-rost.de\/fr\/wp-json\/wp\/v2\/pages\/3121\/revisions"}],"predecessor-version":[{"id":3786,"href":"https:\/\/www.rudolf-rost.de\/fr\/wp-json\/wp\/v2\/pages\/3121\/revisions\/3786"}],"wp:attachment":[{"href":"https:\/\/www.rudolf-rost.de\/fr\/wp-json\/wp\/v2\/media?parent=3121"}],"wp:term":[{"taxonomy":"folder","embeddable":true,"href":"https:\/\/www.rudolf-rost.de\/fr\/wp-json\/wp\/v2\/folder?post=3121"}],"curies":[{"name":"wp","href":"https:\/\/api.w.org\/{rel}","templated":true}]}}