{"id":3934,"date":"2022-08-03T16:40:46","date_gmt":"2022-08-03T14:40:46","guid":{"rendered":"https:\/\/rudolf-rost.de\/cookie-richtlinie-eu\/"},"modified":"2022-08-03T16:40:46","modified_gmt":"2022-08-03T14:40:46","slug":"cookie-richtlinie-eu","status":"publish","type":"page","link":"https:\/\/www.rudolf-rost.de\/fr\/cookie-richtlinie-eu\/","title":{"rendered":"Politique relative aux cookies (UE)"},"content":{"rendered":"<!-- Legal document generated by Complianz | GDPR\/CCPA Cookie Consent https:\/\/wordpress.org\/plugins\/complianz-gdpr -->\n<div id=\"cmplz-document\" class=\"cmplz-document cookie-statement cmplz-document-eu\"><p><i>Cette politique de cookies a \u00e9t\u00e9 mise \u00e0 jour pour la derni\u00e8re fois le 23 mars 2026 et s\u2019applique aux citoyens et aux r\u00e9sidents permanents de l\u2019Espace \u00c9conomique Europ\u00e9en et de la Suisse.<\/i><br><\/p><h2>1. Introduction<\/h2><p>Notre site web, <a href=\"https:\/\/www.rudolf-rost.de\/fr\">https:\/\/www.rudolf-rost.de\/fr<\/a> (ci-apr\u00e8s : \u00ab le site web \u00bb) Utilisez les cookies et autres technologies n\u00e9cessaires (par simplification, toutes ces technologies sont inutiles par le terme \u00ab cookies \u00bb). Des cookies sont aussi appel\u00e9s par des tierces parties que nous autres membres. Dans le document ci-dessous, nous vous informons de l\u2019utilisation des cookies sur notre site web.<\/p><h2>2. Que sont les cookies?<\/h2><p>Un cookie est un petit fichier simple envoy\u00e9 avec les pages de ce site web et stock\u00e9 par votre navigateur sur le disque dur de votre ordinateur ou d\u2019un autre appareil. Les informations qui y sont contenues sont indiqu\u00e9es \u00e0 nos caract\u00e8res ou aux caract\u00e8res des tierces parties pr\u00e9sentes lors d\u2019une visite r\u00e9cente.<\/p><h2>3. Que sont les scripts?<\/h2><p>Un script est un \u00e9l\u00e9ment de code utilis\u00e9 pour que notre site web fonctionne conjointement et de mani\u00e8re interactive. Ce code est applicable sur notre serveur ou sur votre appareil.<\/p><h2>4. Qu\u2019est-ce qu\u2019une balise invisible ?<\/h2><p>Une balise invisible (ou balise web) est un petit morceau de texte ou d\u2019image invisible sur un site web, quant pour suivre le trafic sur un site web. Pour ce faire, diverses donn\u00e9es vous concernant sont communiqu\u00e9es \u00e0 l\u2019aide de balises invisibles.<\/p><h2>5. cookies<\/h2><p class=\"cmplz-subtitle\">5.1 Cookies techniques ou fonctionnels<\/p><p>certains cookies n\u00e9cessaires le fonctionnement correct de certaines parties du site web et la prise en compte de vos besoins en tant qu\u2019internaute. En pla\u00e7ant des cookies fonctionnels, nous vous facilitons la visite de notre site web. Vous n\u2019avez pas besoin de saisir \u00e0 plusieurs reprises les informations n\u00e9cessaires lors de la visite de notre site web et, par exemple, les \u00e9l\u00e9ments restant dans votre panier jusqu\u2019\u00e0 votre paiement. Nous avons d\u00e9pos\u00e9 ces cookies sans votre consentement.<\/p><p class=\"cmplz-subtitle\">5.2 Cookies de marketing\/suivi<\/p><p>Les cookies de marketing\/suivi sont des cookies ou toute autre forme de stockage local, utilis\u00e9 pour cr\u00e9er des profils d\u2019utilisation afin d\u2019afficher de la publicit\u00e9 ou de suivre l\u2019utilisation sur ce site web ou sur plusieurs sites web dans les finalit\u00e9s marketing actuelles.<\/p><h2>6. Cookies utilis\u00e9s<\/h2><div id=\"cmplz-cookies-overview\"><\/div><h2>7. Consentement<\/h2><p>Faites-vous visiter notre site web pour la premi\u00e8re fois, nous vous montrerons une fen\u00eatre contextuelle avec une explication sur les cookies. Alors que vous pouvez sur \u00ab Enregistrer les param\u00e8tres \u00bb vous nous autorisez \u00e0 utiliser les cat\u00e9gories de cookies et d\u2019extensions que vous avez d\u00e9finies dans la fen\u00eatre contextuelle, comme d\u00e9crit dans la pr\u00e9sente politique de cookies. Vous pouvez d\u00e9sactiver l\u2019utilisation des cookies via votre navigateur, mais noter que notre site web peut ne plus fonctionner.<\/p><p class=\"cmplz-subtitle\">7.1 G\u00e9rez vos r\u00e9glages de consentement<\/p><div id=\"cmplz-manage-consent-container-nojavascript\">Vous \u00eates charg\u00e9 de la politique de cookies sans le support de javascript.\u00a0Sur AMP, vous pouvez utiliser l\u2019onglet de gestion du consentement en bas de la page.<\/div><div id=\"cmplz-manage-consent-container\" name=\"cmplz-manage-consent-container\" class=\"cmplz-manage-consent-container\"><\/div><h2>8. Activer\/d\u00e9sactiver et supprimer les cookies<\/h2><p>Vous pouvez utiliser votre navigateur internet pour supprimer certains ou originaux les cookies. Vous pouvez sp\u00e9cifier que certains cookies ne peuvent pas \u00eatre utilis\u00e9s. Une autre option consiste \u00e0 modifier les r\u00e9glages de votre navigateur Internet afin que vous receviez un message \u00e0 chaque fois qu\u2019un cookie est affich\u00e9. Pour plus d\u2019informations sur ces options, reportez-vous aux instructions de la section Aide de votre navigateur.<\/p><p>Veuillez noter que notre site web ne peut pas marcher si tous les cookies sont d\u00e9sactiv\u00e9s. Si vous supprimez les cookies dans votre navigateur, vous avez de nouveaux param\u00e8tres apr\u00e8s votre consentement vous revisiterez notre site web.<\/p><h2>9. Vos droits concernant les donn\u00e9es personnelles<\/h2><p>Vous avez besoin les droits suivants concernant vos donn\u00e9es personnelles :<\/p><ul>\n                    <li>Vous avez le droit de savoir pourquoi vos donn\u00e9es sont n\u00e9cessaires, ce qui leur arrivea et combien de temps ellesont \u00e9tablies.<\/li>\n                    <li>Droit d\u2019acc\u00e8s : Vous avez le droit d\u2019agir \u00e0 vos donn\u00e9es personnelles que nous pouvons.<\/li>\n                    <li>Droit de rectification : Vous avez le droit \u00e0 tout moment de compl\u00e9ter, corriger, faire supprimer ou bloquer vos donn\u00e9es personnelles.<\/li>\n                    <li>Si vous nousdemandez votre consentement pour le traitement de vos donn\u00e9es, vous avez le droit de r\u00e9voquer ce consentement et de faire supprimer vos donn\u00e9es personnelles.<\/li>\n                    <li>Droit de transf\u00e9rer vos donn\u00e9es : Vous avez le droit de demander toutes vos donn\u00e9es personnelles au responsable du traitement et de les transf\u00e9rer dans leur int\u00e9gralit\u00e9 \u00e0 un autre responsable du traitement.<\/li>\n                    <li>Droit d\u2019opposition : Vous pouvez vous opposer au traitement de vos donn\u00e9es. Nous obtemp\u00e9r\u00e9ons, \u00e0 moins que certaines raisons ne justifient ce traitement.<\/li>\n                <\/ul><p>Pour exercer ces droits, contactez-nous. Veuillez vous r\u00e9f\u00e9rer aux param\u00e8tres au bas de cette politique de cookies. Si vous avez une plainte concernant la fa\u00e7on dont nous avons besoin de vos donn\u00e9es, nous aimerions en \u00eatre inform\u00e9s, mais vous avez \u00e9galement le droit de d\u00e9poser une plainte aupr\u00e8s de l\u2019autorit\u00e9 de contr\u00f4le (l\u2019autorit\u00e9 charg\u00e9e de la protection des donn\u00e9es).<\/p><h2>10. Coordonn\u00e9es<\/h2><p>Pour des questions et\/ou des commentaires sur notre politique de cookies et cette d\u00e9claration, entre nous contacter en dehors des questions suivantes :<\/p><p><span class=\"cmplz-contact-organisation\">Rudolf Rost Sperrholz GmbH<\/span><br>\n                      <span class=\"cmplz-contact-address\">Lohe 4<br \/>\r\n25462 Rellingen <\/span><br>\n                      <span class=\"cmplz-contact-country\">Allemagne<\/span><br>\n                      <span class=\"cmplz-contact-domain\">Site web : <a href=\"https:\/\/www.rudolf-rost.de\/fr\">https:\/\/www.rudolf-rost.de\/fr<\/a><\/span><br>\n                      <span class=\"cmplz-contact-email\">Courriel : <span class=\"cmplz-obfuscate\">protection des donn\u00e9es@<span class=\"cmplz-fmail-domain\">ex.com<\/span>protekto.de<\/span><\/span><br>\n                    <span class=\"cmplz-contact-telephone\">Num\u00e9ro de t\u00e9l\u00e9phone : 0049 (040) -42236924<\/span><\/p><p>Cette politique de cookies a \u00e9t\u00e9 synchronis\u00e9e avec <a href=\"https:\/\/cookiedatabase.org\/\" target=\"_blank\">cookiedatabase.org<\/a> le 10 janvier 2023.<\/p><\/div>","protected":false},"excerpt":{"rendered":"","protected":false},"author":1,"featured_media":0,"parent":0,"menu_order":0,"comment_status":"closed","ping_status":"closed","template":"","meta":{"_acf_changed":false,"iawp_total_views":83,"footnotes":""},"folder":[37],"class_list":["post-3934","page","type-page","status-publish","hentry"],"acf":[],"yoast_head":"<!-- This site is optimized with the Yoast SEO plugin v26.6 - https:\/\/yoast.com\/wordpress\/plugins\/seo\/ -->\n<title>Rudolf Rost Sperrholz GmbH | Cookie-Richtlinie (EU)<\/title>\n<meta name=\"robots\" content=\"index, follow, max-snippet:-1, max-image-preview:large, max-video-preview:-1\" \/>\n<link rel=\"canonical\" href=\"https:\/\/www.rudolf-rost.de\/fr\/cookie-richtlinie-eu\/\" \/>\n<meta property=\"og:locale\" content=\"fr_FR\" \/>\n<meta property=\"og:type\" content=\"article\" \/>\n<meta property=\"og:title\" content=\"Rudolf Rost Sperrholz GmbH | Cookie-Richtlinie (EU)\" \/>\n<meta property=\"og:url\" content=\"https:\/\/www.rudolf-rost.de\/fr\/cookie-richtlinie-eu\/\" \/>\n<meta property=\"og:site_name\" content=\"Rudolf Rost Sperrholz GmbH\" \/>\n<meta name=\"twitter:card\" content=\"summary_large_image\" \/>\n<script type=\"application\/ld+json\" class=\"yoast-schema-graph\">{\"@context\":\"https:\/\/schema.org\",\"@graph\":[{\"@type\":\"WebPage\",\"@id\":\"https:\/\/www.rudolf-rost.de\/fr\/cookie-richtlinie-eu\/\",\"url\":\"https:\/\/www.rudolf-rost.de\/fr\/cookie-richtlinie-eu\/\",\"name\":\"Rudolf Rost Sperrholz GmbH | Cookie-Richtlinie (EU)\",\"isPartOf\":{\"@id\":\"https:\/\/www.rudolf-rost.de\/de\/#website\"},\"datePublished\":\"2022-08-03T14:40:46+00:00\",\"breadcrumb\":{\"@id\":\"https:\/\/www.rudolf-rost.de\/fr\/cookie-richtlinie-eu\/#breadcrumb\"},\"inLanguage\":\"fr-FR\",\"potentialAction\":[{\"@type\":\"ReadAction\",\"target\":[\"https:\/\/www.rudolf-rost.de\/fr\/cookie-richtlinie-eu\/\"]}]},{\"@type\":\"BreadcrumbList\",\"@id\":\"https:\/\/www.rudolf-rost.de\/fr\/cookie-richtlinie-eu\/#breadcrumb\",\"itemListElement\":[{\"@type\":\"ListItem\",\"position\":1,\"name\":\"Startseite\",\"item\":\"https:\/\/www.rudolf-rost.de\/de\/\"},{\"@type\":\"ListItem\",\"position\":2,\"name\":\"Cookie-Richtlinie (EU)\"}]},{\"@type\":\"WebSite\",\"@id\":\"https:\/\/www.rudolf-rost.de\/de\/#website\",\"url\":\"https:\/\/www.rudolf-rost.de\/de\/\",\"name\":\"Rudolf Rost Sperrholz GmbH\",\"description\":\"Materials and Systems for Interiors\",\"publisher\":{\"@id\":\"https:\/\/www.rudolf-rost.de\/de\/#organization\"},\"potentialAction\":[{\"@type\":\"SearchAction\",\"target\":{\"@type\":\"EntryPoint\",\"urlTemplate\":\"https:\/\/www.rudolf-rost.de\/de\/?s={search_term_string}\"},\"query-input\":{\"@type\":\"PropertyValueSpecification\",\"valueRequired\":true,\"valueName\":\"search_term_string\"}}],\"inLanguage\":\"fr-FR\"},{\"@type\":\"Organization\",\"@id\":\"https:\/\/www.rudolf-rost.de\/de\/#organization\",\"name\":\"Rudolf Rost Sperrholz GmbH\",\"url\":\"https:\/\/www.rudolf-rost.de\/de\/\",\"logo\":{\"@type\":\"ImageObject\",\"inLanguage\":\"fr-FR\",\"@id\":\"https:\/\/www.rudolf-rost.de\/de\/#\/schema\/logo\/image\/\",\"url\":\"https:\/\/www.rudolf-rost.de\/wp-content\/uploads\/2022\/05\/cropped-rr_logo_250.png\",\"contentUrl\":\"https:\/\/www.rudolf-rost.de\/wp-content\/uploads\/2022\/05\/cropped-rr_logo_250.png\",\"width\":512,\"height\":512,\"caption\":\"Rudolf Rost Sperrholz GmbH\"},\"image\":{\"@id\":\"https:\/\/www.rudolf-rost.de\/de\/#\/schema\/logo\/image\/\"},\"sameAs\":[\"https:\/\/de.linkedin.com\/company\/rudolf-rost-sperrholz-gmbh\"]}]}<\/script>\n<!-- \/ Yoast SEO plugin. -->","yoast_head_json":{"title":"Rudolf Rost Sperrholz GmbH | Cookie-Richtlinie (EU)","robots":{"index":"index","follow":"follow","max-snippet":"max-snippet:-1","max-image-preview":"max-image-preview:large","max-video-preview":"max-video-preview:-1"},"canonical":"https:\/\/www.rudolf-rost.de\/fr\/cookie-richtlinie-eu\/","og_locale":"fr_FR","og_type":"article","og_title":"Rudolf Rost Sperrholz GmbH | Cookie-Richtlinie (EU)","og_url":"https:\/\/www.rudolf-rost.de\/fr\/cookie-richtlinie-eu\/","og_site_name":"Rudolf Rost Sperrholz GmbH","twitter_card":"summary_large_image","schema":{"@context":"https:\/\/schema.org","@graph":[{"@type":"WebPage","@id":"https:\/\/www.rudolf-rost.de\/fr\/cookie-richtlinie-eu\/","url":"https:\/\/www.rudolf-rost.de\/fr\/cookie-richtlinie-eu\/","name":"Rudolf Rost Sperrholz GmbH | Cookie-Richtlinie (EU)","isPartOf":{"@id":"https:\/\/www.rudolf-rost.de\/de\/#website"},"datePublished":"2022-08-03T14:40:46+00:00","breadcrumb":{"@id":"https:\/\/www.rudolf-rost.de\/fr\/cookie-richtlinie-eu\/#breadcrumb"},"inLanguage":"fr-FR","potentialAction":[{"@type":"ReadAction","target":["https:\/\/www.rudolf-rost.de\/fr\/cookie-richtlinie-eu\/"]}]},{"@type":"BreadcrumbList","@id":"https:\/\/www.rudolf-rost.de\/fr\/cookie-richtlinie-eu\/#breadcrumb","itemListElement":[{"@type":"ListItem","position":1,"name":"Startseite","item":"https:\/\/www.rudolf-rost.de\/de\/"},{"@type":"ListItem","position":2,"name":"Cookie-Richtlinie (EU)"}]},{"@type":"WebSite","@id":"https:\/\/www.rudolf-rost.de\/de\/#website","url":"https:\/\/www.rudolf-rost.de\/de\/","name":"Rudolf Rost Sperrholz GmbH","description":"Materials and Systems for Interiors","publisher":{"@id":"https:\/\/www.rudolf-rost.de\/de\/#organization"},"potentialAction":[{"@type":"SearchAction","target":{"@type":"EntryPoint","urlTemplate":"https:\/\/www.rudolf-rost.de\/de\/?s={search_term_string}"},"query-input":{"@type":"PropertyValueSpecification","valueRequired":true,"valueName":"search_term_string"}}],"inLanguage":"fr-FR"},{"@type":"Organization","@id":"https:\/\/www.rudolf-rost.de\/de\/#organization","name":"Rudolf Rost Sperrholz GmbH","url":"https:\/\/www.rudolf-rost.de\/de\/","logo":{"@type":"ImageObject","inLanguage":"fr-FR","@id":"https:\/\/www.rudolf-rost.de\/de\/#\/schema\/logo\/image\/","url":"https:\/\/www.rudolf-rost.de\/wp-content\/uploads\/2022\/05\/cropped-rr_logo_250.png","contentUrl":"https:\/\/www.rudolf-rost.de\/wp-content\/uploads\/2022\/05\/cropped-rr_logo_250.png","width":512,"height":512,"caption":"Rudolf Rost Sperrholz GmbH"},"image":{"@id":"https:\/\/www.rudolf-rost.de\/de\/#\/schema\/logo\/image\/"},"sameAs":["https:\/\/de.linkedin.com\/company\/rudolf-rost-sperrholz-gmbh"]}]}},"_links":{"self":[{"href":"https:\/\/www.rudolf-rost.de\/fr\/wp-json\/wp\/v2\/pages\/3934","targetHints":{"allow":["GET"]}}],"collection":[{"href":"https:\/\/www.rudolf-rost.de\/fr\/wp-json\/wp\/v2\/pages"}],"about":[{"href":"https:\/\/www.rudolf-rost.de\/fr\/wp-json\/wp\/v2\/types\/page"}],"author":[{"embeddable":true,"href":"https:\/\/www.rudolf-rost.de\/fr\/wp-json\/wp\/v2\/users\/1"}],"replies":[{"embeddable":true,"href":"https:\/\/www.rudolf-rost.de\/fr\/wp-json\/wp\/v2\/comments?post=3934"}],"version-history":[{"count":0,"href":"https:\/\/www.rudolf-rost.de\/fr\/wp-json\/wp\/v2\/pages\/3934\/revisions"}],"wp:attachment":[{"href":"https:\/\/www.rudolf-rost.de\/fr\/wp-json\/wp\/v2\/media?parent=3934"}],"wp:term":[{"taxonomy":"folder","embeddable":true,"href":"https:\/\/www.rudolf-rost.de\/fr\/wp-json\/wp\/v2\/folder?post=3934"}],"curies":[{"name":"wp","href":"https:\/\/api.w.org\/{rel}","templated":true}]}}