{"id":4239,"date":"2022-09-14T16:04:14","date_gmt":"2022-09-14T14:04:14","guid":{"rendered":"https:\/\/www.rudolf-rost.de\/?page_id=4239"},"modified":"2022-09-18T11:29:42","modified_gmt":"2022-09-18T09:29:42","slug":"lp_trennwaende_seitenwaende","status":"publish","type":"page","link":"https:\/\/www.rudolf-rost.de\/fr\/lp_trennwaende_seitenwaende\/","title":{"rendered":"LP_WAROTEC\u00ae Cloisons\/Parois lat\u00e9rales"},"content":{"rendered":"<section class=\"wpb-content-wrapper\"><div data-vc-full-width=\"true\" data-vc-full-width-init=\"false\" class=\"vc_row wpb_row vc_row-fluid vc_custom_1659706394727\"><div class=\"wpb_column vc_column_container vc_col-sm-12\"><div class=\"vc_column-inner\"><div class=\"wpb_wrapper\"><h6 style=\"text-align: center\" class=\"vc_custom_heading\" ><\/h6><h2 style=\"font-size: 50px;text-align: center\" class=\"vc_custom_heading\" >\u00c9L\u00c9MENTS DE MOUVEMENT WAROTEC\u00ae<\/h2><div class=\"vc_empty_space\"   style=\"height: 10px\"><span class=\"vc_empty_space_inner\"><\/span><\/div><div class=\"ult-spacer spacer-69f39f49b30d1\" data-id=\"69f39f49b30d1\" data-height=\"20\" data-height-mobile=\"20\" data-height-tab=\"20\" data-height-tab-portrait=\"\" data-height-mobile-landscape=\"\" style=\"clear:both;display:block;\"><\/div>\n\t<div class=\"wpb_text_column wpb_content_element\" >\n\t\t<div class=\"wpb_wrapper\">\n\t\t\t<div id=\"Info-box-wrap-6956\" class=\"aio-icon-box left-icon\">\n<div class=\"aio-ibd-block\">\n<div class=\"aio-icon-description ult-responsive\" style=\"text-align: center;\" data-ultimate-target=\"#Info-box-wrap-6956 .aio-icon-description\" data-responsive-json-new=\"{&quot;font-size&quot;:&quot;&quot;,&quot;line-height&quot;:&quot;&quot;}\">WAROTEC<sup>.<\/sup>\u00a0comprend des combinaisons de mat\u00e9riaux pour \u00e9l\u00e9ments muraux \u00e0 partir de nos mat\u00e9riaux composites de haute qualit\u00e9 tels que WARO<sup>.<\/sup>foam Classic ou JELMO<sup>.<\/sup>\u00a0avec des stratifi\u00e9s d\u00e9coratifs. Notre comp\u00e9tence et notre exp\u00e9rience en mati\u00e8re de collage permettent de couvrir diff\u00e9rents domaines d'application. C'est ainsi que nous avons r\u00e9ussi \u00e0 cr\u00e9er un WAROTEC l\u00e9ger, insonorisant et difficilement inflammable.<sup>.<\/sup>\u00a0Cloison de s\u00e9paration avec fonction de cloison pour la construction de wagons \u00e0 placer sur le march\u00e9.<\/div>\n<\/div>\n<\/div>\n\n\t\t<\/div>\n\t<\/div>\n<div class=\"ult-spacer spacer-69f39f49b3229\" data-id=\"69f39f49b3229\" data-height=\"20\" data-height-mobile=\"20\" data-height-tab=\"20\" data-height-tab-portrait=\"\" data-height-mobile-landscape=\"\" style=\"clear:both;display:block;\"><\/div><div class=\"cqcarousel-container\" data-slidestoshow=\"5\" data-thumbstoshow=\"6\" data-dots=\"no\" data-arrows=\"no\" data-isgallery=\"is-gallery\" data-largeimagearrows=\"yes\" data-autoplay=\"yes\" data-autoplayspeed=\"3000\" data-containerwidth=\"\" data-containermaxwidth=\"\" data-imgnum=\"5\" data-bottomversion=\"\" data-dotbottom=\"\" data-lightboxmode=\"prettyphoto\"><div class=\"carousel-gallery\"><div><img decoding=\"async\" src=\"https:\/\/www.rudolf-rost.de\/wp-content\/uploads\/2022\/07\/rr_anwschiene_wandelemente_08b.jpg\" alt=\"\" \/><\/div><div><img decoding=\"async\" src=\"https:\/\/www.rudolf-rost.de\/wp-content\/uploads\/2022\/07\/rr_anwschiene_wandelemente_04.jpg\" alt=\"\" \/><\/div><div><img decoding=\"async\" src=\"https:\/\/www.rudolf-rost.de\/wp-content\/uploads\/2022\/07\/rr_anwschiene_wandelemente_06.jpg\" alt=\"\" \/><\/div><div><img decoding=\"async\" src=\"https:\/\/www.rudolf-rost.de\/wp-content\/uploads\/2022\/07\/rr_anwschiene_wandelemente_09_pre.jpg\" alt=\"\" \/><\/div><div><img decoding=\"async\" src=\"https:\/\/www.rudolf-rost.de\/wp-content\/uploads\/2022\/07\/rr_anwschiene_wandelemente_12.jpg\" alt=\"\" \/><\/div><\/div><div class=\"carousel-thumb is-gallery\"><div title=\"\"><img decoding=\"async\" src=\"https:\/\/www.rudolf-rost.de\/wp-content\/uploads\/2022\/07\/rr_anwschiene_wandelemente_08b-80x80.jpg\" alt=\"\" \/><\/div><div title=\"\"><img decoding=\"async\" src=\"https:\/\/www.rudolf-rost.de\/wp-content\/uploads\/2022\/07\/rr_anwschiene_wandelemente_04-80x80.jpg\" alt=\"\" \/><\/div><div title=\"\"><img decoding=\"async\" src=\"https:\/\/www.rudolf-rost.de\/wp-content\/uploads\/2022\/07\/rr_anwschiene_wandelemente_06-80x80.jpg\" alt=\"\" \/><\/div><div title=\"\"><img decoding=\"async\" src=\"https:\/\/www.rudolf-rost.de\/wp-content\/uploads\/2022\/07\/rr_anwschiene_wandelemente_09_pre-80x80.jpg\" alt=\"\" \/><\/div><div title=\"\"><img decoding=\"async\" src=\"https:\/\/www.rudolf-rost.de\/wp-content\/uploads\/2022\/07\/rr_anwschiene_wandelemente_12-80x80.jpg\" alt=\"\" \/><\/div><\/div><\/div><div class=\"ult-spacer spacer-69f39f49b5bb6\" data-id=\"69f39f49b5bb6\" data-height=\"50\" data-height-mobile=\"50\" data-height-tab=\"50\" data-height-tab-portrait=\"\" data-height-mobile-landscape=\"\" style=\"clear:both;display:block;\"><\/div><\/div><\/div><\/div><\/div><div class=\"vc_row-full-width vc_clearfix\"><\/div><div data-vc-full-width=\"true\" data-vc-full-width-init=\"false\" data-vc-stretch-content=\"true\" class=\"vc_row wpb_row vc_row-fluid vc_row-no-padding vc_row-o-equal-height vc_row-o-content-middle vc_row-flex\"><div class=\"wpb_column vc_column_container vc_col-sm-6 vc_col-has-fill\"><div class=\"vc_column-inner vc_custom_1663321532238\"><div class=\"wpb_wrapper\"><div class=\"ult-spacer spacer-69f39f49b6cf5\" data-id=\"69f39f49b6cf5\" data-height=\"300\" data-height-mobile=\"300\" data-height-tab=\"300\" data-height-tab-portrait=\"\" data-height-mobile-landscape=\"\" style=\"clear:both;display:block;\"><\/div><\/div><\/div><\/div><div class=\"wpb_column vc_column_container vc_col-sm-6\"><div class=\"vc_column-inner\"><div class=\"wpb_wrapper\"><div class=\"vc_row wpb_row vc_inner vc_row-fluid mobile-text-left\"><div class=\"wpb_column vc_column_container vc_col-sm-2\"><div class=\"vc_column-inner\"><div class=\"wpb_wrapper\"><\/div><\/div><\/div><div class=\"wpb_column vc_column_container vc_col-sm-8\"><div class=\"vc_column-inner\"><div class=\"wpb_wrapper\"><div class=\"ult-spacer spacer-69f39f49b749b\" data-id=\"69f39f49b749b\" data-height=\"100\" data-height-mobile=\"100\" data-height-tab=\"100\" data-height-tab-portrait=\"\" data-height-mobile-landscape=\"\" style=\"clear:both;display:block;\"><\/div><h2 style=\"text-align: left\" class=\"vc_custom_heading\" >Caract\u00e9ristiques<\/h2><div class=\"vc_empty_space\"   style=\"height: 30px\"><span class=\"vc_empty_space_inner\"><\/span><\/div><div class=\"uavc-list-icon uavc-list-icon-wrapper ult-adjust-bottom-margin\"><ul class=\"uavc-list\"><li><div class=\"uavc-list-content\" id=\"list-icon-wrap-1716\">\n<div class=\"uavc-list-icon\" data-animation=\"\" data-animation-delay=\"03\" style=\"margin-right:5px;\"><div class=\"ult-just-icon-wrapper\"><div class=\"align-icon\" style=\"text-align:center;\">\n<div class=\"aio-icon none\"  style=\"color:#0d8161;font-size:16px;display:inline-block;\">\n\t<i class=\"Defaults-check\"><\/i>\n<\/div><\/div><\/div>\n<\/div><span  data-ultimate-target='#list-icon-wrap-1716 .uavc-list-desc'  data-responsive-json-new='{\"font-size\":\"desktop:16px;\",\"line-height\":\"\"}'  class=\"uavc-list-desc ult-responsive\" style=\"font-family:&#039;Open Sans&#039;;font-weight:300;\">DIFFICILEMENT INFLAMMABLE<\/p>\n<p><\/span><\/div><\/li><li><div class=\"uavc-list-content\" id=\"list-icon-wrap-5771\">\n<div class=\"uavc-list-icon\" data-animation=\"\" data-animation-delay=\"03\" style=\"margin-right:5px;\"><div class=\"ult-just-icon-wrapper\"><div class=\"align-icon\" style=\"text-align:center;\">\n<div class=\"aio-icon none\"  style=\"color:#0d8161;font-size:16px;display:inline-block;\">\n\t<i class=\"Defaults-check\"><\/i>\n<\/div><\/div><\/div>\n<\/div><span  data-ultimate-target='#list-icon-wrap-5771 .uavc-list-desc'  data-responsive-json-new='{\"font-size\":\"desktop:16px;\",\"line-height\":\"\"}'  class=\"uavc-list-desc ult-responsive\" style=\"font-family:&#039;Open Sans&#039;;font-weight:300;\">LEICHT<\/p>\n<p><\/span><\/div><\/li><li><div class=\"uavc-list-content\" id=\"list-icon-wrap-2021\">\n<div class=\"uavc-list-icon\" data-animation=\"\" data-animation-delay=\"03\" style=\"margin-right:5px;\"><div class=\"ult-just-icon-wrapper\"><div class=\"align-icon\" style=\"text-align:center;\">\n<div class=\"aio-icon none\"  style=\"color:#0d8161;font-size:16px;display:inline-block;\">\n\t<i class=\"Defaults-check\"><\/i>\n<\/div><\/div><\/div>\n<\/div><span  data-ultimate-target='#list-icon-wrap-2021 .uavc-list-desc'  data-responsive-json-new='{\"font-size\":\"desktop:16px;\",\"line-height\":\"\"}'  class=\"uavc-list-desc ult-responsive\" style=\"font-family:&#039;Open Sans&#039;;font-weight:300;\">ISOLATION THERMIQUE ET ACUSTIQUE<\/p>\n<p><\/span><\/div><\/li><li><div class=\"uavc-list-content\" id=\"list-icon-wrap-4430\">\n<div class=\"uavc-list-icon\" data-animation=\"\" data-animation-delay=\"03\" style=\"margin-right:5px;\"><div class=\"ult-just-icon-wrapper\"><div class=\"align-icon\" style=\"text-align:center;\">\n<div class=\"aio-icon none\"  style=\"color:#0d8161;font-size:16px;display:inline-block;\">\n\t<i class=\"Defaults-check\"><\/i>\n<\/div><\/div><\/div>\n<\/div><span  data-ultimate-target='#list-icon-wrap-4430 .uavc-list-desc'  data-responsive-json-new='{\"font-size\":\"desktop:16px;\",\"line-height\":\"\"}'  class=\"uavc-list-desc ult-responsive\" style=\"font-family:&#039;Open Sans&#039;;font-weight:300;\">PEU ENCOMBRANT<\/p>\n<p><\/span><\/div><\/li><li><div class=\"uavc-list-content\" id=\"list-icon-wrap-1821\">\n<div class=\"uavc-list-icon\" data-animation=\"\" data-animation-delay=\"03\" style=\"margin-right:5px;\"><div class=\"ult-just-icon-wrapper\"><div class=\"align-icon\" style=\"text-align:center;\">\n<div class=\"aio-icon none\"  style=\"color:#0d8161;font-size:16px;display:inline-block;\">\n\t<i class=\"Defaults-check\"><\/i>\n<\/div><\/div><\/div>\n<\/div><span  data-ultimate-target='#list-icon-wrap-1821 .uavc-list-desc'  data-responsive-json-new='{\"font-size\":\"desktop:16px;\",\"line-height\":\"\"}'  class=\"uavc-list-desc ult-responsive\" style=\"font-family:&#039;Open Sans&#039;;font-weight:300;\">FACILE \u00c0 MONTER<\/p>\n<p><\/span><\/div><\/li><li><div class=\"uavc-list-content\" id=\"list-icon-wrap-7049\">\n<div class=\"uavc-list-icon\" data-animation=\"\" data-animation-delay=\"03\" style=\"margin-right:5px;\"><div class=\"ult-just-icon-wrapper\"><div class=\"align-icon\" style=\"text-align:center;\">\n<div class=\"aio-icon none\"  style=\"color:#0d8161;font-size:16px;display:inline-block;\">\n\t<i class=\"Defaults-check\"><\/i>\n<\/div><\/div><\/div>\n<\/div><span  data-ultimate-target='#list-icon-wrap-7049 .uavc-list-desc'  data-responsive-json-new='{\"font-size\":\"desktop:16px;\",\"line-height\":\"\"}'  class=\"uavc-list-desc ult-responsive\" style=\"font-family:&#039;Open Sans&#039;;font-weight:300;\">CONCEPTION SUP\u00c9RIEURE \u00c0 DIFF\u00c9RENCE COMPL\u00c8TE<\/p>\n<p><\/span><\/div><\/li><\/ul><\/div><\/div><\/div><\/div><div class=\"wpb_column vc_column_container vc_col-sm-2\"><div class=\"vc_column-inner\"><div class=\"wpb_wrapper\"><\/div><\/div><\/div><\/div><div class=\"ult-spacer spacer-69f39f49b7d70\" data-id=\"69f39f49b7d70\" data-height=\"100\" data-height-mobile=\"100\" data-height-tab=\"100\" data-height-tab-portrait=\"\" data-height-mobile-landscape=\"\" style=\"clear:both;display:block;\"><\/div><\/div><\/div><\/div><\/div><div class=\"vc_row-full-width vc_clearfix\"><\/div><!-- Row Backgrounds --><div class=\"upb_color\" data-bg-override=\"0\" data-bg-color=\"#f3f3f3\" data-fadeout=\"\" data-fadeout-percentage=\"30\" data-parallax-content=\"\" data-parallax-content-sense=\"30\" data-row-effect-mobile-disable=\"true\" data-img-parallax-mobile-disable=\"true\" data-rtl=\"false\"  data-custom-vc-row=\"\"  data-vc=\"6.13.0\"  data-is_old_vc=\"\"  data-theme-support=\"\"   data-overlay=\"false\" data-overlay-color=\"\" data-overlay-pattern=\"\" data-overlay-pattern-opacity=\"\" data-overlay-pattern-size=\"\"    ><\/div><div data-vc-full-width=\"true\" data-vc-full-width-init=\"false\" class=\"vc_row wpb_row vc_row-fluid vc_row-o-equal-height vc_row-o-content-middle vc_row-flex\"><div class=\"single-column-on-tablet wpb_column vc_column_container vc_col-sm-6 vc_col-xs-12\"><div class=\"vc_column-inner\"><div class=\"wpb_wrapper\"><div class=\"ult-spacer spacer-69f39f49b85c8\" data-id=\"69f39f49b85c8\" data-height=\"100\" data-height-mobile=\"100\" data-height-tab=\"100\" data-height-tab-portrait=\"\" data-height-mobile-landscape=\"\" style=\"clear:both;display:block;\"><\/div><h6 style=\"text-align: left\" class=\"vc_custom_heading\" >WARO\u00aefoam Classic Train<\/h6><h2 style=\"text-align: left\" class=\"vc_custom_heading\" >DONN\u00c9ES TECHNIQUES<\/h2><div class=\"vc_empty_space\"   style=\"height: 30px\"><span class=\"vc_empty_space_inner\"><\/span><\/div><div class=\"cq-datatable   cq-datatable-medium cq-datatable-gray\"><div class=\"cq-datatable-row cq-datatable-header cq-datatable-bg-customized\" style=\"background:#0d8161\"><\/div><div class=\"cq-datatable-row cq-datatable-data\"><div class=\"cq-datatable-cell\"> mat\u00e9riel <\/div><div class=\"cq-datatable-cell\"> R\u00e9sine ph\u00e9nolique renforc\u00e9e de fibre de verre <\/div><\/div><div class=\"cq-datatable-row cq-datatable-data\"><div class=\"cq-datatable-cell\"> Densit\u00e9 (kg\/m3) <\/div><div class=\"cq-datatable-cell\"> environ 210 (autres sur demande) <\/div><\/div><div class=\"cq-datatable-row cq-datatable-data\"><div class=\"cq-datatable-cell\"> \u00c9paisseurs (mm) <\/div><div class=\"cq-datatable-cell\"> 2,6 \u2013 15 <\/div><\/div><div class=\"cq-datatable-row cq-datatable-data\"><div class=\"cq-datatable-cell\"> Tol\u00e9rances d'\u00e9paisseur, max. (mm) <\/div><div class=\"cq-datatable-cell\"> +\/- 0,3 <\/div><\/div><div class=\"cq-datatable-row cq-datatable-data\"><div class=\"cq-datatable-cell\"> Longueur, max. (mm) <\/div><div class=\"cq-datatable-cell\"> 2640 <\/div><\/div><div class=\"cq-datatable-row cq-datatable-data\"><div class=\"cq-datatable-cell\"> Largeur, max. (mm) <\/div><div class=\"cq-datatable-cell\"> 1220 <\/div><\/div><div class=\"cq-datatable-row cq-datatable-data\"><div class=\"cq-datatable-cell\"> Qualit\u00e9 de surface <\/div><div class=\"cq-datatable-cell\"> non rev\u00eatu <\/div><\/div><div class=\"cq-datatable-row cq-datatable-data\"><div class=\"cq-datatable-cell\"> Poids \u00e0 la surface (kg\/m2) \u00e0 10 mm <\/div><div class=\"cq-datatable-cell\"> environ 2,0 <\/div><\/div><div class=\"cq-datatable-row cq-datatable-data\"><div class=\"cq-datatable-cell\"> Module de pliage (N\/mm2) <\/div><div class=\"cq-datatable-cell\"> 900 <\/div><\/div><div class=\"cq-datatable-row cq-datatable-data\"><div class=\"cq-datatable-cell\"> R\u00e9sistance \u00e0 la traction (N\/mm2) <\/div><div class=\"cq-datatable-cell\"> 1 <\/div><\/div><div class=\"cq-datatable-row cq-datatable-data\"><div class=\"cq-datatable-cell\"> Conductivit\u00e9 thermique \u03bb (W\/mK) \u00e0 210 Kg\/m3 <\/div><div class=\"cq-datatable-cell\"> 0,042 <\/div><\/div><div class=\"cq-datatable-row cq-datatable-data\"><div class=\"cq-datatable-cell\"> Classe de protection incendie<br \/>\nDIN 5510-2 EN<br \/>\n45545-2 <\/div><div class=\"cq-datatable-cell\"> Difficile \u00e0 inflammer<br \/>\nS4, ST2, SR2, FED = &lt; 1,0<br \/>\nHL2 (R1) <\/div><\/div>\n<\/div><div class=\"ult-spacer spacer-69f39f49b8c4f\" data-id=\"69f39f49b8c4f\" data-height=\"50\" data-height-mobile=\"50\" data-height-tab=\"50\" data-height-tab-portrait=\"\" data-height-mobile-landscape=\"\" style=\"clear:both;display:block;\"><\/div><\/div><\/div><\/div><div class=\"wpb_column vc_column_container vc_col-sm-6 vc_col-xs-12 vc_col-has-fill\"><div class=\"vc_column-inner vc_custom_1659713055053\"><div class=\"wpb_wrapper\">\n\t<div  class=\"wpb_single_image wpb_content_element vc_align_right\">\n\t\t\n\t\t<figure class=\"wpb_wrapper vc_figure\">\n\t\t\t<div class=\"vc_single_image-wrapper   vc_box_border_grey\"><img loading=\"lazy\" decoding=\"async\" width=\"550\" height=\"367\" src=\"https:\/\/www.rudolf-rost.de\/wp-content\/uploads\/2022\/07\/rr_anwschiene_wandelemente_08b-550x367.jpg\" class=\"vc_single_image-img attachment-medium-large\" alt=\"\" title=\"rr_anwschiene_wallelements_08b\" srcset=\"https:\/\/www.rudolf-rost.de\/wp-content\/uploads\/2022\/07\/rr_anwschiene_wandelemente_08b-550x367.jpg 550w, https:\/\/www.rudolf-rost.de\/wp-content\/uploads\/2022\/07\/rr_anwschiene_wandelemente_08b-150x100@2x.jpg 300w, https:\/\/www.rudolf-rost.de\/wp-content\/uploads\/2022\/07\/rr_anwschiene_wandelemente_08b-150x100.jpg 150w, https:\/\/www.rudolf-rost.de\/wp-content\/uploads\/2022\/07\/rr_anwschiene_wandelemente_08b-200x133.jpg 200w, https:\/\/www.rudolf-rost.de\/wp-content\/uploads\/2022\/07\/rr_anwschiene_wandelemente_08b-600x400.jpg 600w, https:\/\/www.rudolf-rost.de\/wp-content\/uploads\/2022\/07\/rr_anwschiene_wandelemente_08b.jpg 663w, https:\/\/www.rudolf-rost.de\/wp-content\/uploads\/2022\/07\/rr_anwschiene_wandelemente_08b-200x133@2x.jpg 400w\" sizes=\"auto, (max-width: 550px) 100vw, 550px\" \/><\/div>\n\t\t<\/figure>\n\t<\/div>\n<\/div><\/div><\/div><\/div><div class=\"vc_row-full-width vc_clearfix\"><\/div><div class=\"vc_row wpb_row vc_row-fluid\"><div class=\"wpb_column vc_column_container vc_col-sm-12\"><div class=\"vc_column-inner\"><div class=\"wpb_wrapper\"><span id=\"creative-link-wrap-1972\" class=\"ult_main_cl ult-adjust-bottom-margin\" >\n\t \t\t\t<span class=\"ult_crlink\" >\n\t\t\t\t\t<a  data-ultimate-target='#creative-link-wrap-1972 .ult_colorlink'  data-responsive-json-new='{\"font-size\":\"\",\"line-height\":\"\"}'  href=\"https:\/\/www.rudolf-rost.de\/fr\/landingpage-hauptseite\/\" title=\"Page d&#039;accueil\"  class=\"ult_colorlink ult-responsive\" style=\"font-weight:normal; \"  data-textcolor=\"#333333\" data-texthover=\"#333333\"data-style=\"\">\n\t\t\t\t\t\t\n\t\t\t\t\t\t<span data-hover=\"zur\u00fcck zur Haupseite\" style=\"color:#333333;;;\" class=\"ult_btn10_span\">Retour \u00e0 la page principale<\/span>\n\t\t\t\t\t\t\n\t\t\t\t\t<\/a>\n\t\t\t\t<\/span>\n\t\t\t<\/span><\/div><\/div><\/div><\/div><div class=\"vc_row wpb_row vc_row-fluid\"><div class=\"wpb_column vc_column_container vc_col-sm-12\"><div class=\"vc_column-inner\"><div class=\"wpb_wrapper\"><div class=\"ult-spacer spacer-69f39f49baa4c\" data-id=\"69f39f49baa4c\" data-height=\"50\" data-height-mobile=\"50\" data-height-tab=\"50\" data-height-tab-portrait=\"\" data-height-mobile-landscape=\"\" style=\"clear:both;display:block;\"><\/div><\/div><\/div><\/div><\/div>\n<\/section>","protected":false},"excerpt":{"rendered":"WAROTEC\u00ae WANDELEMENTE WAROTEC\u00ae comprend des combinaisons de mat\u00e9riaux pour \u00e9l\u00e9ments muraux \u00e0 partir de nos mat\u00e9riaux composites de haute qualit\u00e9 tels que WARO\u00aefoam Classic ou JELMO\u00ae avec des stratifi\u00e9s d\u00e9coratifs. Notre comp\u00e9tence et notre exp\u00e9rience en mati\u00e8re de collage permettent de couvrir diff\u00e9rents domaines d'application. Nous avons ainsi r\u00e9ussi \u00e0 mettre sur le march\u00e9 une cloison WAROTEC\u00ae l\u00e9g\u00e8re, insonoris\u00e9e et difficilement inflammable avec fonction de cloisonnement pour la construction de wagons. Caract\u00e9ristiques [...]","protected":false},"author":9,"featured_media":0,"parent":0,"menu_order":0,"comment_status":"closed","ping_status":"closed","template":"page.php","meta":{"_acf_changed":false,"iawp_total_views":141,"footnotes":""},"folder":[36],"class_list":["post-4239","page","type-page","status-publish","hentry"],"acf":[],"yoast_head":"<!-- This site is optimized with the Yoast SEO plugin v26.6 - https:\/\/yoast.com\/wordpress\/plugins\/seo\/ -->\n<title>Rudolf Rost Sperrholz GmbH | LP_WAROTEC\u00ae Trennw\u00e4nde\/Seitenw\u00e4nde<\/title>\n<meta name=\"robots\" content=\"index, follow, max-snippet:-1, max-image-preview:large, max-video-preview:-1\" \/>\n<link rel=\"canonical\" href=\"https:\/\/www.rudolf-rost.de\/fr\/lp_trennwaende_seitenwaende\/\" \/>\n<meta property=\"og:locale\" content=\"fr_FR\" \/>\n<meta property=\"og:type\" content=\"article\" \/>\n<meta property=\"og:title\" content=\"Rudolf Rost Sperrholz GmbH | LP_WAROTEC\u00ae Trennw\u00e4nde\/Seitenw\u00e4nde\" \/>\n<meta property=\"og:url\" content=\"https:\/\/www.rudolf-rost.de\/fr\/lp_trennwaende_seitenwaende\/\" \/>\n<meta property=\"og:site_name\" content=\"Rudolf Rost Sperrholz GmbH\" \/>\n<meta property=\"article:modified_time\" content=\"2022-09-18T09:29:42+00:00\" \/>\n<meta name=\"twitter:card\" content=\"summary_large_image\" \/>\n<meta name=\"twitter:label1\" content=\"Dur\u00e9e de lecture estim\u00e9e\" \/>\n\t<meta name=\"twitter:data1\" content=\"2 minutes\" \/>\n<script type=\"application\/ld+json\" class=\"yoast-schema-graph\">{\"@context\":\"https:\/\/schema.org\",\"@graph\":[{\"@type\":\"WebPage\",\"@id\":\"https:\/\/www.rudolf-rost.de\/de\/lp_trennwaende_seitenwaende\/\",\"url\":\"https:\/\/www.rudolf-rost.de\/de\/lp_trennwaende_seitenwaende\/\",\"name\":\"Rudolf Rost Sperrholz GmbH | LP_WAROTEC\u00ae Trennw\u00e4nde\/Seitenw\u00e4nde\",\"isPartOf\":{\"@id\":\"https:\/\/www.rudolf-rost.de\/de\/#website\"},\"datePublished\":\"2022-09-14T14:04:14+00:00\",\"dateModified\":\"2022-09-18T09:29:42+00:00\",\"breadcrumb\":{\"@id\":\"https:\/\/www.rudolf-rost.de\/de\/lp_trennwaende_seitenwaende\/#breadcrumb\"},\"inLanguage\":\"fr-FR\",\"potentialAction\":[{\"@type\":\"ReadAction\",\"target\":[\"https:\/\/www.rudolf-rost.de\/de\/lp_trennwaende_seitenwaende\/\"]}]},{\"@type\":\"BreadcrumbList\",\"@id\":\"https:\/\/www.rudolf-rost.de\/de\/lp_trennwaende_seitenwaende\/#breadcrumb\",\"itemListElement\":[{\"@type\":\"ListItem\",\"position\":1,\"name\":\"Startseite\",\"item\":\"https:\/\/www.rudolf-rost.de\/de\/\"},{\"@type\":\"ListItem\",\"position\":2,\"name\":\"LP_WAROTEC\u00ae Trennw\u00e4nde\/Seitenw\u00e4nde\"}]},{\"@type\":\"WebSite\",\"@id\":\"https:\/\/www.rudolf-rost.de\/de\/#website\",\"url\":\"https:\/\/www.rudolf-rost.de\/de\/\",\"name\":\"Rudolf Rost Sperrholz GmbH\",\"description\":\"Materials and Systems for Interiors\",\"publisher\":{\"@id\":\"https:\/\/www.rudolf-rost.de\/de\/#organization\"},\"potentialAction\":[{\"@type\":\"SearchAction\",\"target\":{\"@type\":\"EntryPoint\",\"urlTemplate\":\"https:\/\/www.rudolf-rost.de\/de\/?s={search_term_string}\"},\"query-input\":{\"@type\":\"PropertyValueSpecification\",\"valueRequired\":true,\"valueName\":\"search_term_string\"}}],\"inLanguage\":\"fr-FR\"},{\"@type\":\"Organization\",\"@id\":\"https:\/\/www.rudolf-rost.de\/de\/#organization\",\"name\":\"Rudolf Rost Sperrholz GmbH\",\"url\":\"https:\/\/www.rudolf-rost.de\/de\/\",\"logo\":{\"@type\":\"ImageObject\",\"inLanguage\":\"fr-FR\",\"@id\":\"https:\/\/www.rudolf-rost.de\/de\/#\/schema\/logo\/image\/\",\"url\":\"https:\/\/www.rudolf-rost.de\/wp-content\/uploads\/2022\/05\/cropped-rr_logo_250.png\",\"contentUrl\":\"https:\/\/www.rudolf-rost.de\/wp-content\/uploads\/2022\/05\/cropped-rr_logo_250.png\",\"width\":512,\"height\":512,\"caption\":\"Rudolf Rost Sperrholz GmbH\"},\"image\":{\"@id\":\"https:\/\/www.rudolf-rost.de\/de\/#\/schema\/logo\/image\/\"},\"sameAs\":[\"https:\/\/de.linkedin.com\/company\/rudolf-rost-sperrholz-gmbh\"]}]}<\/script>\n<!-- \/ Yoast SEO plugin. -->","yoast_head_json":{"title":"Rudolf Rost Sperrholz GmbH | LP_WAROTEC\u00ae Trennw\u00e4nde\/Seitenw\u00e4nde","robots":{"index":"index","follow":"follow","max-snippet":"max-snippet:-1","max-image-preview":"max-image-preview:large","max-video-preview":"max-video-preview:-1"},"canonical":"https:\/\/www.rudolf-rost.de\/fr\/lp_trennwaende_seitenwaende\/","og_locale":"fr_FR","og_type":"article","og_title":"Rudolf Rost Sperrholz GmbH | LP_WAROTEC\u00ae Trennw\u00e4nde\/Seitenw\u00e4nde","og_url":"https:\/\/www.rudolf-rost.de\/fr\/lp_trennwaende_seitenwaende\/","og_site_name":"Rudolf Rost Sperrholz GmbH","article_modified_time":"2022-09-18T09:29:42+00:00","twitter_card":"summary_large_image","twitter_misc":{"Dur\u00e9e de lecture estim\u00e9e":"2 minutes"},"schema":{"@context":"https:\/\/schema.org","@graph":[{"@type":"WebPage","@id":"https:\/\/www.rudolf-rost.de\/de\/lp_trennwaende_seitenwaende\/","url":"https:\/\/www.rudolf-rost.de\/de\/lp_trennwaende_seitenwaende\/","name":"Rudolf Rost Sperrholz GmbH | LP_WAROTEC\u00ae Trennw\u00e4nde\/Seitenw\u00e4nde","isPartOf":{"@id":"https:\/\/www.rudolf-rost.de\/de\/#website"},"datePublished":"2022-09-14T14:04:14+00:00","dateModified":"2022-09-18T09:29:42+00:00","breadcrumb":{"@id":"https:\/\/www.rudolf-rost.de\/de\/lp_trennwaende_seitenwaende\/#breadcrumb"},"inLanguage":"fr-FR","potentialAction":[{"@type":"ReadAction","target":["https:\/\/www.rudolf-rost.de\/de\/lp_trennwaende_seitenwaende\/"]}]},{"@type":"BreadcrumbList","@id":"https:\/\/www.rudolf-rost.de\/de\/lp_trennwaende_seitenwaende\/#breadcrumb","itemListElement":[{"@type":"ListItem","position":1,"name":"Startseite","item":"https:\/\/www.rudolf-rost.de\/de\/"},{"@type":"ListItem","position":2,"name":"LP_WAROTEC\u00ae Trennw\u00e4nde\/Seitenw\u00e4nde"}]},{"@type":"WebSite","@id":"https:\/\/www.rudolf-rost.de\/de\/#website","url":"https:\/\/www.rudolf-rost.de\/de\/","name":"Rudolf Rost Sperrholz GmbH","description":"Materials and Systems for Interiors","publisher":{"@id":"https:\/\/www.rudolf-rost.de\/de\/#organization"},"potentialAction":[{"@type":"SearchAction","target":{"@type":"EntryPoint","urlTemplate":"https:\/\/www.rudolf-rost.de\/de\/?s={search_term_string}"},"query-input":{"@type":"PropertyValueSpecification","valueRequired":true,"valueName":"search_term_string"}}],"inLanguage":"fr-FR"},{"@type":"Organization","@id":"https:\/\/www.rudolf-rost.de\/de\/#organization","name":"Rudolf Rost Sperrholz GmbH","url":"https:\/\/www.rudolf-rost.de\/de\/","logo":{"@type":"ImageObject","inLanguage":"fr-FR","@id":"https:\/\/www.rudolf-rost.de\/de\/#\/schema\/logo\/image\/","url":"https:\/\/www.rudolf-rost.de\/wp-content\/uploads\/2022\/05\/cropped-rr_logo_250.png","contentUrl":"https:\/\/www.rudolf-rost.de\/wp-content\/uploads\/2022\/05\/cropped-rr_logo_250.png","width":512,"height":512,"caption":"Rudolf Rost Sperrholz GmbH"},"image":{"@id":"https:\/\/www.rudolf-rost.de\/de\/#\/schema\/logo\/image\/"},"sameAs":["https:\/\/de.linkedin.com\/company\/rudolf-rost-sperrholz-gmbh"]}]}},"_links":{"self":[{"href":"https:\/\/www.rudolf-rost.de\/fr\/wp-json\/wp\/v2\/pages\/4239","targetHints":{"allow":["GET"]}}],"collection":[{"href":"https:\/\/www.rudolf-rost.de\/fr\/wp-json\/wp\/v2\/pages"}],"about":[{"href":"https:\/\/www.rudolf-rost.de\/fr\/wp-json\/wp\/v2\/types\/page"}],"author":[{"embeddable":true,"href":"https:\/\/www.rudolf-rost.de\/fr\/wp-json\/wp\/v2\/users\/9"}],"replies":[{"embeddable":true,"href":"https:\/\/www.rudolf-rost.de\/fr\/wp-json\/wp\/v2\/comments?post=4239"}],"version-history":[{"count":23,"href":"https:\/\/www.rudolf-rost.de\/fr\/wp-json\/wp\/v2\/pages\/4239\/revisions"}],"predecessor-version":[{"id":4396,"href":"https:\/\/www.rudolf-rost.de\/fr\/wp-json\/wp\/v2\/pages\/4239\/revisions\/4396"}],"wp:attachment":[{"href":"https:\/\/www.rudolf-rost.de\/fr\/wp-json\/wp\/v2\/media?parent=4239"}],"wp:term":[{"taxonomy":"folder","embeddable":true,"href":"https:\/\/www.rudolf-rost.de\/fr\/wp-json\/wp\/v2\/folder?post=4239"}],"curies":[{"name":"wp","href":"https:\/\/api.w.org\/{rel}","templated":true}]}}